{"id":17937,"date":"2025-07-30T16:38:53","date_gmt":"2025-07-30T13:38:53","guid":{"rendered":"https:\/\/ceoparts.com\/?post_type=product&#038;p=17937"},"modified":"2026-05-16T13:08:00","modified_gmt":"2026-05-16T10:08:00","slug":"bt-rre-160-ekran-7527401","status":"publish","type":"product","link":"https:\/\/ceoparts.com\/es\/urun\/bt-rre-160-ekran-7527401\/","title":{"rendered":"Pantalla BT RRE160 \u2013 7527401"},"content":{"rendered":"<p>Pantalla BT RRE160 \u2013 7527401<\/p>","protected":false},"excerpt":{"rendered":"<p data-start=\"4008\" data-end=\"4351\">La Pantalla BT RRE 160 7527401 es una unidad de visualizaci\u00f3n de alta calidad utilizada en los sistemas de control de montacargas y maquinaria pesada. Proporciona informaci\u00f3n f\u00e1cilmente legible al usuario y ayuda a que las operaciones de la m\u00e1quina sean m\u00e1s eficientes y seguras. Su construcci\u00f3n duradera garantiza un uso prolongado.<\/p>\n<p data-start=\"4353\" data-end=\"4374\"><strong data-start=\"4353\" data-end=\"4372\">Caracter\u00edsticas<\/strong><\/p>\n<ul data-start=\"4375\" data-end=\"4674\">\n<li data-start=\"4375\" data-end=\"4423\">\n<p data-start=\"4377\" data-end=\"4423\"><strong data-start=\"4377\" data-end=\"4401\">Nombre del producto:<\/strong> Pantalla BT RRE 160<\/p>\n<\/li>\n<li data-start=\"4424\" data-end=\"4456\">\n<p data-start=\"4426\" data-end=\"4456\"><strong data-start=\"4426\" data-end=\"4446\">C\u00f3digo de pieza:<\/strong> 7527401<\/p>\n<\/li>\n<li data-start=\"4457\" data-end=\"4526\">\n<p data-start=\"4459\" data-end=\"4526\"><strong data-start=\"4459\" data-end=\"4472\">Material:<\/strong> Pl\u00e1stico y componentes electr\u00f3nicos de alta calidad<\/p>\n<\/li>\n<li data-start=\"4527\" data-end=\"4611\">\n<p data-start=\"4529\" data-end=\"4611\"><strong data-start=\"4529\" data-end=\"4544\">Aplicaci\u00f3n:<\/strong> Paneles de control de montacargas y maquinaria pesada BT RRE 160<\/p>\n<\/li>\n<li data-start=\"4612\" data-end=\"4674\">\n<p data-start=\"4614\" data-end=\"4674\"><strong data-start=\"4614\" data-end=\"4626\">Ventaja:<\/strong> Interfaz legible, uso seguro, larga vida \u00fatil<\/p>\n<\/li>\n<\/ul>\n","protected":false},"featured_media":17940,"template":"","meta":[],"product_brand":[],"product_cat":[251,431],"product_tag":[],"class_list":{"0":"post-17937","1":"product","2":"type-product","3":"status-publish","4":"has-post-thumbnail","6":"product_cat-bt","7":"product_cat-ekranlar-ve-kartlar","9":"first","10":"instock","11":"taxable","12":"shipping-taxable","13":"purchasable","14":"product-type-simple"},"_links":{"self":[{"href":"https:\/\/ceoparts.com\/es\/wp-json\/wp\/v2\/product\/17937","targetHints":{"allow":["GET"]}}],"collection":[{"href":"https:\/\/ceoparts.com\/es\/wp-json\/wp\/v2\/product"}],"about":[{"href":"https:\/\/ceoparts.com\/es\/wp-json\/wp\/v2\/types\/product"}],"wp:featuredmedia":[{"embeddable":true,"href":"https:\/\/ceoparts.com\/es\/wp-json\/wp\/v2\/media\/17940"}],"wp:attachment":[{"href":"https:\/\/ceoparts.com\/es\/wp-json\/wp\/v2\/media?parent=17937"}],"wp:term":[{"taxonomy":"product_brand","embeddable":true,"href":"https:\/\/ceoparts.com\/es\/wp-json\/wp\/v2\/product_brand?post=17937"},{"taxonomy":"product_cat","embeddable":true,"href":"https:\/\/ceoparts.com\/es\/wp-json\/wp\/v2\/product_cat?post=17937"},{"taxonomy":"product_tag","embeddable":true,"href":"https:\/\/ceoparts.com\/es\/wp-json\/wp\/v2\/product_tag?post=17937"}],"curies":[{"name":"wp","href":"https:\/\/api.w.org\/{rel}","templated":true}]}}