{"id":17941,"date":"2025-07-30T16:56:06","date_gmt":"2025-07-30T13:56:06","guid":{"rendered":"https:\/\/ceoparts.com\/?post_type=product&#038;p=17941"},"modified":"2026-05-16T12:59:39","modified_gmt":"2026-05-16T09:59:39","slug":"gaz-kelebegi-konum-sensoru-3517023500-35170-23500-3517022600-35170-22600","status":"publish","type":"product","link":"https:\/\/ceoparts.com\/es\/urun\/gaz-kelebegi-konum-sensoru-3517023500-35170-23500-3517022600-35170-22600\/","title":{"rendered":"Sensor de posici\u00f3n del acelerador \u2013 3517023500 \/ 35170-23500, 3517022600 \/ 35170-22600"},"content":{"rendered":"<p>Sensor de posici\u00f3n del acelerador \u2013 3517023500 \/ 35170-23500, 3517022600 \/ 35170-22600<\/p>","protected":false},"excerpt":{"rendered":"<p data-start=\"4685\" data-end=\"5045\">El Sensor de Posici\u00f3n del Acelerador 3517023500 \/ 35170-23500, 3517022600, 35170 22600 es un sensor preciso utilizado en los sistemas de control del motor de montacargas y maquinaria pesada. Mide con exactitud la posici\u00f3n del acelerador y optimiza el rendimiento del motor. Sus materiales de alta calidad y dise\u00f1o duradero aseguran un uso prolongado.<\/p>\n<p data-start=\"5047\" data-end=\"5068\"><strong data-start=\"5047\" data-end=\"5066\">Caracter\u00edsticas<\/strong><\/p>\n<ul data-start=\"5069\" data-end=\"5452\">\n<li data-start=\"5069\" data-end=\"5131\">\n<p data-start=\"5071\" data-end=\"5131\"><strong data-start=\"5071\" data-end=\"5095\">Nombre del producto:<\/strong> Sensor de Posici\u00f3n del Acelerador<\/p>\n<\/li>\n<li data-start=\"5132\" data-end=\"5206\">\n<p data-start=\"5134\" data-end=\"5206\"><strong data-start=\"5134\" data-end=\"5154\">C\u00f3digo de pieza:<\/strong> 3517023500 \/ 35170-23500, 3517022600, 35170 22600<\/p>\n<\/li>\n<li data-start=\"5207\" data-end=\"5276\">\n<p data-start=\"5209\" data-end=\"5276\"><strong data-start=\"5209\" data-end=\"5222\">Material:<\/strong> Componentes electr\u00f3nicos y pl\u00e1stico de alta calidad<\/p>\n<\/li>\n<li data-start=\"5277\" data-end=\"5361\">\n<p data-start=\"5279\" data-end=\"5361\"><strong data-start=\"5279\" data-end=\"5294\">Aplicaci\u00f3n:<\/strong> Sistemas de control del motor de montacargas y maquinaria pesada<\/p>\n<\/li>\n<li data-start=\"5362\" data-end=\"5452\">\n<p data-start=\"5364\" data-end=\"5452\"><strong data-start=\"5364\" data-end=\"5376\">Ventaja:<\/strong> Medici\u00f3n precisa, optimizaci\u00f3n del rendimiento del motor, larga vida \u00fatil<\/p>\n<\/li>\n<\/ul>\n","protected":false},"featured_media":17943,"template":"","meta":[],"product_brand":[],"product_cat":[469],"product_tag":[],"class_list":{"0":"post-17941","1":"product","2":"type-product","3":"status-publish","4":"has-post-thumbnail","6":"product_cat-elektrik-ve-sistem-parcalari","8":"first","9":"instock","10":"taxable","11":"shipping-taxable","12":"purchasable","13":"product-type-simple"},"_links":{"self":[{"href":"https:\/\/ceoparts.com\/es\/wp-json\/wp\/v2\/product\/17941","targetHints":{"allow":["GET"]}}],"collection":[{"href":"https:\/\/ceoparts.com\/es\/wp-json\/wp\/v2\/product"}],"about":[{"href":"https:\/\/ceoparts.com\/es\/wp-json\/wp\/v2\/types\/product"}],"wp:featuredmedia":[{"embeddable":true,"href":"https:\/\/ceoparts.com\/es\/wp-json\/wp\/v2\/media\/17943"}],"wp:attachment":[{"href":"https:\/\/ceoparts.com\/es\/wp-json\/wp\/v2\/media?parent=17941"}],"wp:term":[{"taxonomy":"product_brand","embeddable":true,"href":"https:\/\/ceoparts.com\/es\/wp-json\/wp\/v2\/product_brand?post=17941"},{"taxonomy":"product_cat","embeddable":true,"href":"https:\/\/ceoparts.com\/es\/wp-json\/wp\/v2\/product_cat?post=17941"},{"taxonomy":"product_tag","embeddable":true,"href":"https:\/\/ceoparts.com\/es\/wp-json\/wp\/v2\/product_tag?post=17941"}],"curies":[{"name":"wp","href":"https:\/\/api.w.org\/{rel}","templated":true}]}}