{"id":17956,"date":"2025-07-31T10:12:07","date_gmt":"2025-07-31T07:12:07","guid":{"rendered":"https:\/\/ceoparts.com\/?post_type=product&#038;p=17956"},"modified":"2026-05-16T14:27:56","modified_gmt":"2026-05-16T11:27:56","slug":"jungheinrich-pim-51420450","status":"publish","type":"product","link":"https:\/\/ceoparts.com\/es\/urun\/jungheinrich-pim-51420450\/","title":{"rendered":"Pasador Jungheinrich \u2013 51420450"},"content":{"rendered":"<p>Pasador Jungheinrich \u2013 51420450<\/p>","protected":false},"excerpt":{"rendered":"<p data-start=\"3257\" data-end=\"3494\">El Pasador Jungheinrich 51420450 es un componente resistente utilizado para conexi\u00f3n y fijaci\u00f3n en montacargas y maquinaria pesada. Su construcci\u00f3n de alta resistencia garantiza una fijaci\u00f3n segura incluso bajo cargas elevadas.<\/p>\n<p data-start=\"3496\" data-end=\"3517\"><strong data-start=\"3496\" data-end=\"3515\">Caracter\u00edsticas<\/strong><\/p>\n<ul data-start=\"3518\" data-end=\"3791\">\n<li data-start=\"3518\" data-end=\"3567\">\n<p data-start=\"3520\" data-end=\"3567\"><strong data-start=\"3520\" data-end=\"3544\">Nombre del producto:<\/strong> Pasador Jungheinrich<\/p>\n<\/li>\n<li data-start=\"3568\" data-end=\"3601\">\n<p data-start=\"3570\" data-end=\"3601\"><strong data-start=\"3570\" data-end=\"3590\">C\u00f3digo de pieza:<\/strong> 51420450<\/p>\n<\/li>\n<li data-start=\"3602\" data-end=\"3657\">\n<p data-start=\"3604\" data-end=\"3657\"><strong data-start=\"3604\" data-end=\"3617\">Material:<\/strong> Aleaci\u00f3n de acero de alta resistencia<\/p>\n<\/li>\n<li data-start=\"3658\" data-end=\"3722\">\n<p data-start=\"3660\" data-end=\"3722\"><strong data-start=\"3660\" data-end=\"3675\">Aplicaci\u00f3n:<\/strong> Montacargas y maquinaria pesada Jungheinrich<\/p>\n<\/li>\n<li data-start=\"3723\" data-end=\"3791\">\n<p data-start=\"3725\" data-end=\"3791\"><strong data-start=\"3725\" data-end=\"3737\">Ventaja:<\/strong> Alta resistencia, fijaci\u00f3n segura y larga vida \u00fatil<\/p>\n<\/li>\n<\/ul>\n","protected":false},"featured_media":17959,"template":"","meta":[],"product_brand":[],"product_cat":[236,467,522],"product_tag":[],"class_list":{"0":"post-17956","1":"product","2":"type-product","3":"status-publish","4":"has-post-thumbnail","6":"product_cat-jungheinrich","7":"product_cat-mil-grubu","8":"product_cat-yedek-parca-jungheinrich","10":"first","11":"instock","12":"taxable","13":"shipping-taxable","14":"purchasable","15":"product-type-simple"},"_links":{"self":[{"href":"https:\/\/ceoparts.com\/es\/wp-json\/wp\/v2\/product\/17956","targetHints":{"allow":["GET"]}}],"collection":[{"href":"https:\/\/ceoparts.com\/es\/wp-json\/wp\/v2\/product"}],"about":[{"href":"https:\/\/ceoparts.com\/es\/wp-json\/wp\/v2\/types\/product"}],"wp:featuredmedia":[{"embeddable":true,"href":"https:\/\/ceoparts.com\/es\/wp-json\/wp\/v2\/media\/17959"}],"wp:attachment":[{"href":"https:\/\/ceoparts.com\/es\/wp-json\/wp\/v2\/media?parent=17956"}],"wp:term":[{"taxonomy":"product_brand","embeddable":true,"href":"https:\/\/ceoparts.com\/es\/wp-json\/wp\/v2\/product_brand?post=17956"},{"taxonomy":"product_cat","embeddable":true,"href":"https:\/\/ceoparts.com\/es\/wp-json\/wp\/v2\/product_cat?post=17956"},{"taxonomy":"product_tag","embeddable":true,"href":"https:\/\/ceoparts.com\/es\/wp-json\/wp\/v2\/product_tag?post=17956"}],"curies":[{"name":"wp","href":"https:\/\/api.w.org\/{rel}","templated":true}]}}