{"id":17977,"date":"2025-08-01T15:46:50","date_gmt":"2025-08-01T12:46:50","guid":{"rendered":"https:\/\/ceoparts.com\/?post_type=product&#038;p=17977"},"modified":"2026-05-16T17:34:01","modified_gmt":"2026-05-16T14:34:01","slug":"hyundai-arka-bijon-xkcf-00218","status":"publish","type":"product","link":"https:\/\/ceoparts.com\/es\/urun\/hyundai-arka-bijon-xkcf-00218\/","title":{"rendered":"Esp\u00e1rrago de rueda trasera HYUNDAI \u2013 XKCF-00218"},"content":{"rendered":"<p>Esp\u00e1rrago de rueda trasera HYUNDAI \u2013 XKCF-00218<\/p>","protected":false},"excerpt":{"rendered":"<p data-start=\"3492\" data-end=\"3747\">El Esp\u00e1rrago de Rueda Trasera HYUNDAI XKCF-00218 es un componente resistente utilizado en la fijaci\u00f3n de las ruedas traseras de montacargas y maquinaria pesada. Su construcci\u00f3n duradera garantiza una sujeci\u00f3n segura incluso bajo cargas elevadas.<\/p>\n<p data-start=\"3749\" data-end=\"3770\"><strong data-start=\"3749\" data-end=\"3768\">Caracter\u00edsticas<\/strong><\/p>\n<ul data-start=\"3771\" data-end=\"4077\">\n<li data-start=\"3771\" data-end=\"3834\">\n<p data-start=\"3773\" data-end=\"3834\"><strong data-start=\"3773\" data-end=\"3797\">Nombre del producto:<\/strong> HYUNDAI Esp\u00e1rrago de Rueda Trasera<\/p>\n<\/li>\n<li data-start=\"3835\" data-end=\"3870\">\n<p data-start=\"3837\" data-end=\"3870\"><strong data-start=\"3837\" data-end=\"3857\">C\u00f3digo de pieza:<\/strong> XKCF-00218<\/p>\n<\/li>\n<li data-start=\"3871\" data-end=\"3926\">\n<p data-start=\"3873\" data-end=\"3926\"><strong data-start=\"3873\" data-end=\"3886\">Material:<\/strong> Aleaci\u00f3n de acero de alta resistencia<\/p>\n<\/li>\n<li data-start=\"3927\" data-end=\"4005\">\n<p data-start=\"3929\" data-end=\"4005\"><strong data-start=\"3929\" data-end=\"3944\">Aplicaci\u00f3n:<\/strong> Ruedas traseras de montacargas y maquinaria pesada HYUNDAI<\/p>\n<\/li>\n<li data-start=\"4006\" data-end=\"4077\">\n<p data-start=\"4008\" data-end=\"4077\"><strong data-start=\"4008\" data-end=\"4020\">Ventaja:<\/strong> Sujeci\u00f3n confiable, alta resistencia y larga vida \u00fatil<\/p>\n<\/li>\n<\/ul>\n","protected":false},"featured_media":17978,"template":"","meta":[],"product_brand":[],"product_cat":[467],"product_tag":[],"class_list":{"0":"post-17977","1":"product","2":"type-product","3":"status-publish","4":"has-post-thumbnail","6":"product_cat-mil-grubu","8":"first","9":"instock","10":"taxable","11":"shipping-taxable","12":"purchasable","13":"product-type-simple"},"_links":{"self":[{"href":"https:\/\/ceoparts.com\/es\/wp-json\/wp\/v2\/product\/17977","targetHints":{"allow":["GET"]}}],"collection":[{"href":"https:\/\/ceoparts.com\/es\/wp-json\/wp\/v2\/product"}],"about":[{"href":"https:\/\/ceoparts.com\/es\/wp-json\/wp\/v2\/types\/product"}],"wp:featuredmedia":[{"embeddable":true,"href":"https:\/\/ceoparts.com\/es\/wp-json\/wp\/v2\/media\/17978"}],"wp:attachment":[{"href":"https:\/\/ceoparts.com\/es\/wp-json\/wp\/v2\/media?parent=17977"}],"wp:term":[{"taxonomy":"product_brand","embeddable":true,"href":"https:\/\/ceoparts.com\/es\/wp-json\/wp\/v2\/product_brand?post=17977"},{"taxonomy":"product_cat","embeddable":true,"href":"https:\/\/ceoparts.com\/es\/wp-json\/wp\/v2\/product_cat?post=17977"},{"taxonomy":"product_tag","embeddable":true,"href":"https:\/\/ceoparts.com\/es\/wp-json\/wp\/v2\/product_tag?post=17977"}],"curies":[{"name":"wp","href":"https:\/\/api.w.org\/{rel}","templated":true}]}}