{"id":17986,"date":"2025-08-04T15:49:48","date_gmt":"2025-08-04T12:49:48","guid":{"rendered":"https:\/\/ceoparts.com\/?post_type=product&#038;p=17986"},"modified":"2026-05-16T16:15:36","modified_gmt":"2026-05-16T13:15:36","slug":"kursun-aku-kutup-basi","status":"publish","type":"product","link":"https:\/\/ceoparts.com\/es\/urun\/kursun-aku-kutup-basi\/","title":{"rendered":"Terminal positivo para bater\u00eda de plomo (+)"},"content":{"rendered":"<p>Terminal positivo para bater\u00eda de plomo (+)<\/p>","protected":false},"excerpt":{"rendered":"<p data-start=\"3629\" data-end=\"3920\">El Terminal Positivo de Bater\u00eda de Plomo (+) es un componente esencial que garantiza una conexi\u00f3n segura al polo positivo de la bater\u00eda, asegurando el correcto funcionamiento del circuito el\u00e9ctrico. Fabricado con aleaci\u00f3n de plomo puro, ofrece alta conductividad y larga vida \u00fatil.<\/p>\n<p data-start=\"3922\" data-end=\"3943\"><strong data-start=\"3922\" data-end=\"3941\">Caracter\u00edsticas<\/strong><\/p>\n<ul data-start=\"3944\" data-end=\"4257\">\n<li data-start=\"3944\" data-end=\"4014\">\n<p data-start=\"3946\" data-end=\"4014\"><strong data-start=\"3946\" data-end=\"3970\">Nombre del producto:<\/strong> Terminal Positivo de Bater\u00eda de Plomo (+)<\/p>\n<\/li>\n<li data-start=\"4015\" data-end=\"4048\">\n<p data-start=\"4017\" data-end=\"4048\"><strong data-start=\"4017\" data-end=\"4037\">C\u00f3digo de pieza:<\/strong> KB-POS01<\/p>\n<\/li>\n<li data-start=\"4049\" data-end=\"4089\">\n<p data-start=\"4051\" data-end=\"4089\"><strong data-start=\"4051\" data-end=\"4064\">Material:<\/strong> Aleaci\u00f3n de plomo puro<\/p>\n<\/li>\n<li data-start=\"4090\" data-end=\"4175\">\n<p data-start=\"4092\" data-end=\"4175\"><strong data-start=\"4092\" data-end=\"4107\">Aplicaci\u00f3n:<\/strong> Montacargas, maquinaria de construcci\u00f3n y bater\u00edas de autom\u00f3viles<\/p>\n<\/li>\n<li data-start=\"4176\" data-end=\"4257\">\n<p data-start=\"4178\" data-end=\"4257\"><strong data-start=\"4178\" data-end=\"4190\">Ventaja:<\/strong> Alta conductividad, resistencia a la corrosi\u00f3n y larga vida \u00fatil<\/p>\n<\/li>\n<\/ul>\n","protected":false},"featured_media":17997,"template":"","meta":[],"product_brand":[],"product_cat":[443],"product_tag":[],"class_list":{"0":"post-17986","1":"product","2":"type-product","3":"status-publish","4":"has-post-thumbnail","6":"product_cat-aku-parcalari","8":"first","9":"instock","10":"taxable","11":"shipping-taxable","12":"purchasable","13":"product-type-simple"},"_links":{"self":[{"href":"https:\/\/ceoparts.com\/es\/wp-json\/wp\/v2\/product\/17986","targetHints":{"allow":["GET"]}}],"collection":[{"href":"https:\/\/ceoparts.com\/es\/wp-json\/wp\/v2\/product"}],"about":[{"href":"https:\/\/ceoparts.com\/es\/wp-json\/wp\/v2\/types\/product"}],"wp:featuredmedia":[{"embeddable":true,"href":"https:\/\/ceoparts.com\/es\/wp-json\/wp\/v2\/media\/17997"}],"wp:attachment":[{"href":"https:\/\/ceoparts.com\/es\/wp-json\/wp\/v2\/media?parent=17986"}],"wp:term":[{"taxonomy":"product_brand","embeddable":true,"href":"https:\/\/ceoparts.com\/es\/wp-json\/wp\/v2\/product_brand?post=17986"},{"taxonomy":"product_cat","embeddable":true,"href":"https:\/\/ceoparts.com\/es\/wp-json\/wp\/v2\/product_cat?post=17986"},{"taxonomy":"product_tag","embeddable":true,"href":"https:\/\/ceoparts.com\/es\/wp-json\/wp\/v2\/product_tag?post=17986"}],"curies":[{"name":"wp","href":"https:\/\/api.w.org\/{rel}","templated":true}]}}