{"id":17992,"date":"2025-08-04T16:04:30","date_gmt":"2025-08-04T13:04:30","guid":{"rendered":"https:\/\/ceoparts.com\/?post_type=product&#038;p=17992"},"modified":"2026-05-16T13:24:32","modified_gmt":"2026-05-16T10:24:32","slug":"kursun-aku-kutup-basi-eksi","status":"publish","type":"product","link":"https:\/\/ceoparts.com\/es\/urun\/kursun-aku-kutup-basi-eksi\/","title":{"rendered":"Terminal positivo para bater\u00eda de plomo (-)"},"content":{"rendered":"<p>Terminal positivo para bater\u00eda de plomo (-)<\/p>","protected":false},"excerpt":{"rendered":"<p>\u00dcr\u00fcn Ad\u0131: Kur\u015fun Ak\u00fc Kutup Ba\u015f\u0131 (-) \u2013 Ak\u00fcn\u00fcn negatif kutup ba\u011flant\u0131s\u0131n\u0131 sa\u011flayan dayan\u0131kl\u0131 ve g\u00fcvenli bir ba\u011flant\u0131 par\u00e7as\u0131d\u0131r.<br data-start=\"290\" data-end=\"293\" \/>Par\u00e7a Kodu: (\u00dcr\u00fcn kodu buraya girilebilir) \u2013 Stok ve sipari\u015f takibi i\u00e7in kullan\u0131lan benzersiz \u00fcr\u00fcn kodu.<br data-start=\"397\" data-end=\"400\" \/>Malzeme: Y\u00fcksek kaliteli kur\u015fun ala\u015f\u0131m\u0131 \u2013 Elektrik iletkenli\u011fi y\u00fcksek, korozyona dayan\u0131kl\u0131 malzeme.<br data-start=\"499\" data-end=\"502\" \/>Kullan\u0131m Alan\u0131: Ara\u00e7 ak\u00fcleri ve end\u00fcstriyel ak\u00fc sistemleri \u2013 Binek ara\u00e7lardan i\u015f makinelerine kadar t\u00fcm ak\u00fc sistemlerinde g\u00fcvenli ba\u011flant\u0131 sa\u011flar.<br data-start=\"648\" data-end=\"651\" \/>Avantaj: G\u00fcvenli ve uzun \u00f6m\u00fcrl\u00fc ba\u011flant\u0131 \u2013 Elektriksel ar\u0131za riskini azalt\u0131r ve bak\u0131m gereksinimini minimuma indirir.<\/p>\n","protected":false},"featured_media":17998,"template":"","meta":[],"product_brand":[],"product_cat":[443],"product_tag":[],"class_list":{"0":"post-17992","1":"product","2":"type-product","3":"status-publish","4":"has-post-thumbnail","6":"product_cat-aku-parcalari","8":"first","9":"instock","10":"taxable","11":"shipping-taxable","12":"purchasable","13":"product-type-simple"},"_links":{"self":[{"href":"https:\/\/ceoparts.com\/es\/wp-json\/wp\/v2\/product\/17992","targetHints":{"allow":["GET"]}}],"collection":[{"href":"https:\/\/ceoparts.com\/es\/wp-json\/wp\/v2\/product"}],"about":[{"href":"https:\/\/ceoparts.com\/es\/wp-json\/wp\/v2\/types\/product"}],"wp:featuredmedia":[{"embeddable":true,"href":"https:\/\/ceoparts.com\/es\/wp-json\/wp\/v2\/media\/17998"}],"wp:attachment":[{"href":"https:\/\/ceoparts.com\/es\/wp-json\/wp\/v2\/media?parent=17992"}],"wp:term":[{"taxonomy":"product_brand","embeddable":true,"href":"https:\/\/ceoparts.com\/es\/wp-json\/wp\/v2\/product_brand?post=17992"},{"taxonomy":"product_cat","embeddable":true,"href":"https:\/\/ceoparts.com\/es\/wp-json\/wp\/v2\/product_cat?post=17992"},{"taxonomy":"product_tag","embeddable":true,"href":"https:\/\/ceoparts.com\/es\/wp-json\/wp\/v2\/product_tag?post=17992"}],"curies":[{"name":"wp","href":"https:\/\/api.w.org\/{rel}","templated":true}]}}