{"id":18005,"date":"2025-08-05T10:40:24","date_gmt":"2025-08-05T07:40:24","guid":{"rendered":"https:\/\/ceoparts.com\/?post_type=product&#038;p=18005"},"modified":"2026-05-16T16:33:10","modified_gmt":"2026-05-16T13:33:10","slug":"albright-kontaktor-sw180-48v","status":"publish","type":"product","link":"https:\/\/ceoparts.com\/es\/urun\/albright-kontaktor-sw180-48v\/","title":{"rendered":"Contactor Albright SW180 48V"},"content":{"rendered":"<p>Contactor Albright SW180 48V<\/p>","protected":false},"excerpt":{"rendered":"<p data-start=\"3521\" data-end=\"3763\">El Contacto Albright SW180 48V es un componente confiable utilizado para la conmutaci\u00f3n de alta corriente en montacargas y m\u00e1quinas industriales. Su estructura resistente garantiza un uso prolongado y un mejor rendimiento el\u00e9ctrico.<\/p>\n<p data-start=\"3765\" data-end=\"3786\"><strong data-start=\"3765\" data-end=\"3784\">Caracter\u00edsticas<\/strong><\/p>\n<ul data-start=\"3787\" data-end=\"4079\">\n<li data-start=\"3787\" data-end=\"3843\">\n<p data-start=\"3789\" data-end=\"3843\"><strong data-start=\"3789\" data-end=\"3813\">Nombre del producto:<\/strong> Contacto Albright SW180 48V<\/p>\n<\/li>\n<li data-start=\"3844\" data-end=\"3876\">\n<p data-start=\"3846\" data-end=\"3876\"><strong data-start=\"3846\" data-end=\"3866\">C\u00f3digo de pieza:<\/strong> 180-48V<\/p>\n<\/li>\n<li data-start=\"3877\" data-end=\"3942\">\n<p data-start=\"3879\" data-end=\"3942\"><strong data-start=\"3879\" data-end=\"3892\">Material:<\/strong> Cobre de alta conductividad y aleaci\u00f3n duradera<\/p>\n<\/li>\n<li data-start=\"3943\" data-end=\"3998\">\n<p data-start=\"3945\" data-end=\"3998\"><strong data-start=\"3945\" data-end=\"3960\">Aplicaci\u00f3n:<\/strong> Montacargas y m\u00e1quinas industriales<\/p>\n<\/li>\n<li data-start=\"3999\" data-end=\"4079\">\n<p data-start=\"4001\" data-end=\"4079\"><strong data-start=\"4001\" data-end=\"4013\">Ventaja:<\/strong> Alta capacidad de corriente, larga vida \u00fatil y operaci\u00f3n segura<\/p>\n<\/li>\n<\/ul>\n","protected":false},"featured_media":18006,"template":"","meta":[],"product_brand":[],"product_cat":[462],"product_tag":[],"class_list":{"0":"post-18005","1":"product","2":"type-product","3":"status-publish","4":"has-post-thumbnail","6":"product_cat-kontaktorler","8":"first","9":"instock","10":"taxable","11":"shipping-taxable","12":"purchasable","13":"product-type-simple"},"_links":{"self":[{"href":"https:\/\/ceoparts.com\/es\/wp-json\/wp\/v2\/product\/18005","targetHints":{"allow":["GET"]}}],"collection":[{"href":"https:\/\/ceoparts.com\/es\/wp-json\/wp\/v2\/product"}],"about":[{"href":"https:\/\/ceoparts.com\/es\/wp-json\/wp\/v2\/types\/product"}],"wp:featuredmedia":[{"embeddable":true,"href":"https:\/\/ceoparts.com\/es\/wp-json\/wp\/v2\/media\/18006"}],"wp:attachment":[{"href":"https:\/\/ceoparts.com\/es\/wp-json\/wp\/v2\/media?parent=18005"}],"wp:term":[{"taxonomy":"product_brand","embeddable":true,"href":"https:\/\/ceoparts.com\/es\/wp-json\/wp\/v2\/product_brand?post=18005"},{"taxonomy":"product_cat","embeddable":true,"href":"https:\/\/ceoparts.com\/es\/wp-json\/wp\/v2\/product_cat?post=18005"},{"taxonomy":"product_tag","embeddable":true,"href":"https:\/\/ceoparts.com\/es\/wp-json\/wp\/v2\/product_tag?post=18005"}],"curies":[{"name":"wp","href":"https:\/\/api.w.org\/{rel}","templated":true}]}}