{"id":18018,"date":"2025-08-05T13:38:31","date_gmt":"2025-08-05T10:38:31","guid":{"rendered":"https:\/\/ceoparts.com\/?post_type=product&#038;p=18018"},"modified":"2026-05-16T18:47:33","modified_gmt":"2026-05-16T15:47:33","slug":"linde-kaldirma-pistonu-l16-1804902847","status":"publish","type":"product","link":"https:\/\/ceoparts.com\/es\/urun\/linde-kaldirma-pistonu-l16-1804902847\/","title":{"rendered":"Cilindro de elevaci\u00f3n Linde L16 \u2013 1804902847"},"content":{"rendered":"<p>Cilindro de elevaci\u00f3n Linde L16 \u2013 1804902847<\/p>","protected":false},"excerpt":{"rendered":"<p data-start=\"3906\" data-end=\"4322\"><strong data-start=\"3906\" data-end=\"3950\">Pist\u00f3n de Elevaci\u00f3n Linde L16-1804902847<\/strong> es un repuesto original que garantiza el funcionamiento seguro y eficiente del mecanismo de elevaci\u00f3n en los montacargas Linde. Con su dise\u00f1o resistente a alta presi\u00f3n, eleva cargas pesadas de manera segura y ofrece una larga vida \u00fatil. Especialmente en operaciones de almac\u00e9n intensivas, mejora el rendimiento del montacargas y reduce las necesidades de mantenimiento.<\/p>\n<p data-start=\"4324\" data-end=\"4346\"><strong data-start=\"4324\" data-end=\"4344\">Caracter\u00edsticas:<\/strong><\/p>\n<ul data-start=\"4347\" data-end=\"4676\">\n<li data-start=\"4347\" data-end=\"4401\">\n<p data-start=\"4349\" data-end=\"4401\"><strong data-start=\"4349\" data-end=\"4373\">Nombre del producto:<\/strong> Pist\u00f3n de Elevaci\u00f3n Linde<\/p>\n<\/li>\n<li data-start=\"4402\" data-end=\"4441\">\n<p data-start=\"4404\" data-end=\"4441\"><strong data-start=\"4404\" data-end=\"4424\">C\u00f3digo de pieza:<\/strong> L16-1804902847<\/p>\n<\/li>\n<li data-start=\"4442\" data-end=\"4526\">\n<p data-start=\"4444\" data-end=\"4526\"><strong data-start=\"4444\" data-end=\"4457\">Material:<\/strong> Cuerpo de acero resistente a alta presi\u00f3n y componentes de sellado<\/p>\n<\/li>\n<li data-start=\"4527\" data-end=\"4590\">\n<p data-start=\"4529\" data-end=\"4590\"><strong data-start=\"4529\" data-end=\"4544\">Aplicaci\u00f3n:<\/strong> Mecanismo de elevaci\u00f3n de montacargas Linde<\/p>\n<\/li>\n<li data-start=\"4591\" data-end=\"4676\">\n<p data-start=\"4593\" data-end=\"4676\"><strong data-start=\"4593\" data-end=\"4605\">Ventaja:<\/strong> Potencia de elevaci\u00f3n confiable, larga vida \u00fatil, bajo mantenimiento<\/p>\n<\/li>\n<\/ul>\n","protected":false},"featured_media":18019,"template":"","meta":[],"product_brand":[],"product_cat":[246,251,470,518,523],"product_tag":[],"class_list":{"0":"post-18018","1":"product","2":"type-product","3":"status-publish","4":"has-post-thumbnail","6":"product_cat-linde","7":"product_cat-bt","8":"product_cat-diger-yedek-parcalar","9":"product_cat-yedek-parca-bt","10":"product_cat-yedek-parca-linde","12":"first","13":"instock","14":"taxable","15":"shipping-taxable","16":"purchasable","17":"product-type-simple"},"_links":{"self":[{"href":"https:\/\/ceoparts.com\/es\/wp-json\/wp\/v2\/product\/18018","targetHints":{"allow":["GET"]}}],"collection":[{"href":"https:\/\/ceoparts.com\/es\/wp-json\/wp\/v2\/product"}],"about":[{"href":"https:\/\/ceoparts.com\/es\/wp-json\/wp\/v2\/types\/product"}],"wp:featuredmedia":[{"embeddable":true,"href":"https:\/\/ceoparts.com\/es\/wp-json\/wp\/v2\/media\/18019"}],"wp:attachment":[{"href":"https:\/\/ceoparts.com\/es\/wp-json\/wp\/v2\/media?parent=18018"}],"wp:term":[{"taxonomy":"product_brand","embeddable":true,"href":"https:\/\/ceoparts.com\/es\/wp-json\/wp\/v2\/product_brand?post=18018"},{"taxonomy":"product_cat","embeddable":true,"href":"https:\/\/ceoparts.com\/es\/wp-json\/wp\/v2\/product_cat?post=18018"},{"taxonomy":"product_tag","embeddable":true,"href":"https:\/\/ceoparts.com\/es\/wp-json\/wp\/v2\/product_tag?post=18018"}],"curies":[{"name":"wp","href":"https:\/\/api.w.org\/{rel}","templated":true}]}}