{"id":18035,"date":"2025-08-05T15:16:58","date_gmt":"2025-08-05T12:16:58","guid":{"rendered":"https:\/\/ceoparts.com\/?post_type=product&#038;p=18035"},"modified":"2026-05-16T16:33:05","modified_gmt":"2026-05-16T13:33:05","slug":"crown-forklift-amortisor-kolu","status":"publish","type":"product","link":"https:\/\/ceoparts.com\/es\/urun\/crown-forklift-amortisor-kolu\/","title":{"rendered":"Brazo amortiguador para montacargas Crown &#8211; 129719"},"content":{"rendered":"<p>Brazo amortiguador para montacargas Crown &#8211; 129719<\/p>","protected":false},"excerpt":{"rendered":"<p data-start=\"4298\" data-end=\"4763\"><strong data-start=\"4298\" data-end=\"4343\">Brazo Amortiguador para Montacargas Crown<\/strong> es una pieza de repuesto resistente y duradera, dise\u00f1ada para reducir las vibraciones y los impactos en los montacargas. Este componente garantiza un funcionamiento m\u00e1s estable, seguro y c\u00f3modo, especialmente en almacenes y \u00e1reas log\u00edsticas con alta carga de trabajo. Al minimizar las sacudidas durante la manipulaci\u00f3n de cargas, protege tanto la seguridad del operador como los componentes mec\u00e1nicos del montacargas.<\/p>\n<p data-start=\"4765\" data-end=\"4787\"><strong data-start=\"4765\" data-end=\"4785\">Caracter\u00edsticas:<\/strong><\/p>\n<ul data-start=\"4788\" data-end=\"5166\">\n<li data-start=\"4788\" data-end=\"4858\">\n<p data-start=\"4790\" data-end=\"4858\"><strong data-start=\"4790\" data-end=\"4814\">Nombre del producto:<\/strong> Brazo Amortiguador para Montacargas Crown<\/p>\n<\/li>\n<li data-start=\"4859\" data-end=\"4899\">\n<p data-start=\"4861\" data-end=\"4899\"><strong data-start=\"4861\" data-end=\"4881\">C\u00f3digo de pieza:<\/strong> No especificado<\/p>\n<\/li>\n<li data-start=\"4900\" data-end=\"4967\">\n<p data-start=\"4902\" data-end=\"4967\"><strong data-start=\"4902\" data-end=\"4915\">Material:<\/strong> Metal de alta resistencia y componentes de caucho<\/p>\n<\/li>\n<li data-start=\"4968\" data-end=\"5055\">\n<p data-start=\"4970\" data-end=\"5055\"><strong data-start=\"4970\" data-end=\"4985\">Aplicaci\u00f3n:<\/strong> Brazo amortiguador de vibraciones e impactos para montacargas Crown<\/p>\n<\/li>\n<li data-start=\"5056\" data-end=\"5166\">\n<p data-start=\"5058\" data-end=\"5166\"><strong data-start=\"5058\" data-end=\"5070\">Ventaja:<\/strong> Reduce las vibraciones, asegura un uso seguro y c\u00f3modo, prolonga la vida \u00fatil del montacargas<\/p>\n<\/li>\n<\/ul>\n","protected":false},"featured_media":18037,"template":"","meta":[],"product_brand":[],"product_cat":[272,470,519],"product_tag":[],"class_list":{"0":"post-18035","1":"product","2":"type-product","3":"status-publish","4":"has-post-thumbnail","6":"product_cat-crown","7":"product_cat-diger-yedek-parcalar","8":"product_cat-yedek-parca-crown","10":"first","11":"instock","12":"taxable","13":"shipping-taxable","14":"purchasable","15":"product-type-simple"},"_links":{"self":[{"href":"https:\/\/ceoparts.com\/es\/wp-json\/wp\/v2\/product\/18035","targetHints":{"allow":["GET"]}}],"collection":[{"href":"https:\/\/ceoparts.com\/es\/wp-json\/wp\/v2\/product"}],"about":[{"href":"https:\/\/ceoparts.com\/es\/wp-json\/wp\/v2\/types\/product"}],"wp:featuredmedia":[{"embeddable":true,"href":"https:\/\/ceoparts.com\/es\/wp-json\/wp\/v2\/media\/18037"}],"wp:attachment":[{"href":"https:\/\/ceoparts.com\/es\/wp-json\/wp\/v2\/media?parent=18035"}],"wp:term":[{"taxonomy":"product_brand","embeddable":true,"href":"https:\/\/ceoparts.com\/es\/wp-json\/wp\/v2\/product_brand?post=18035"},{"taxonomy":"product_cat","embeddable":true,"href":"https:\/\/ceoparts.com\/es\/wp-json\/wp\/v2\/product_cat?post=18035"},{"taxonomy":"product_tag","embeddable":true,"href":"https:\/\/ceoparts.com\/es\/wp-json\/wp\/v2\/product_tag?post=18035"}],"curies":[{"name":"wp","href":"https:\/\/api.w.org\/{rel}","templated":true}]}}