{"id":18474,"date":"2025-09-30T13:46:37","date_gmt":"2025-09-30T10:46:37","guid":{"rendered":"https:\/\/ceoparts.com\/?post_type=product&#038;p=18474"},"modified":"2026-05-03T04:03:34","modified_gmt":"2026-05-03T01:03:34","slug":"jungheinrich-kapak-51203365","status":"publish","type":"product","link":"https:\/\/ceoparts.com\/es\/urun\/jungheinrich-kapak-51203365\/","title":{"rendered":"Cubierta Jungheinrich &#8211; 51203365"},"content":{"rendered":"<p>Cubierta Jungheinrich &#8211; 51203365<\/p>","protected":false},"excerpt":{"rendered":"<p data-start=\"2821\" data-end=\"3016\"><strong data-start=\"2821\" data-end=\"2853\">Tapa Jungheinrich \u2013 51203365<\/strong> est\u00e1 dise\u00f1ada para la protecci\u00f3n y cierre seguro en carretillas elevadoras y equipos de almac\u00e9n. Su material de alta calidad garantiza un uso duradero y seguro.<\/p>\n<p data-start=\"3018\" data-end=\"3040\"><strong data-start=\"3018\" data-end=\"3038\">Caracter\u00edsticas:<\/strong><\/p>\n<ul data-start=\"3041\" data-end=\"3342\">\n<li data-start=\"3041\" data-end=\"3087\">\n<p data-start=\"3043\" data-end=\"3087\"><strong data-start=\"3043\" data-end=\"3067\">Nombre del producto:<\/strong> Tapa Jungheinrich<\/p>\n<\/li>\n<li data-start=\"3088\" data-end=\"3121\">\n<p data-start=\"3090\" data-end=\"3121\"><strong data-start=\"3090\" data-end=\"3110\">C\u00f3digo de pieza:<\/strong> 51203365<\/p>\n<\/li>\n<li data-start=\"3122\" data-end=\"3177\">\n<p data-start=\"3124\" data-end=\"3177\"><strong data-start=\"3124\" data-end=\"3137\">Material:<\/strong> Pl\u00e1stico duradero o aleaci\u00f3n met\u00e1lica<\/p>\n<\/li>\n<li data-start=\"3178\" data-end=\"3266\">\n<p data-start=\"3180\" data-end=\"3266\"><strong data-start=\"3180\" data-end=\"3195\">Aplicaci\u00f3n:<\/strong> Protecci\u00f3n y cierre para carretillas elevadoras y equipos de almac\u00e9n<\/p>\n<\/li>\n<li data-start=\"3267\" data-end=\"3342\">\n<p data-start=\"3269\" data-end=\"3342\"><strong data-start=\"3269\" data-end=\"3282\">Ventajas:<\/strong> Construcci\u00f3n duradera, uso seguro, rendimiento prolongado<\/p>\n<\/li>\n<\/ul>\n","protected":false},"featured_media":18475,"template":"","meta":[],"product_brand":[],"product_cat":[472,236,522],"product_tag":[],"class_list":{"0":"post-18474","1":"product","2":"type-product","3":"status-publish","4":"has-post-thumbnail","6":"product_cat-kaporta-aksami","7":"product_cat-jungheinrich","8":"product_cat-yedek-parca-jungheinrich","10":"first","11":"instock","12":"taxable","13":"shipping-taxable","14":"purchasable","15":"product-type-simple"},"_links":{"self":[{"href":"https:\/\/ceoparts.com\/es\/wp-json\/wp\/v2\/product\/18474","targetHints":{"allow":["GET"]}}],"collection":[{"href":"https:\/\/ceoparts.com\/es\/wp-json\/wp\/v2\/product"}],"about":[{"href":"https:\/\/ceoparts.com\/es\/wp-json\/wp\/v2\/types\/product"}],"wp:featuredmedia":[{"embeddable":true,"href":"https:\/\/ceoparts.com\/es\/wp-json\/wp\/v2\/media\/18475"}],"wp:attachment":[{"href":"https:\/\/ceoparts.com\/es\/wp-json\/wp\/v2\/media?parent=18474"}],"wp:term":[{"taxonomy":"product_brand","embeddable":true,"href":"https:\/\/ceoparts.com\/es\/wp-json\/wp\/v2\/product_brand?post=18474"},{"taxonomy":"product_cat","embeddable":true,"href":"https:\/\/ceoparts.com\/es\/wp-json\/wp\/v2\/product_cat?post=18474"},{"taxonomy":"product_tag","embeddable":true,"href":"https:\/\/ceoparts.com\/es\/wp-json\/wp\/v2\/product_tag?post=18474"}],"curies":[{"name":"wp","href":"https:\/\/api.w.org\/{rel}","templated":true}]}}