{"id":18484,"date":"2025-09-30T14:29:44","date_gmt":"2025-09-30T11:29:44","guid":{"rendered":"https:\/\/ceoparts.com\/?post_type=product&#038;p=18484"},"modified":"2026-05-03T03:01:38","modified_gmt":"2026-05-03T00:01:38","slug":"jungheinrich-ece-catal-mekanizma-50009292","status":"publish","type":"product","link":"https:\/\/ceoparts.com\/es\/urun\/jungheinrich-ece-catal-mekanizma-50009292\/","title":{"rendered":"Mecanismo de horquilla Jungheinrich ECE \u2013 50009292"},"content":{"rendered":"<p>Mecanismo de horquilla Jungheinrich ECE \u2013 50009292<\/p>","protected":false},"excerpt":{"rendered":"<p data-start=\"3093\" data-end=\"3351\"><strong data-start=\"3093\" data-end=\"3147\">Mecanismo de Horquilla Jungheinrich ECE \u2013 50009292<\/strong> est\u00e1 dise\u00f1ado para operaciones de elevaci\u00f3n y manejo de cargas en carretillas elevadoras. Su construcci\u00f3n robusta garantiza un rendimiento seguro y duradero incluso en condiciones de trabajo exigentes.<\/p>\n<p data-start=\"3353\" data-end=\"3375\"><strong data-start=\"3353\" data-end=\"3373\">Caracter\u00edsticas:<\/strong><\/p>\n<ul data-start=\"3376\" data-end=\"3716\">\n<li data-start=\"3376\" data-end=\"3444\">\n<p data-start=\"3378\" data-end=\"3444\"><strong data-start=\"3378\" data-end=\"3402\">Nombre del producto:<\/strong> Mecanismo de Horquilla Jungheinrich ECE<\/p>\n<\/li>\n<li data-start=\"3445\" data-end=\"3478\">\n<p data-start=\"3447\" data-end=\"3478\"><strong data-start=\"3447\" data-end=\"3467\">C\u00f3digo de pieza:<\/strong> 50009292<\/p>\n<\/li>\n<li data-start=\"3479\" data-end=\"3534\">\n<p data-start=\"3481\" data-end=\"3534\"><strong data-start=\"3481\" data-end=\"3494\">Material:<\/strong> Aleaci\u00f3n met\u00e1lica de alta resistencia<\/p>\n<\/li>\n<li data-start=\"3535\" data-end=\"3615\">\n<p data-start=\"3537\" data-end=\"3615\"><strong data-start=\"3537\" data-end=\"3552\">Aplicaci\u00f3n:<\/strong> Elevaci\u00f3n y manipulaci\u00f3n de cargas en carretillas elevadoras<\/p>\n<\/li>\n<li data-start=\"3616\" data-end=\"3716\">\n<p data-start=\"3618\" data-end=\"3716\"><strong data-start=\"3618\" data-end=\"3631\">Ventajas:<\/strong> Construcci\u00f3n resistente, uso seguro en condiciones exigentes, rendimiento duradero<\/p>\n<\/li>\n<\/ul>\n","protected":false},"featured_media":18489,"template":"","meta":[],"product_brand":[],"product_cat":[406,408,522,236],"product_tag":[],"class_list":{"0":"post-18484","1":"product","2":"type-product","3":"status-publish","4":"has-post-thumbnail","6":"product_cat-catal-mekanizma","7":"product_cat-jungheinrich-catal-mekanizma","8":"product_cat-yedek-parca-jungheinrich","9":"product_cat-jungheinrich","11":"first","12":"instock","13":"taxable","14":"shipping-taxable","15":"purchasable","16":"product-type-simple"},"_links":{"self":[{"href":"https:\/\/ceoparts.com\/es\/wp-json\/wp\/v2\/product\/18484","targetHints":{"allow":["GET"]}}],"collection":[{"href":"https:\/\/ceoparts.com\/es\/wp-json\/wp\/v2\/product"}],"about":[{"href":"https:\/\/ceoparts.com\/es\/wp-json\/wp\/v2\/types\/product"}],"wp:featuredmedia":[{"embeddable":true,"href":"https:\/\/ceoparts.com\/es\/wp-json\/wp\/v2\/media\/18489"}],"wp:attachment":[{"href":"https:\/\/ceoparts.com\/es\/wp-json\/wp\/v2\/media?parent=18484"}],"wp:term":[{"taxonomy":"product_brand","embeddable":true,"href":"https:\/\/ceoparts.com\/es\/wp-json\/wp\/v2\/product_brand?post=18484"},{"taxonomy":"product_cat","embeddable":true,"href":"https:\/\/ceoparts.com\/es\/wp-json\/wp\/v2\/product_cat?post=18484"},{"taxonomy":"product_tag","embeddable":true,"href":"https:\/\/ceoparts.com\/es\/wp-json\/wp\/v2\/product_tag?post=18484"}],"curies":[{"name":"wp","href":"https:\/\/api.w.org\/{rel}","templated":true}]}}