{"id":18490,"date":"2025-09-30T15:24:22","date_gmt":"2025-09-30T12:24:22","guid":{"rendered":"https:\/\/ceoparts.com\/?post_type=product&#038;p=18490"},"modified":"2026-05-03T02:33:45","modified_gmt":"2026-05-02T23:33:45","slug":"linde-hortum-0009573191","status":"publish","type":"product","link":"https:\/\/ceoparts.com\/es\/urun\/linde-hortum-0009573191\/","title":{"rendered":"Manguera Linde \u2013 0009573191"},"content":{"rendered":"<p>Manguera Linde \u2013 0009573191<\/p>","protected":false},"excerpt":{"rendered":"<p data-start=\"2926\" data-end=\"3160\"><strong data-start=\"2926\" data-end=\"2957\">Linde Manguera \u2013 0009573191<\/strong> est\u00e1 dise\u00f1ada para la transferencia de l\u00edquidos o gases en carretillas elevadoras y equipos de almac\u00e9n. Su construcci\u00f3n resistente garantiza un uso seguro y eficiente incluso en condiciones exigentes.<\/p>\n<p data-start=\"3162\" data-end=\"3184\"><strong data-start=\"3162\" data-end=\"3182\">Caracter\u00edsticas:<\/strong><\/p>\n<ul data-start=\"3185\" data-end=\"3484\">\n<li data-start=\"3185\" data-end=\"3228\">\n<p data-start=\"3187\" data-end=\"3228\"><strong data-start=\"3187\" data-end=\"3211\">Nombre del producto:<\/strong> Linde Manguera<\/p>\n<\/li>\n<li data-start=\"3229\" data-end=\"3264\">\n<p data-start=\"3231\" data-end=\"3264\"><strong data-start=\"3231\" data-end=\"3251\">C\u00f3digo de pieza:<\/strong> 0009573191<\/p>\n<\/li>\n<li data-start=\"3265\" data-end=\"3322\">\n<p data-start=\"3267\" data-end=\"3322\"><strong data-start=\"3267\" data-end=\"3280\">Material:<\/strong> Pl\u00e1stico duradero con refuerzo met\u00e1lico<\/p>\n<\/li>\n<li data-start=\"3323\" data-end=\"3425\">\n<p data-start=\"3325\" data-end=\"3425\"><strong data-start=\"3325\" data-end=\"3340\">Aplicaci\u00f3n:<\/strong> Transferencia de l\u00edquidos o gases para carretillas elevadoras y equipos de almac\u00e9n<\/p>\n<\/li>\n<li data-start=\"3426\" data-end=\"3484\">\n<p data-start=\"3428\" data-end=\"3484\"><strong data-start=\"3428\" data-end=\"3441\">Ventajas:<\/strong> Alta durabilidad, uso seguro y eficiente<\/p>\n<\/li>\n<\/ul>\n","protected":false},"featured_media":18494,"template":"","meta":[],"product_brand":[],"product_cat":[470],"product_tag":[],"class_list":{"0":"post-18490","1":"product","2":"type-product","3":"status-publish","4":"has-post-thumbnail","6":"product_cat-diger-yedek-parcalar","8":"first","9":"instock","10":"taxable","11":"shipping-taxable","12":"purchasable","13":"product-type-simple"},"_links":{"self":[{"href":"https:\/\/ceoparts.com\/es\/wp-json\/wp\/v2\/product\/18490","targetHints":{"allow":["GET"]}}],"collection":[{"href":"https:\/\/ceoparts.com\/es\/wp-json\/wp\/v2\/product"}],"about":[{"href":"https:\/\/ceoparts.com\/es\/wp-json\/wp\/v2\/types\/product"}],"wp:featuredmedia":[{"embeddable":true,"href":"https:\/\/ceoparts.com\/es\/wp-json\/wp\/v2\/media\/18494"}],"wp:attachment":[{"href":"https:\/\/ceoparts.com\/es\/wp-json\/wp\/v2\/media?parent=18490"}],"wp:term":[{"taxonomy":"product_brand","embeddable":true,"href":"https:\/\/ceoparts.com\/es\/wp-json\/wp\/v2\/product_brand?post=18490"},{"taxonomy":"product_cat","embeddable":true,"href":"https:\/\/ceoparts.com\/es\/wp-json\/wp\/v2\/product_cat?post=18490"},{"taxonomy":"product_tag","embeddable":true,"href":"https:\/\/ceoparts.com\/es\/wp-json\/wp\/v2\/product_tag?post=18490"}],"curies":[{"name":"wp","href":"https:\/\/api.w.org\/{rel}","templated":true}]}}