{"id":18503,"date":"2025-09-30T16:02:19","date_gmt":"2025-09-30T13:02:19","guid":{"rendered":"https:\/\/ceoparts.com\/?post_type=product&#038;p=18503"},"modified":"2026-05-03T03:32:04","modified_gmt":"2026-05-03T00:32:04","slug":"linde-esnek-sekillendirilmis-hortum-3961731829","status":"publish","type":"product","link":"https:\/\/ceoparts.com\/es\/urun\/linde-esnek-sekillendirilmis-hortum-3961731829\/","title":{"rendered":"Manguera flexible moldeada Linde \u2013 3961731829"},"content":{"rendered":"<p>Manguera flexible moldeada Linde \u2013 3961731829<\/p>","protected":false},"excerpt":{"rendered":"<p data-start=\"3465\" data-end=\"3736\"><strong data-start=\"3465\" data-end=\"3514\">Manguera Flexible Moldeada Linde \u2013 3961731829<\/strong> est\u00e1 dise\u00f1ada para carretillas elevadoras y equipos de almac\u00e9n para transmitir l\u00edquidos y aire de manera segura y eficiente. Su construcci\u00f3n flexible permite un uso f\u00e1cil en espacios reducidos y un rendimiento duradero.<\/p>\n<p data-start=\"3738\" data-end=\"3760\"><strong data-start=\"3738\" data-end=\"3758\">Caracter\u00edsticas:<\/strong><\/p>\n<ul data-start=\"3761\" data-end=\"4125\">\n<li data-start=\"3761\" data-end=\"3835\">\n<p data-start=\"3763\" data-end=\"3835\"><strong data-start=\"3763\" data-end=\"3787\">Nombre del producto:<\/strong> Manguera Flexible Moldeada Linde \u2013 3961731829<\/p>\n<\/li>\n<li data-start=\"3836\" data-end=\"3871\">\n<p data-start=\"3838\" data-end=\"3871\"><strong data-start=\"3838\" data-end=\"3858\">C\u00f3digo de pieza:<\/strong> 3961731829<\/p>\n<\/li>\n<li data-start=\"3872\" data-end=\"3949\">\n<p data-start=\"3874\" data-end=\"3949\"><strong data-start=\"3874\" data-end=\"3887\">Material:<\/strong> Elast\u00f3mero de alta calidad con estructura interna reforzada<\/p>\n<\/li>\n<li data-start=\"3950\" data-end=\"4045\">\n<p data-start=\"3952\" data-end=\"4045\"><strong data-start=\"3952\" data-end=\"3967\">Aplicaci\u00f3n:<\/strong> Transmisi\u00f3n de l\u00edquidos\/aire en carretillas elevadoras y equipos de almac\u00e9n<\/p>\n<\/li>\n<li data-start=\"4046\" data-end=\"4125\">\n<p data-start=\"4048\" data-end=\"4125\"><strong data-start=\"4048\" data-end=\"4061\">Ventajas:<\/strong> Uso flexible, alta durabilidad, rendimiento duradero y seguro<\/p>\n<\/li>\n<\/ul>\n","protected":false},"featured_media":18507,"template":"","meta":[],"product_brand":[],"product_cat":[470,246,523],"product_tag":[],"class_list":{"0":"post-18503","1":"product","2":"type-product","3":"status-publish","4":"has-post-thumbnail","6":"product_cat-diger-yedek-parcalar","7":"product_cat-linde","8":"product_cat-yedek-parca-linde","10":"first","11":"instock","12":"taxable","13":"shipping-taxable","14":"purchasable","15":"product-type-simple"},"_links":{"self":[{"href":"https:\/\/ceoparts.com\/es\/wp-json\/wp\/v2\/product\/18503","targetHints":{"allow":["GET"]}}],"collection":[{"href":"https:\/\/ceoparts.com\/es\/wp-json\/wp\/v2\/product"}],"about":[{"href":"https:\/\/ceoparts.com\/es\/wp-json\/wp\/v2\/types\/product"}],"wp:featuredmedia":[{"embeddable":true,"href":"https:\/\/ceoparts.com\/es\/wp-json\/wp\/v2\/media\/18507"}],"wp:attachment":[{"href":"https:\/\/ceoparts.com\/es\/wp-json\/wp\/v2\/media?parent=18503"}],"wp:term":[{"taxonomy":"product_brand","embeddable":true,"href":"https:\/\/ceoparts.com\/es\/wp-json\/wp\/v2\/product_brand?post=18503"},{"taxonomy":"product_cat","embeddable":true,"href":"https:\/\/ceoparts.com\/es\/wp-json\/wp\/v2\/product_cat?post=18503"},{"taxonomy":"product_tag","embeddable":true,"href":"https:\/\/ceoparts.com\/es\/wp-json\/wp\/v2\/product_tag?post=18503"}],"curies":[{"name":"wp","href":"https:\/\/api.w.org\/{rel}","templated":true}]}}