{"id":18508,"date":"2025-09-30T16:40:46","date_gmt":"2025-09-30T13:40:46","guid":{"rendered":"https:\/\/ceoparts.com\/?post_type=product&#038;p=18508"},"modified":"2026-05-03T03:59:25","modified_gmt":"2026-05-03T00:59:25","slug":"amortisor-linde-0009655684","status":"publish","type":"product","link":"https:\/\/ceoparts.com\/es\/urun\/amortisor-linde-0009655684\/","title":{"rendered":"Amortiguador Linde \u2013 0009655684"},"content":{"rendered":"<p>Amortiguador Linde \u2013 0009655684<\/p>","protected":false},"excerpt":{"rendered":"<p data-start=\"3100\" data-end=\"3351\"><strong data-start=\"3100\" data-end=\"3135\">Amortiguador Linde \u2013 0009655684<\/strong> est\u00e1 dise\u00f1ado para carretillas elevadoras y equipos de almac\u00e9n para reducir vibraciones y mejorar la estabilidad durante las operaciones. Su construcci\u00f3n de alta calidad garantiza un rendimiento duradero y seguro.<\/p>\n<p data-start=\"3353\" data-end=\"3375\"><strong data-start=\"3353\" data-end=\"3373\">Caracter\u00edsticas:<\/strong><\/p>\n<ul data-start=\"3376\" data-end=\"3687\">\n<li data-start=\"3376\" data-end=\"3436\">\n<p data-start=\"3378\" data-end=\"3436\"><strong data-start=\"3378\" data-end=\"3402\">Nombre del producto:<\/strong> Amortiguador Linde \u2013 0009655684<\/p>\n<\/li>\n<li data-start=\"3437\" data-end=\"3472\">\n<p data-start=\"3439\" data-end=\"3472\"><strong data-start=\"3439\" data-end=\"3459\">C\u00f3digo de pieza:<\/strong> 0009655684<\/p>\n<\/li>\n<li data-start=\"3473\" data-end=\"3518\">\n<p data-start=\"3475\" data-end=\"3518\"><strong data-start=\"3475\" data-end=\"3488\">Material:<\/strong> Metal duradero y elast\u00f3mero<\/p>\n<\/li>\n<li data-start=\"3519\" data-end=\"3608\">\n<p data-start=\"3521\" data-end=\"3608\"><strong data-start=\"3521\" data-end=\"3536\">Aplicaci\u00f3n:<\/strong> Control de vibraciones en carretillas elevadoras y equipos de almac\u00e9n<\/p>\n<\/li>\n<li data-start=\"3609\" data-end=\"3687\">\n<p data-start=\"3611\" data-end=\"3687\"><strong data-start=\"3611\" data-end=\"3624\">Ventajas:<\/strong> Alta durabilidad, uso prolongado, operaci\u00f3n estable y segura<\/p>\n<\/li>\n<\/ul>\n","protected":false},"featured_media":18515,"template":"","meta":[],"product_brand":[],"product_cat":[497,246,523],"product_tag":[],"class_list":{"0":"post-18508","1":"product","2":"type-product","3":"status-publish","4":"has-post-thumbnail","6":"product_cat-amortisor-grubu","7":"product_cat-linde","8":"product_cat-yedek-parca-linde","10":"first","11":"instock","12":"taxable","13":"shipping-taxable","14":"purchasable","15":"product-type-simple"},"_links":{"self":[{"href":"https:\/\/ceoparts.com\/es\/wp-json\/wp\/v2\/product\/18508","targetHints":{"allow":["GET"]}}],"collection":[{"href":"https:\/\/ceoparts.com\/es\/wp-json\/wp\/v2\/product"}],"about":[{"href":"https:\/\/ceoparts.com\/es\/wp-json\/wp\/v2\/types\/product"}],"wp:featuredmedia":[{"embeddable":true,"href":"https:\/\/ceoparts.com\/es\/wp-json\/wp\/v2\/media\/18515"}],"wp:attachment":[{"href":"https:\/\/ceoparts.com\/es\/wp-json\/wp\/v2\/media?parent=18508"}],"wp:term":[{"taxonomy":"product_brand","embeddable":true,"href":"https:\/\/ceoparts.com\/es\/wp-json\/wp\/v2\/product_brand?post=18508"},{"taxonomy":"product_cat","embeddable":true,"href":"https:\/\/ceoparts.com\/es\/wp-json\/wp\/v2\/product_cat?post=18508"},{"taxonomy":"product_tag","embeddable":true,"href":"https:\/\/ceoparts.com\/es\/wp-json\/wp\/v2\/product_tag?post=18508"}],"curies":[{"name":"wp","href":"https:\/\/api.w.org\/{rel}","templated":true}]}}