{"id":18516,"date":"2025-09-30T17:06:21","date_gmt":"2025-09-30T14:06:21","guid":{"rendered":"https:\/\/ceoparts.com\/?post_type=product&#038;p=18516"},"modified":"2026-05-03T04:29:23","modified_gmt":"2026-05-03T01:29:23","slug":"kontaktor-dc182b-733-48v","status":"publish","type":"product","link":"https:\/\/ceoparts.com\/es\/urun\/kontaktor-dc182b-733-48v\/","title":{"rendered":"Albright Contactor DC182B-733 48V"},"content":{"rendered":"<p>Albright Contactor DC182B-733 48V<\/p>","protected":false},"excerpt":{"rendered":"<p data-start=\"3701\" data-end=\"4026\"><strong data-start=\"3701\" data-end=\"3740\">Contactador Albright DC182B-733 48V<\/strong> es un contactor de alto rendimiento dise\u00f1ado para proporcionar conexiones de circuitos el\u00e9ctricos seguras y fiables en carretillas elevadoras, veh\u00edculos el\u00e9ctricos y otros equipos industriales. Su alta capacidad de corriente y construcci\u00f3n robusta garantizan un rendimiento duradero.<\/p>\n<p data-start=\"4028\" data-end=\"4050\"><strong data-start=\"4028\" data-end=\"4048\">Caracter\u00edsticas:<\/strong><\/p>\n<ul data-start=\"4051\" data-end=\"4444\">\n<li data-start=\"4051\" data-end=\"4115\">\n<p data-start=\"4053\" data-end=\"4115\"><strong data-start=\"4053\" data-end=\"4077\">Nombre del producto:<\/strong> Contactador Albright DC182B-733 48V<\/p>\n<\/li>\n<li data-start=\"4116\" data-end=\"4151\">\n<p data-start=\"4118\" data-end=\"4151\"><strong data-start=\"4118\" data-end=\"4138\">C\u00f3digo de pieza:<\/strong> DC182B-733<\/p>\n<\/li>\n<li data-start=\"4152\" data-end=\"4214\">\n<p data-start=\"4154\" data-end=\"4214\"><strong data-start=\"4154\" data-end=\"4167\">Material:<\/strong> Metal duradero y conductores de alta calidad<\/p>\n<\/li>\n<li data-start=\"4215\" data-end=\"4327\">\n<p data-start=\"4217\" data-end=\"4327\"><strong data-start=\"4217\" data-end=\"4232\">Aplicaci\u00f3n:<\/strong> Conexi\u00f3n de circuitos en carretillas elevadoras, veh\u00edculos el\u00e9ctricos y equipos industriales<\/p>\n<\/li>\n<li data-start=\"4328\" data-end=\"4444\">\n<p data-start=\"4330\" data-end=\"4444\"><strong data-start=\"4330\" data-end=\"4343\">Ventajas:<\/strong> Alta capacidad de corriente, construcci\u00f3n duradera, transmisi\u00f3n de energ\u00eda segura e ininterrumpida<\/p>\n<\/li>\n<\/ul>\n","protected":false},"featured_media":18522,"template":"","meta":[],"product_brand":[],"product_cat":[462],"product_tag":[],"class_list":{"0":"post-18516","1":"product","2":"type-product","3":"status-publish","4":"has-post-thumbnail","6":"product_cat-kontaktorler","8":"first","9":"instock","10":"taxable","11":"shipping-taxable","12":"purchasable","13":"product-type-simple"},"_links":{"self":[{"href":"https:\/\/ceoparts.com\/es\/wp-json\/wp\/v2\/product\/18516","targetHints":{"allow":["GET"]}}],"collection":[{"href":"https:\/\/ceoparts.com\/es\/wp-json\/wp\/v2\/product"}],"about":[{"href":"https:\/\/ceoparts.com\/es\/wp-json\/wp\/v2\/types\/product"}],"wp:featuredmedia":[{"embeddable":true,"href":"https:\/\/ceoparts.com\/es\/wp-json\/wp\/v2\/media\/18522"}],"wp:attachment":[{"href":"https:\/\/ceoparts.com\/es\/wp-json\/wp\/v2\/media?parent=18516"}],"wp:term":[{"taxonomy":"product_brand","embeddable":true,"href":"https:\/\/ceoparts.com\/es\/wp-json\/wp\/v2\/product_brand?post=18516"},{"taxonomy":"product_cat","embeddable":true,"href":"https:\/\/ceoparts.com\/es\/wp-json\/wp\/v2\/product_cat?post=18516"},{"taxonomy":"product_tag","embeddable":true,"href":"https:\/\/ceoparts.com\/es\/wp-json\/wp\/v2\/product_tag?post=18516"}],"curies":[{"name":"wp","href":"https:\/\/api.w.org\/{rel}","templated":true}]}}