{"id":18548,"date":"2025-10-01T10:37:01","date_gmt":"2025-10-01T07:37:01","guid":{"rendered":"https:\/\/ceoparts.com\/?post_type=product&#038;p=18548"},"modified":"2026-05-02T19:18:17","modified_gmt":"2026-05-02T16:18:17","slug":"hyundai-amortisor-71fg10070","status":"publish","type":"product","link":"https:\/\/ceoparts.com\/es\/urun\/hyundai-amortisor-71fg10070\/","title":{"rendered":"Amortiguador HYUNDAI \u2013 71FG10070"},"content":{"rendered":"<p>Amortiguador HYUNDAI \u2013 71FG10070<\/p>","protected":false},"excerpt":{"rendered":"<p data-start=\"3911\" data-end=\"4128\">El <strong data-start=\"3914\" data-end=\"3950\">Amortiguador HYUNDAI \u2013 71FG10070<\/strong> est\u00e1 dise\u00f1ado para reducir las vibraciones en la cabina, columna de direcci\u00f3n o soportes del motor de las carretillas elevadoras. Ofrece rendimiento estable y larga vida \u00fatil.<\/p>\n<p data-start=\"4130\" data-end=\"4153\"><strong data-start=\"4130\" data-end=\"4151\">Especificaciones:<\/strong><\/p>\n<ul data-start=\"4154\" data-end=\"4487\">\n<li data-start=\"4154\" data-end=\"4215\">\n<p data-start=\"4156\" data-end=\"4215\"><strong data-start=\"4156\" data-end=\"4180\">Nombre del producto:<\/strong> Amortiguador HYUNDAI \u2013 71FG10070<\/p>\n<\/li>\n<li data-start=\"4216\" data-end=\"4250\">\n<p data-start=\"4218\" data-end=\"4250\"><strong data-start=\"4218\" data-end=\"4238\">C\u00f3digo de pieza:<\/strong> 71FG10070<\/p>\n<\/li>\n<li data-start=\"4251\" data-end=\"4331\">\n<p data-start=\"4253\" data-end=\"4331\"><strong data-start=\"4253\" data-end=\"4266\">Material:<\/strong> Cuerpo met\u00e1lico duradero con componentes de goma e hidr\u00e1ulicos<\/p>\n<\/li>\n<li data-start=\"4332\" data-end=\"4409\">\n<p data-start=\"4334\" data-end=\"4409\"><strong data-start=\"4334\" data-end=\"4349\">Aplicaci\u00f3n:<\/strong> Sistemas de suspensi\u00f3n y vibraci\u00f3n en carretillas HYUNDAI<\/p>\n<\/li>\n<li data-start=\"4410\" data-end=\"4487\">\n<p data-start=\"4412\" data-end=\"4487\"><strong data-start=\"4412\" data-end=\"4424\">Ventaja:<\/strong> Alta absorci\u00f3n de impactos, bajo ruido, instalaci\u00f3n sencilla<\/p>\n<\/li>\n<\/ul>\n","protected":false},"featured_media":18551,"template":"","meta":[],"product_brand":[],"product_cat":[497],"product_tag":[],"class_list":{"0":"post-18548","1":"product","2":"type-product","3":"status-publish","4":"has-post-thumbnail","6":"product_cat-amortisor-grubu","8":"first","9":"instock","10":"taxable","11":"shipping-taxable","12":"purchasable","13":"product-type-simple"},"_links":{"self":[{"href":"https:\/\/ceoparts.com\/es\/wp-json\/wp\/v2\/product\/18548","targetHints":{"allow":["GET"]}}],"collection":[{"href":"https:\/\/ceoparts.com\/es\/wp-json\/wp\/v2\/product"}],"about":[{"href":"https:\/\/ceoparts.com\/es\/wp-json\/wp\/v2\/types\/product"}],"wp:featuredmedia":[{"embeddable":true,"href":"https:\/\/ceoparts.com\/es\/wp-json\/wp\/v2\/media\/18551"}],"wp:attachment":[{"href":"https:\/\/ceoparts.com\/es\/wp-json\/wp\/v2\/media?parent=18548"}],"wp:term":[{"taxonomy":"product_brand","embeddable":true,"href":"https:\/\/ceoparts.com\/es\/wp-json\/wp\/v2\/product_brand?post=18548"},{"taxonomy":"product_cat","embeddable":true,"href":"https:\/\/ceoparts.com\/es\/wp-json\/wp\/v2\/product_cat?post=18548"},{"taxonomy":"product_tag","embeddable":true,"href":"https:\/\/ceoparts.com\/es\/wp-json\/wp\/v2\/product_tag?post=18548"}],"curies":[{"name":"wp","href":"https:\/\/api.w.org\/{rel}","templated":true}]}}