{"id":18561,"date":"2025-10-01T11:41:16","date_gmt":"2025-10-01T08:41:16","guid":{"rendered":"https:\/\/ceoparts.com\/?post_type=product&#038;p=18561"},"modified":"2026-05-02T13:40:16","modified_gmt":"2026-05-02T10:40:16","slug":"tcm-dayanma-kolu","status":"publish","type":"product","link":"https:\/\/ceoparts.com\/es\/urun\/tcm-dayanma-kolu\/","title":{"rendered":"Brazo de apoyo TCM"},"content":{"rendered":"<p>Brazo de apoyo TCM<\/p>","protected":false},"excerpt":{"rendered":"<p data-start=\"3553\" data-end=\"3754\">El <strong data-start=\"3556\" data-end=\"3576\">Asa de Apoyo TCM<\/strong> est\u00e1 dise\u00f1ada para proporcionar al operador del montacargas un agarre seguro y c\u00f3modo durante el trabajo. Fabricada con materiales resistentes para garantizar larga vida \u00fatil.<\/p>\n<p data-start=\"3756\" data-end=\"3779\"><strong data-start=\"3756\" data-end=\"3777\">Especificaciones:<\/strong><\/p>\n<ul data-start=\"3780\" data-end=\"4063\">\n<li data-start=\"3780\" data-end=\"3825\">\n<p data-start=\"3782\" data-end=\"3825\"><strong data-start=\"3782\" data-end=\"3806\">Nombre del producto:<\/strong> Asa de Apoyo TCM<\/p>\n<\/li>\n<li data-start=\"3863\" data-end=\"3922\">\n<p data-start=\"3865\" data-end=\"3922\"><strong data-start=\"3865\" data-end=\"3878\">Material:<\/strong> N\u00facleo de acero con recubrimiento de goma<\/p>\n<\/li>\n<li data-start=\"3923\" data-end=\"3993\">\n<p data-start=\"3925\" data-end=\"3993\"><strong data-start=\"3925\" data-end=\"3940\">Aplicaci\u00f3n:<\/strong> Sistemas de seguridad de cabina en carretillas TCM<\/p>\n<\/li>\n<li data-start=\"3994\" data-end=\"4063\">\n<p data-start=\"3996\" data-end=\"4063\"><strong data-start=\"3996\" data-end=\"4008\">Ventaja:<\/strong> Agarre ergon\u00f3mico, instalaci\u00f3n sencilla, durabilidad<\/p>\n<\/li>\n<\/ul>\n","protected":false},"featured_media":18564,"template":"","meta":[],"product_brand":[],"product_cat":[470],"product_tag":[],"class_list":{"0":"post-18561","1":"product","2":"type-product","3":"status-publish","4":"has-post-thumbnail","6":"product_cat-diger-yedek-parcalar","8":"first","9":"instock","10":"taxable","11":"shipping-taxable","12":"purchasable","13":"product-type-simple"},"_links":{"self":[{"href":"https:\/\/ceoparts.com\/es\/wp-json\/wp\/v2\/product\/18561","targetHints":{"allow":["GET"]}}],"collection":[{"href":"https:\/\/ceoparts.com\/es\/wp-json\/wp\/v2\/product"}],"about":[{"href":"https:\/\/ceoparts.com\/es\/wp-json\/wp\/v2\/types\/product"}],"wp:featuredmedia":[{"embeddable":true,"href":"https:\/\/ceoparts.com\/es\/wp-json\/wp\/v2\/media\/18564"}],"wp:attachment":[{"href":"https:\/\/ceoparts.com\/es\/wp-json\/wp\/v2\/media?parent=18561"}],"wp:term":[{"taxonomy":"product_brand","embeddable":true,"href":"https:\/\/ceoparts.com\/es\/wp-json\/wp\/v2\/product_brand?post=18561"},{"taxonomy":"product_cat","embeddable":true,"href":"https:\/\/ceoparts.com\/es\/wp-json\/wp\/v2\/product_cat?post=18561"},{"taxonomy":"product_tag","embeddable":true,"href":"https:\/\/ceoparts.com\/es\/wp-json\/wp\/v2\/product_tag?post=18561"}],"curies":[{"name":"wp","href":"https:\/\/api.w.org\/{rel}","templated":true}]}}