{"id":18588,"date":"2025-10-02T09:25:38","date_gmt":"2025-10-02T06:25:38","guid":{"rendered":"https:\/\/ceoparts.com\/?post_type=product&#038;p=18588"},"modified":"2026-05-03T03:05:54","modified_gmt":"2026-05-03T00:05:54","slug":"aku-mentesesi-ust-51294591","status":"publish","type":"product","link":"https:\/\/ceoparts.com\/es\/urun\/aku-mentesesi-ust-51294591\/","title":{"rendered":"Bisagra superior de bater\u00eda \u2013 51294591"},"content":{"rendered":"<p>Bisagra superior de bater\u00eda \u2013 51294591<\/p>","protected":false},"excerpt":{"rendered":"<p data-start=\"3793\" data-end=\"4007\">La <strong data-start=\"3796\" data-end=\"3838\">Bisagra Superior de Bater\u00eda \u2013 51294591<\/strong> est\u00e1 dise\u00f1ada para garantizar la apertura y cierre seguros de la tapa de la bater\u00eda de las carretillas elevadoras. Fabricada en acero galvanizado de alta resistencia.<\/p>\n<p data-start=\"4009\" data-end=\"4032\"><strong data-start=\"4009\" data-end=\"4030\">Especificaciones:<\/strong><\/p>\n<ul data-start=\"4033\" data-end=\"4358\">\n<li data-start=\"4033\" data-end=\"4100\">\n<p data-start=\"4035\" data-end=\"4100\"><strong data-start=\"4035\" data-end=\"4059\">Nombre del producto:<\/strong> Bisagra Superior de Bater\u00eda \u2013 51294591<\/p>\n<\/li>\n<li data-start=\"4101\" data-end=\"4134\">\n<p data-start=\"4103\" data-end=\"4134\"><strong data-start=\"4103\" data-end=\"4123\">C\u00f3digo de pieza:<\/strong> 51294591<\/p>\n<\/li>\n<li data-start=\"4135\" data-end=\"4190\">\n<p data-start=\"4137\" data-end=\"4190\"><strong data-start=\"4137\" data-end=\"4150\">Material:<\/strong> Acero galvanizado de alta resistencia<\/p>\n<\/li>\n<li data-start=\"4191\" data-end=\"4276\">\n<p data-start=\"4193\" data-end=\"4276\"><strong data-start=\"4193\" data-end=\"4208\">Aplicaci\u00f3n:<\/strong> Sistema de bisagra para tapa de bater\u00eda de carretillas elevadoras<\/p>\n<\/li>\n<li data-start=\"4277\" data-end=\"4358\">\n<p data-start=\"4279\" data-end=\"4358\"><strong data-start=\"4279\" data-end=\"4291\">Ventaja:<\/strong> Resistente a la corrosi\u00f3n, instalaci\u00f3n sencilla, larga vida \u00fatil<\/p>\n<\/li>\n<\/ul>\n","protected":false},"featured_media":18591,"template":"","meta":[],"product_brand":[],"product_cat":[443,442],"product_tag":[],"class_list":{"0":"post-18588","1":"product","2":"type-product","3":"status-publish","4":"has-post-thumbnail","6":"product_cat-aku-parcalari","7":"product_cat-aku-yedek-parcalari","9":"first","10":"instock","11":"taxable","12":"shipping-taxable","13":"purchasable","14":"product-type-simple"},"_links":{"self":[{"href":"https:\/\/ceoparts.com\/es\/wp-json\/wp\/v2\/product\/18588","targetHints":{"allow":["GET"]}}],"collection":[{"href":"https:\/\/ceoparts.com\/es\/wp-json\/wp\/v2\/product"}],"about":[{"href":"https:\/\/ceoparts.com\/es\/wp-json\/wp\/v2\/types\/product"}],"wp:featuredmedia":[{"embeddable":true,"href":"https:\/\/ceoparts.com\/es\/wp-json\/wp\/v2\/media\/18591"}],"wp:attachment":[{"href":"https:\/\/ceoparts.com\/es\/wp-json\/wp\/v2\/media?parent=18588"}],"wp:term":[{"taxonomy":"product_brand","embeddable":true,"href":"https:\/\/ceoparts.com\/es\/wp-json\/wp\/v2\/product_brand?post=18588"},{"taxonomy":"product_cat","embeddable":true,"href":"https:\/\/ceoparts.com\/es\/wp-json\/wp\/v2\/product_cat?post=18588"},{"taxonomy":"product_tag","embeddable":true,"href":"https:\/\/ceoparts.com\/es\/wp-json\/wp\/v2\/product_tag?post=18588"}],"curies":[{"name":"wp","href":"https:\/\/api.w.org\/{rel}","templated":true}]}}