{"id":18592,"date":"2025-10-02T09:30:39","date_gmt":"2025-10-02T06:30:39","guid":{"rendered":"https:\/\/ceoparts.com\/?post_type=product&#038;p=18592"},"modified":"2026-05-03T03:36:07","modified_gmt":"2026-05-03T00:36:07","slug":"aku-mentesesi-alt-51294592","status":"publish","type":"product","link":"https:\/\/ceoparts.com\/es\/urun\/aku-mentesesi-alt-51294592\/","title":{"rendered":"Bisagra inferior de bater\u00eda \u2013 51294592"},"content":{"rendered":"<p>Bisagra inferior de bater\u00eda \u2013 51294592<\/p>","protected":false},"excerpt":{"rendered":"<p data-start=\"3803\" data-end=\"3990\">La <strong data-start=\"3806\" data-end=\"3848\">Bisagra Inferior de Bater\u00eda \u2013 51294592<\/strong> est\u00e1 dise\u00f1ada para la conexi\u00f3n inferior de la tapa de bater\u00eda en carretillas elevadoras, proporcionando un funcionamiento estable y seguro.<\/p>\n<p data-start=\"3992\" data-end=\"4015\"><strong data-start=\"3992\" data-end=\"4013\">Especificaciones:<\/strong><\/p>\n<ul data-start=\"4016\" data-end=\"4325\">\n<li data-start=\"4016\" data-end=\"4083\">\n<p data-start=\"4018\" data-end=\"4083\"><strong data-start=\"4018\" data-end=\"4042\">Nombre del producto:<\/strong> Bisagra Inferior de Bater\u00eda \u2013 51294592<\/p>\n<\/li>\n<li data-start=\"4084\" data-end=\"4117\">\n<p data-start=\"4086\" data-end=\"4117\"><strong data-start=\"4086\" data-end=\"4106\">C\u00f3digo de pieza:<\/strong> 51294592<\/p>\n<\/li>\n<li data-start=\"4118\" data-end=\"4173\">\n<p data-start=\"4120\" data-end=\"4173\"><strong data-start=\"4120\" data-end=\"4133\">Material:<\/strong> Acero galvanizado de alta resistencia<\/p>\n<\/li>\n<li data-start=\"4174\" data-end=\"4259\">\n<p data-start=\"4176\" data-end=\"4259\"><strong data-start=\"4176\" data-end=\"4191\">Aplicaci\u00f3n:<\/strong> Conexi\u00f3n inferior de la tapa de bater\u00eda de carretillas elevadoras<\/p>\n<\/li>\n<li data-start=\"4260\" data-end=\"4325\">\n<p data-start=\"4262\" data-end=\"4325\"><strong data-start=\"4262\" data-end=\"4274\">Ventaja:<\/strong> Anticorrosi\u00f3n, montaje sencillo, larga vida \u00fatil<\/p>\n<\/li>\n<\/ul>\n","protected":false},"featured_media":18593,"template":"","meta":[],"product_brand":[],"product_cat":[443,442],"product_tag":[],"class_list":{"0":"post-18592","1":"product","2":"type-product","3":"status-publish","4":"has-post-thumbnail","6":"product_cat-aku-parcalari","7":"product_cat-aku-yedek-parcalari","9":"first","10":"instock","11":"taxable","12":"shipping-taxable","13":"purchasable","14":"product-type-simple"},"_links":{"self":[{"href":"https:\/\/ceoparts.com\/es\/wp-json\/wp\/v2\/product\/18592","targetHints":{"allow":["GET"]}}],"collection":[{"href":"https:\/\/ceoparts.com\/es\/wp-json\/wp\/v2\/product"}],"about":[{"href":"https:\/\/ceoparts.com\/es\/wp-json\/wp\/v2\/types\/product"}],"wp:featuredmedia":[{"embeddable":true,"href":"https:\/\/ceoparts.com\/es\/wp-json\/wp\/v2\/media\/18593"}],"wp:attachment":[{"href":"https:\/\/ceoparts.com\/es\/wp-json\/wp\/v2\/media?parent=18592"}],"wp:term":[{"taxonomy":"product_brand","embeddable":true,"href":"https:\/\/ceoparts.com\/es\/wp-json\/wp\/v2\/product_brand?post=18592"},{"taxonomy":"product_cat","embeddable":true,"href":"https:\/\/ceoparts.com\/es\/wp-json\/wp\/v2\/product_cat?post=18592"},{"taxonomy":"product_tag","embeddable":true,"href":"https:\/\/ceoparts.com\/es\/wp-json\/wp\/v2\/product_tag?post=18592"}],"curies":[{"name":"wp","href":"https:\/\/api.w.org\/{rel}","templated":true}]}}