{"id":18597,"date":"2025-10-02T11:19:28","date_gmt":"2025-10-02T08:19:28","guid":{"rendered":"https:\/\/ceoparts.com\/?post_type=product&#038;p=18597"},"modified":"2026-05-03T04:03:34","modified_gmt":"2026-05-03T01:03:34","slug":"linde-hortum-3961731805","status":"publish","type":"product","link":"https:\/\/ceoparts.com\/es\/urun\/linde-hortum-3961731805\/","title":{"rendered":"Manguera Linde \u2013 3961731805"},"content":{"rendered":"<p>Manguera Linde \u2013 3961731805<\/p>","protected":false},"excerpt":{"rendered":"<p data-start=\"3672\" data-end=\"3882\">La <strong data-start=\"3675\" data-end=\"3706\">Manguera Linde \u2013 3961731805<\/strong> est\u00e1 dise\u00f1ada para los sistemas hidr\u00e1ulicos y de aceite de las carretillas Linde. Fabricada en caucho de alta presi\u00f3n con conectores met\u00e1licos para un uso seguro y duradero.<\/p>\n<p data-start=\"3884\" data-end=\"3907\"><strong data-start=\"3884\" data-end=\"3905\">Especificaciones:<\/strong><\/p>\n<ul data-start=\"3908\" data-end=\"4221\">\n<li data-start=\"3908\" data-end=\"3964\">\n<p data-start=\"3910\" data-end=\"3964\"><strong data-start=\"3910\" data-end=\"3934\">Nombre del producto:<\/strong> Manguera Linde \u2013 3961731805<\/p>\n<\/li>\n<li data-start=\"3965\" data-end=\"4000\">\n<p data-start=\"3967\" data-end=\"4000\"><strong data-start=\"3967\" data-end=\"3987\">C\u00f3digo de pieza:<\/strong> 3961731805<\/p>\n<\/li>\n<li data-start=\"4001\" data-end=\"4074\">\n<p data-start=\"4003\" data-end=\"4074\"><strong data-start=\"4003\" data-end=\"4016\">Material:<\/strong> Caucho resistente a alta presi\u00f3n con extremos met\u00e1licos<\/p>\n<\/li>\n<li data-start=\"4075\" data-end=\"4148\">\n<p data-start=\"4077\" data-end=\"4148\"><strong data-start=\"4077\" data-end=\"4092\">Aplicaci\u00f3n:<\/strong> Sistemas hidr\u00e1ulicos y de aceite de carretillas Linde<\/p>\n<\/li>\n<li data-start=\"4149\" data-end=\"4221\">\n<p data-start=\"4151\" data-end=\"4221\"><strong data-start=\"4151\" data-end=\"4163\">Ventaja:<\/strong> Alta resistencia, instalaci\u00f3n sencilla, ajuste original<\/p>\n<\/li>\n<\/ul>\n","protected":false},"featured_media":18600,"template":"","meta":[],"product_brand":[],"product_cat":[470,246,523],"product_tag":[],"class_list":{"0":"post-18597","1":"product","2":"type-product","3":"status-publish","4":"has-post-thumbnail","6":"product_cat-diger-yedek-parcalar","7":"product_cat-linde","8":"product_cat-yedek-parca-linde","10":"first","11":"instock","12":"taxable","13":"shipping-taxable","14":"purchasable","15":"product-type-simple"},"_links":{"self":[{"href":"https:\/\/ceoparts.com\/es\/wp-json\/wp\/v2\/product\/18597","targetHints":{"allow":["GET"]}}],"collection":[{"href":"https:\/\/ceoparts.com\/es\/wp-json\/wp\/v2\/product"}],"about":[{"href":"https:\/\/ceoparts.com\/es\/wp-json\/wp\/v2\/types\/product"}],"wp:featuredmedia":[{"embeddable":true,"href":"https:\/\/ceoparts.com\/es\/wp-json\/wp\/v2\/media\/18600"}],"wp:attachment":[{"href":"https:\/\/ceoparts.com\/es\/wp-json\/wp\/v2\/media?parent=18597"}],"wp:term":[{"taxonomy":"product_brand","embeddable":true,"href":"https:\/\/ceoparts.com\/es\/wp-json\/wp\/v2\/product_brand?post=18597"},{"taxonomy":"product_cat","embeddable":true,"href":"https:\/\/ceoparts.com\/es\/wp-json\/wp\/v2\/product_cat?post=18597"},{"taxonomy":"product_tag","embeddable":true,"href":"https:\/\/ceoparts.com\/es\/wp-json\/wp\/v2\/product_tag?post=18597"}],"curies":[{"name":"wp","href":"https:\/\/api.w.org\/{rel}","templated":true}]}}