{"id":18602,"date":"2025-10-04T09:23:56","date_gmt":"2025-10-04T06:23:56","guid":{"rendered":"https:\/\/ceoparts.com\/?post_type=product&#038;p=18602"},"modified":"2026-05-03T04:29:52","modified_gmt":"2026-05-03T01:29:52","slug":"jungheinrich-o-ring-51279447","status":"publish","type":"product","link":"https:\/\/ceoparts.com\/es\/urun\/jungheinrich-o-ring-51279447\/","title":{"rendered":"Junta t\u00f3rica Jungheinrich \u2013 51279447"},"content":{"rendered":"<p>Junta t\u00f3rica Jungheinrich \u2013 51279447<\/p>","protected":false},"excerpt":{"rendered":"<p data-start=\"4001\" data-end=\"4227\">La <strong data-start=\"4004\" data-end=\"4044\">Junta T\u00f3rica Jungheinrich \u2013 51279447<\/strong> se utiliza en los sistemas hidr\u00e1ulicos y de aceite de las carretillas Jungheinrich para garantizar una estanqueidad \u00f3ptima. Ofrece gran resistencia a la presi\u00f3n y a la temperatura.<\/p>\n<p data-start=\"4229\" data-end=\"4252\"><strong data-start=\"4229\" data-end=\"4250\">Especificaciones:<\/strong><\/p>\n<ul data-start=\"4253\" data-end=\"4569\">\n<li data-start=\"4253\" data-end=\"4318\">\n<p data-start=\"4255\" data-end=\"4318\"><strong data-start=\"4255\" data-end=\"4279\">Nombre del producto:<\/strong> Junta T\u00f3rica Jungheinrich \u2013 51279447<\/p>\n<\/li>\n<li data-start=\"4319\" data-end=\"4352\">\n<p data-start=\"4321\" data-end=\"4352\"><strong data-start=\"4321\" data-end=\"4341\">C\u00f3digo de pieza:<\/strong> 51279447<\/p>\n<\/li>\n<li data-start=\"4353\" data-end=\"4424\">\n<p data-start=\"4355\" data-end=\"4424\"><strong data-start=\"4355\" data-end=\"4368\">Material:<\/strong> Caucho NBR o Viton resistente al calor y a la presi\u00f3n<\/p>\n<\/li>\n<li data-start=\"4425\" data-end=\"4496\">\n<p data-start=\"4427\" data-end=\"4496\"><strong data-start=\"4427\" data-end=\"4442\">Aplicaci\u00f3n:<\/strong> Conexiones hidr\u00e1ulicas, v\u00e1lvulas, cilindros, bombas<\/p>\n<\/li>\n<li data-start=\"4497\" data-end=\"4569\">\n<p data-start=\"4499\" data-end=\"4569\"><strong data-start=\"4499\" data-end=\"4511\">Ventaja:<\/strong> Alta estanqueidad, larga vida \u00fatil, resistencia qu\u00edmica<\/p>\n<\/li>\n<\/ul>\n","protected":false},"featured_media":18604,"template":"","meta":[],"product_brand":[],"product_cat":[470,236,246,522,523],"product_tag":[],"class_list":{"0":"post-18602","1":"product","2":"type-product","3":"status-publish","4":"has-post-thumbnail","6":"product_cat-diger-yedek-parcalar","7":"product_cat-jungheinrich","8":"product_cat-linde","9":"product_cat-yedek-parca-jungheinrich","10":"product_cat-yedek-parca-linde","12":"first","13":"instock","14":"taxable","15":"shipping-taxable","16":"purchasable","17":"product-type-simple"},"_links":{"self":[{"href":"https:\/\/ceoparts.com\/es\/wp-json\/wp\/v2\/product\/18602","targetHints":{"allow":["GET"]}}],"collection":[{"href":"https:\/\/ceoparts.com\/es\/wp-json\/wp\/v2\/product"}],"about":[{"href":"https:\/\/ceoparts.com\/es\/wp-json\/wp\/v2\/types\/product"}],"wp:featuredmedia":[{"embeddable":true,"href":"https:\/\/ceoparts.com\/es\/wp-json\/wp\/v2\/media\/18604"}],"wp:attachment":[{"href":"https:\/\/ceoparts.com\/es\/wp-json\/wp\/v2\/media?parent=18602"}],"wp:term":[{"taxonomy":"product_brand","embeddable":true,"href":"https:\/\/ceoparts.com\/es\/wp-json\/wp\/v2\/product_brand?post=18602"},{"taxonomy":"product_cat","embeddable":true,"href":"https:\/\/ceoparts.com\/es\/wp-json\/wp\/v2\/product_cat?post=18602"},{"taxonomy":"product_tag","embeddable":true,"href":"https:\/\/ceoparts.com\/es\/wp-json\/wp\/v2\/product_tag?post=18602"}],"curies":[{"name":"wp","href":"https:\/\/api.w.org\/{rel}","templated":true}]}}