{"id":18619,"date":"2025-10-06T16:31:00","date_gmt":"2025-10-06T13:31:00","guid":{"rendered":"https:\/\/ceoparts.com\/?post_type=product&#038;p=18619"},"modified":"2026-05-03T05:29:49","modified_gmt":"2026-05-03T02:29:49","slug":"jungheinrich-yuzuk-51417349","status":"publish","type":"product","link":"https:\/\/ceoparts.com\/es\/urun\/jungheinrich-yuzuk-51417349\/","title":{"rendered":"Anillo Jungheinrich \u2013 51417349"},"content":{"rendered":"<p>Anillo Jungheinrich \u2013 51417349<\/p>","protected":false},"excerpt":{"rendered":"<p data-start=\"3823\" data-end=\"4020\">El <strong data-start=\"3826\" data-end=\"3860\">Anillo Jungheinrich \u2013 51417349<\/strong> est\u00e1 dise\u00f1ado para los sistemas de ejes y cojinetes de las carretillas Jungheinrich, proporcionando alineaci\u00f3n precisa y reduciendo el desgaste por fricci\u00f3n.<\/p>\n<p data-start=\"4022\" data-end=\"4045\"><strong data-start=\"4022\" data-end=\"4043\">Especificaciones:<\/strong><\/p>\n<ul data-start=\"4046\" data-end=\"4354\">\n<li data-start=\"4046\" data-end=\"4105\">\n<p data-start=\"4048\" data-end=\"4105\"><strong data-start=\"4048\" data-end=\"4072\">Nombre del producto:<\/strong> Anillo Jungheinrich \u2013 51417349<\/p>\n<\/li>\n<li data-start=\"4106\" data-end=\"4139\">\n<p data-start=\"4108\" data-end=\"4139\"><strong data-start=\"4108\" data-end=\"4128\">C\u00f3digo de pieza:<\/strong> 51417349<\/p>\n<\/li>\n<li data-start=\"4140\" data-end=\"4204\">\n<p data-start=\"4142\" data-end=\"4204\"><strong data-start=\"4142\" data-end=\"4155\">Material:<\/strong> Acero o aleaci\u00f3n de bronce de alta resistencia<\/p>\n<\/li>\n<li data-start=\"4205\" data-end=\"4279\">\n<p data-start=\"4207\" data-end=\"4279\"><strong data-start=\"4207\" data-end=\"4222\">Aplicaci\u00f3n:<\/strong> Sistemas de eje y conexi\u00f3n de carretillas Jungheinrich<\/p>\n<\/li>\n<li data-start=\"4280\" data-end=\"4354\">\n<p data-start=\"4282\" data-end=\"4354\"><strong data-start=\"4282\" data-end=\"4294\">Ventaja:<\/strong> Alta durabilidad, ajuste preciso, resistencia al desgaste<\/p>\n<\/li>\n<\/ul>\n","protected":false},"featured_media":18621,"template":"","meta":[],"product_brand":[],"product_cat":[470,236,522],"product_tag":[],"class_list":{"0":"post-18619","1":"product","2":"type-product","3":"status-publish","4":"has-post-thumbnail","6":"product_cat-diger-yedek-parcalar","7":"product_cat-jungheinrich","8":"product_cat-yedek-parca-jungheinrich","10":"first","11":"instock","12":"taxable","13":"shipping-taxable","14":"purchasable","15":"product-type-simple"},"_links":{"self":[{"href":"https:\/\/ceoparts.com\/es\/wp-json\/wp\/v2\/product\/18619","targetHints":{"allow":["GET"]}}],"collection":[{"href":"https:\/\/ceoparts.com\/es\/wp-json\/wp\/v2\/product"}],"about":[{"href":"https:\/\/ceoparts.com\/es\/wp-json\/wp\/v2\/types\/product"}],"wp:featuredmedia":[{"embeddable":true,"href":"https:\/\/ceoparts.com\/es\/wp-json\/wp\/v2\/media\/18621"}],"wp:attachment":[{"href":"https:\/\/ceoparts.com\/es\/wp-json\/wp\/v2\/media?parent=18619"}],"wp:term":[{"taxonomy":"product_brand","embeddable":true,"href":"https:\/\/ceoparts.com\/es\/wp-json\/wp\/v2\/product_brand?post=18619"},{"taxonomy":"product_cat","embeddable":true,"href":"https:\/\/ceoparts.com\/es\/wp-json\/wp\/v2\/product_cat?post=18619"},{"taxonomy":"product_tag","embeddable":true,"href":"https:\/\/ceoparts.com\/es\/wp-json\/wp\/v2\/product_tag?post=18619"}],"curies":[{"name":"wp","href":"https:\/\/api.w.org\/{rel}","templated":true}]}}