{"id":18623,"date":"2025-10-06T16:39:38","date_gmt":"2025-10-06T13:39:38","guid":{"rendered":"https:\/\/ceoparts.com\/?post_type=product&#038;p=18623"},"modified":"2026-05-03T06:03:27","modified_gmt":"2026-05-03T03:03:27","slug":"jungheinrich-baslik-51619548","status":"publish","type":"product","link":"https:\/\/ceoparts.com\/es\/urun\/jungheinrich-baslik-51619548\/","title":{"rendered":"Tapa Jungheinrich \u2013 51619548"},"content":{"rendered":"<p>Tapa Jungheinrich \u2013 51619548<\/p>","protected":false},"excerpt":{"rendered":"<p data-start=\"3888\" data-end=\"4085\">La <strong data-start=\"3891\" data-end=\"3923\">Tapa Jungheinrich \u2013 51619548<\/strong> se utiliza en los sistemas hidr\u00e1ulicos y de control de las carretillas Jungheinrich. Garantiza la protecci\u00f3n y el cierre herm\u00e9tico de los componentes internos.<\/p>\n<p data-start=\"4087\" data-end=\"4110\"><strong data-start=\"4087\" data-end=\"4108\">Especificaciones:<\/strong><\/p>\n<ul data-start=\"4111\" data-end=\"4391\">\n<li data-start=\"4111\" data-end=\"4168\">\n<p data-start=\"4113\" data-end=\"4168\"><strong data-start=\"4113\" data-end=\"4137\">Nombre del producto:<\/strong> Tapa Jungheinrich \u2013 51619548<\/p>\n<\/li>\n<li data-start=\"4169\" data-end=\"4202\">\n<p data-start=\"4171\" data-end=\"4202\"><strong data-start=\"4171\" data-end=\"4191\">C\u00f3digo de pieza:<\/strong> 51619548<\/p>\n<\/li>\n<li data-start=\"4203\" data-end=\"4268\">\n<p data-start=\"4205\" data-end=\"4268\"><strong data-start=\"4205\" data-end=\"4218\">Material:<\/strong> Acero de alta resistencia o compuesto reforzado<\/p>\n<\/li>\n<li data-start=\"4269\" data-end=\"4322\">\n<p data-start=\"4271\" data-end=\"4322\"><strong data-start=\"4271\" data-end=\"4286\">Aplicaci\u00f3n:<\/strong> Sistemas hidr\u00e1ulicos y de control<\/p>\n<\/li>\n<li data-start=\"4323\" data-end=\"4391\">\n<p data-start=\"4325\" data-end=\"4391\"><strong data-start=\"4325\" data-end=\"4337\">Ventaja:<\/strong> Alta durabilidad, ajuste perfecto, protecci\u00f3n total<\/p>\n<\/li>\n<\/ul>\n","protected":false},"featured_media":18626,"template":"","meta":[],"product_brand":[],"product_cat":[470,236,522],"product_tag":[],"class_list":{"0":"post-18623","1":"product","2":"type-product","3":"status-publish","4":"has-post-thumbnail","6":"product_cat-diger-yedek-parcalar","7":"product_cat-jungheinrich","8":"product_cat-yedek-parca-jungheinrich","10":"first","11":"instock","12":"taxable","13":"shipping-taxable","14":"purchasable","15":"product-type-simple"},"_links":{"self":[{"href":"https:\/\/ceoparts.com\/es\/wp-json\/wp\/v2\/product\/18623","targetHints":{"allow":["GET"]}}],"collection":[{"href":"https:\/\/ceoparts.com\/es\/wp-json\/wp\/v2\/product"}],"about":[{"href":"https:\/\/ceoparts.com\/es\/wp-json\/wp\/v2\/types\/product"}],"wp:featuredmedia":[{"embeddable":true,"href":"https:\/\/ceoparts.com\/es\/wp-json\/wp\/v2\/media\/18626"}],"wp:attachment":[{"href":"https:\/\/ceoparts.com\/es\/wp-json\/wp\/v2\/media?parent=18623"}],"wp:term":[{"taxonomy":"product_brand","embeddable":true,"href":"https:\/\/ceoparts.com\/es\/wp-json\/wp\/v2\/product_brand?post=18623"},{"taxonomy":"product_cat","embeddable":true,"href":"https:\/\/ceoparts.com\/es\/wp-json\/wp\/v2\/product_cat?post=18623"},{"taxonomy":"product_tag","embeddable":true,"href":"https:\/\/ceoparts.com\/es\/wp-json\/wp\/v2\/product_tag?post=18623"}],"curies":[{"name":"wp","href":"https:\/\/api.w.org\/{rel}","templated":true}]}}