{"id":18669,"date":"2025-10-08T09:31:45","date_gmt":"2025-10-08T06:31:45","guid":{"rendered":"https:\/\/ceoparts.com\/?post_type=product&#038;p=18669"},"modified":"2026-05-03T04:03:33","modified_gmt":"2026-05-03T01:03:33","slug":"jungheinrich-sizdirmazlik-kiti-ulasim-silindiri-50105674","status":"publish","type":"product","link":"https:\/\/ceoparts.com\/es\/urun\/jungheinrich-sizdirmazlik-kiti-ulasim-silindiri-50105674\/","title":{"rendered":"Kit de sellos para cilindro de desplazamiento Jungheinrich \u2013 50105674"},"content":{"rendered":"<p>Kit de sellos para cilindro de desplazamiento Jungheinrich \u2013 50105674<\/p>","protected":false},"excerpt":{"rendered":"<p data-start=\"4543\" data-end=\"4754\">El <strong data-start=\"4546\" data-end=\"4588\">Kit de Sellado Jungheinrich \u2013 50105674<\/strong> est\u00e1 dise\u00f1ado para los cilindros hidr\u00e1ulicos de desplazamiento de las carretillas Jungheinrich. Mantiene la estanqueidad y evita fugas de aceite bajo alta presi\u00f3n.<\/p>\n<p data-start=\"4756\" data-end=\"4779\"><strong data-start=\"4756\" data-end=\"4777\">Especificaciones:<\/strong><\/p>\n<ul data-start=\"4780\" data-end=\"5129\">\n<li data-start=\"4780\" data-end=\"4874\">\n<p data-start=\"4782\" data-end=\"4874\"><strong data-start=\"4782\" data-end=\"4806\">Nombre del producto:<\/strong> Kit de Sellado Cilindro de Desplazamiento Jungheinrich \u2013 50105674<\/p>\n<\/li>\n<li data-start=\"4875\" data-end=\"4908\">\n<p data-start=\"4877\" data-end=\"4908\"><strong data-start=\"4877\" data-end=\"4897\">C\u00f3digo de pieza:<\/strong> 50105674<\/p>\n<\/li>\n<li data-start=\"4909\" data-end=\"4973\">\n<p data-start=\"4911\" data-end=\"4973\"><strong data-start=\"4911\" data-end=\"4925\">Contenido:<\/strong> Sellos de pist\u00f3n, limpiadores, juntas t\u00f3ricas<\/p>\n<\/li>\n<li data-start=\"4974\" data-end=\"5061\">\n<p data-start=\"4976\" data-end=\"5061\"><strong data-start=\"4976\" data-end=\"4991\">Aplicaci\u00f3n:<\/strong> Cilindros hidr\u00e1ulicos de desplazamiento de carretillas Jungheinrich<\/p>\n<\/li>\n<li data-start=\"5062\" data-end=\"5129\">\n<p data-start=\"5064\" data-end=\"5129\"><strong data-start=\"5064\" data-end=\"5076\">Ventaja:<\/strong> Ajuste original, alta resistencia, larga vida \u00fatil<\/p>\n<\/li>\n<\/ul>\n","protected":false},"featured_media":18671,"template":"","meta":[],"product_brand":[],"product_cat":[470,522,523,236,246],"product_tag":[],"class_list":{"0":"post-18669","1":"product","2":"type-product","3":"status-publish","4":"has-post-thumbnail","6":"product_cat-diger-yedek-parcalar","7":"product_cat-yedek-parca-jungheinrich","8":"product_cat-yedek-parca-linde","9":"product_cat-jungheinrich","10":"product_cat-linde","12":"first","13":"instock","14":"taxable","15":"shipping-taxable","16":"purchasable","17":"product-type-simple"},"_links":{"self":[{"href":"https:\/\/ceoparts.com\/es\/wp-json\/wp\/v2\/product\/18669","targetHints":{"allow":["GET"]}}],"collection":[{"href":"https:\/\/ceoparts.com\/es\/wp-json\/wp\/v2\/product"}],"about":[{"href":"https:\/\/ceoparts.com\/es\/wp-json\/wp\/v2\/types\/product"}],"wp:featuredmedia":[{"embeddable":true,"href":"https:\/\/ceoparts.com\/es\/wp-json\/wp\/v2\/media\/18671"}],"wp:attachment":[{"href":"https:\/\/ceoparts.com\/es\/wp-json\/wp\/v2\/media?parent=18669"}],"wp:term":[{"taxonomy":"product_brand","embeddable":true,"href":"https:\/\/ceoparts.com\/es\/wp-json\/wp\/v2\/product_brand?post=18669"},{"taxonomy":"product_cat","embeddable":true,"href":"https:\/\/ceoparts.com\/es\/wp-json\/wp\/v2\/product_cat?post=18669"},{"taxonomy":"product_tag","embeddable":true,"href":"https:\/\/ceoparts.com\/es\/wp-json\/wp\/v2\/product_tag?post=18669"}],"curies":[{"name":"wp","href":"https:\/\/api.w.org\/{rel}","templated":true}]}}