{"id":18672,"date":"2025-10-08T11:17:07","date_gmt":"2025-10-08T08:17:07","guid":{"rendered":"https:\/\/ceoparts.com\/?post_type=product&#038;p=18672"},"modified":"2026-05-03T03:32:23","modified_gmt":"2026-05-03T00:32:23","slug":"still-rx-levye-kol-0722087","status":"publish","type":"product","link":"https:\/\/ceoparts.com\/es\/urun\/still-rx-levye-kol-0722087\/","title":{"rendered":"Palanca STILL RX \u2013 0722087"},"content":{"rendered":"<p>Palanca STILL RX \u2013 0722087<\/p>","protected":false},"excerpt":{"rendered":"<p data-start=\"3980\" data-end=\"4165\">La <strong data-start=\"3983\" data-end=\"4024\">Palanca de Control STILL RX \u2013 0722087<\/strong> se utiliza en las carretillas elevadoras STILL serie RX para controlar con precisi\u00f3n las funciones hidr\u00e1ulicas de elevaci\u00f3n y basculaci\u00f3n.<\/p>\n<p data-start=\"4167\" data-end=\"4190\"><strong data-start=\"4167\" data-end=\"4188\">Especificaciones:<\/strong><\/p>\n<ul data-start=\"4191\" data-end=\"4486\">\n<li data-start=\"4191\" data-end=\"4257\">\n<p data-start=\"4193\" data-end=\"4257\"><strong data-start=\"4193\" data-end=\"4217\">Nombre del producto:<\/strong> Palanca de Control STILL RX \u2013 0722087<\/p>\n<\/li>\n<li data-start=\"4258\" data-end=\"4290\">\n<p data-start=\"4260\" data-end=\"4290\"><strong data-start=\"4260\" data-end=\"4280\">C\u00f3digo de pieza:<\/strong> 0722087<\/p>\n<\/li>\n<li data-start=\"4291\" data-end=\"4350\">\n<p data-start=\"4293\" data-end=\"4350\"><strong data-start=\"4293\" data-end=\"4306\">Material:<\/strong> Cuerpo de acero con empu\u00f1adura ergon\u00f3mica<\/p>\n<\/li>\n<li data-start=\"4351\" data-end=\"4424\">\n<p data-start=\"4353\" data-end=\"4424\"><strong data-start=\"4353\" data-end=\"4368\">Aplicaci\u00f3n:<\/strong> Sistema de control hidr\u00e1ulico de carretillas STILL RX<\/p>\n<\/li>\n<li data-start=\"4425\" data-end=\"4486\">\n<p data-start=\"4427\" data-end=\"4486\"><strong data-start=\"4427\" data-end=\"4439\">Ventaja:<\/strong> Manejo preciso, durabilidad, ajuste original<\/p>\n<\/li>\n<\/ul>\n","protected":false},"featured_media":18673,"template":"","meta":[],"product_brand":[],"product_cat":[450,524,241],"product_tag":[],"class_list":{"0":"post-18672","1":"product","2":"type-product","3":"status-publish","4":"has-post-thumbnail","6":"product_cat-direksiyon-sistemleri","7":"product_cat-yedek-parca-still","8":"product_cat-still","10":"first","11":"instock","12":"taxable","13":"shipping-taxable","14":"purchasable","15":"product-type-simple"},"_links":{"self":[{"href":"https:\/\/ceoparts.com\/es\/wp-json\/wp\/v2\/product\/18672","targetHints":{"allow":["GET"]}}],"collection":[{"href":"https:\/\/ceoparts.com\/es\/wp-json\/wp\/v2\/product"}],"about":[{"href":"https:\/\/ceoparts.com\/es\/wp-json\/wp\/v2\/types\/product"}],"wp:featuredmedia":[{"embeddable":true,"href":"https:\/\/ceoparts.com\/es\/wp-json\/wp\/v2\/media\/18673"}],"wp:attachment":[{"href":"https:\/\/ceoparts.com\/es\/wp-json\/wp\/v2\/media?parent=18672"}],"wp:term":[{"taxonomy":"product_brand","embeddable":true,"href":"https:\/\/ceoparts.com\/es\/wp-json\/wp\/v2\/product_brand?post=18672"},{"taxonomy":"product_cat","embeddable":true,"href":"https:\/\/ceoparts.com\/es\/wp-json\/wp\/v2\/product_cat?post=18672"},{"taxonomy":"product_tag","embeddable":true,"href":"https:\/\/ceoparts.com\/es\/wp-json\/wp\/v2\/product_tag?post=18672"}],"curies":[{"name":"wp","href":"https:\/\/api.w.org\/{rel}","templated":true}]}}