{"id":18700,"date":"2025-10-16T09:51:42","date_gmt":"2025-10-16T06:51:42","guid":{"rendered":"https:\/\/ceoparts.com\/?post_type=product&#038;p=18700"},"modified":"2026-05-03T04:03:35","modified_gmt":"2026-05-03T01:03:35","slug":"yale-oransal-koruklu-buton-524148522","status":"publish","type":"product","link":"https:\/\/ceoparts.com\/es\/urun\/yale-oransal-koruklu-buton-524148522\/","title":{"rendered":"Bot\u00f3n de fuelle proporcional Yale \u2013 524148522"},"content":{"rendered":"<p>Bot\u00f3n de fuelle proporcional Yale \u2013 524148522<\/p>","protected":false},"excerpt":{"rendered":"<p data-start=\"4229\" data-end=\"4448\">El <strong data-start=\"4232\" data-end=\"4282\">Bot\u00f3n Proporcional con Fuelle Yale \u2013 524148522<\/strong> se utiliza en las carretillas elevadoras Yale para un control preciso de elevaci\u00f3n, descenso e inclinaci\u00f3n. Su dise\u00f1o con fuelle protege de polvo, grasa y humedad.<\/p>\n<p data-start=\"4450\" data-end=\"4473\"><strong data-start=\"4450\" data-end=\"4471\">Especificaciones:<\/strong><\/p>\n<ul data-start=\"4474\" data-end=\"4815\">\n<li data-start=\"4474\" data-end=\"4549\">\n<p data-start=\"4476\" data-end=\"4549\"><strong data-start=\"4476\" data-end=\"4500\">Nombre del producto:<\/strong> Bot\u00f3n Proporcional con Fuelle Yale \u2013 524148522<\/p>\n<\/li>\n<li data-start=\"4550\" data-end=\"4584\">\n<p data-start=\"4552\" data-end=\"4584\"><strong data-start=\"4552\" data-end=\"4572\">C\u00f3digo de pieza:<\/strong> 524148522<\/p>\n<\/li>\n<li data-start=\"4585\" data-end=\"4647\">\n<p data-start=\"4587\" data-end=\"4647\"><strong data-start=\"4587\" data-end=\"4600\">Material:<\/strong> Pl\u00e1stico industrial con cubierta de silicona<\/p>\n<\/li>\n<li data-start=\"4648\" data-end=\"4726\">\n<p data-start=\"4650\" data-end=\"4726\"><strong data-start=\"4650\" data-end=\"4665\">Aplicaci\u00f3n:<\/strong> Panel de control hidr\u00e1ulico y joystick de carretillas Yale<\/p>\n<\/li>\n<li data-start=\"4727\" data-end=\"4815\">\n<p data-start=\"4729\" data-end=\"4815\"><strong data-start=\"4729\" data-end=\"4741\">Ventaja:<\/strong> Control preciso, protecci\u00f3n IP65, instalaci\u00f3n sencilla, larga vida \u00fatil<\/p>\n<\/li>\n<\/ul>\n","protected":false},"featured_media":18703,"template":"","meta":[],"product_brand":[],"product_cat":[454],"product_tag":[],"class_list":{"0":"post-18700","1":"product","2":"type-product","3":"status-publish","4":"has-post-thumbnail","6":"product_cat-switch-ve-buton","8":"first","9":"instock","10":"taxable","11":"shipping-taxable","12":"purchasable","13":"product-type-simple"},"_links":{"self":[{"href":"https:\/\/ceoparts.com\/es\/wp-json\/wp\/v2\/product\/18700","targetHints":{"allow":["GET"]}}],"collection":[{"href":"https:\/\/ceoparts.com\/es\/wp-json\/wp\/v2\/product"}],"about":[{"href":"https:\/\/ceoparts.com\/es\/wp-json\/wp\/v2\/types\/product"}],"wp:featuredmedia":[{"embeddable":true,"href":"https:\/\/ceoparts.com\/es\/wp-json\/wp\/v2\/media\/18703"}],"wp:attachment":[{"href":"https:\/\/ceoparts.com\/es\/wp-json\/wp\/v2\/media?parent=18700"}],"wp:term":[{"taxonomy":"product_brand","embeddable":true,"href":"https:\/\/ceoparts.com\/es\/wp-json\/wp\/v2\/product_brand?post=18700"},{"taxonomy":"product_cat","embeddable":true,"href":"https:\/\/ceoparts.com\/es\/wp-json\/wp\/v2\/product_cat?post=18700"},{"taxonomy":"product_tag","embeddable":true,"href":"https:\/\/ceoparts.com\/es\/wp-json\/wp\/v2\/product_tag?post=18700"}],"curies":[{"name":"wp","href":"https:\/\/api.w.org\/{rel}","templated":true}]}}