{"id":18709,"date":"2025-10-16T11:25:24","date_gmt":"2025-10-16T08:25:24","guid":{"rendered":"https:\/\/ceoparts.com\/?post_type=product&#038;p=18709"},"modified":"2026-05-03T05:02:50","modified_gmt":"2026-05-03T02:02:50","slug":"20x23x30-mm-ere-catal-mekanizma-burcu","status":"publish","type":"product","link":"https:\/\/ceoparts.com\/es\/urun\/20x23x30-mm-ere-catal-mekanizma-burcu\/","title":{"rendered":"Casquillo del mecanismo de horquilla ERE 20x23x30 mm"},"content":{"rendered":"<p>Casquillo del mecanismo de horquilla ERE 20x23x30 mm<\/p>","protected":false},"excerpt":{"rendered":"<p data-start=\"4081\" data-end=\"4310\">El <strong data-start=\"4084\" data-end=\"4139\">Casquillo de Mecanismo de Horquilla ERE 20x23x30 mm<\/strong> est\u00e1 dise\u00f1ado para los sistemas de elevaci\u00f3n y gu\u00eda de las carretillas el\u00e9ctricas Jungheinrich serie ERE. Reduce la fricci\u00f3n y prolonga la vida \u00fatil de los componentes.<\/p>\n<p data-start=\"4312\" data-end=\"4335\"><strong data-start=\"4312\" data-end=\"4333\">Especificaciones:<\/strong><\/p>\n<ul data-start=\"4336\" data-end=\"4670\">\n<li data-start=\"4336\" data-end=\"4416\">\n<p data-start=\"4338\" data-end=\"4416\"><strong data-start=\"4338\" data-end=\"4362\">Nombre del producto:<\/strong> Casquillo de Mecanismo de Horquilla ERE 20x23x30 mm<\/p>\n<\/li>\n<li data-start=\"4417\" data-end=\"4489\">\n<p data-start=\"4419\" data-end=\"4489\"><strong data-start=\"4419\" data-end=\"4435\">Dimensiones:<\/strong> Interior: 20 mm | Exterior: 23 mm | Longitud: 30 mm<\/p>\n<\/li>\n<li data-start=\"4490\" data-end=\"4543\">\n<p data-start=\"4492\" data-end=\"4543\"><strong data-start=\"4492\" data-end=\"4505\">Material:<\/strong> Aleaci\u00f3n de bronce o compuesto PTFE<\/p>\n<\/li>\n<li data-start=\"4544\" data-end=\"4604\">\n<p data-start=\"4546\" data-end=\"4604\"><strong data-start=\"4546\" data-end=\"4561\">Aplicaci\u00f3n:<\/strong> Sistemas de horquilla de carretillas ERE<\/p>\n<\/li>\n<li data-start=\"4605\" data-end=\"4670\">\n<p data-start=\"4607\" data-end=\"4670\"><strong data-start=\"4607\" data-end=\"4619\">Ventaja:<\/strong> Baja fricci\u00f3n, durabilidad, operaci\u00f3n silenciosa<\/p>\n<\/li>\n<\/ul>\n","protected":false},"featured_media":18712,"template":"","meta":[],"product_brand":[],"product_cat":[465],"product_tag":[],"class_list":{"0":"post-18709","1":"product","2":"type-product","3":"status-publish","4":"has-post-thumbnail","6":"product_cat-catal-burclari","8":"first","9":"instock","10":"taxable","11":"shipping-taxable","12":"purchasable","13":"product-type-simple"},"_links":{"self":[{"href":"https:\/\/ceoparts.com\/es\/wp-json\/wp\/v2\/product\/18709","targetHints":{"allow":["GET"]}}],"collection":[{"href":"https:\/\/ceoparts.com\/es\/wp-json\/wp\/v2\/product"}],"about":[{"href":"https:\/\/ceoparts.com\/es\/wp-json\/wp\/v2\/types\/product"}],"wp:featuredmedia":[{"embeddable":true,"href":"https:\/\/ceoparts.com\/es\/wp-json\/wp\/v2\/media\/18712"}],"wp:attachment":[{"href":"https:\/\/ceoparts.com\/es\/wp-json\/wp\/v2\/media?parent=18709"}],"wp:term":[{"taxonomy":"product_brand","embeddable":true,"href":"https:\/\/ceoparts.com\/es\/wp-json\/wp\/v2\/product_brand?post=18709"},{"taxonomy":"product_cat","embeddable":true,"href":"https:\/\/ceoparts.com\/es\/wp-json\/wp\/v2\/product_cat?post=18709"},{"taxonomy":"product_tag","embeddable":true,"href":"https:\/\/ceoparts.com\/es\/wp-json\/wp\/v2\/product_tag?post=18709"}],"curies":[{"name":"wp","href":"https:\/\/api.w.org\/{rel}","templated":true}]}}