{"id":18724,"date":"2025-10-16T13:24:41","date_gmt":"2025-10-16T10:24:41","guid":{"rendered":"https:\/\/ceoparts.com\/?post_type=product&#038;p=18724"},"modified":"2026-05-03T05:59:39","modified_gmt":"2026-05-03T02:59:39","slug":"bt-yay-261916","status":"publish","type":"product","link":"https:\/\/ceoparts.com\/es\/urun\/bt-yay-261916\/","title":{"rendered":"Resorte BT \u2013 261916"},"content":{"rendered":"<p>Resorte BT \u2013 261916<\/p>\n<p>BT 261916<\/p>\n<p>SWE100<\/p>\n<p>SWE120<\/p>\n<p>SWE140<\/p>\n<p>SWE200<\/p>","protected":false},"excerpt":{"rendered":"<p data-start=\"3410\" data-end=\"3564\">El <strong data-start=\"3413\" data-end=\"3436\">Resorte BT \u2013 261916<\/strong> se utiliza en los sistemas mec\u00e1nicos y de direcci\u00f3n de las carretillas BT para mantener la estabilidad y la tensi\u00f3n adecuada.<\/p>\n<p data-start=\"3566\" data-end=\"3589\"><strong data-start=\"3566\" data-end=\"3587\">Especificaciones:<\/strong><\/p>\n<ul data-start=\"3590\" data-end=\"3857\">\n<li data-start=\"3590\" data-end=\"3638\">\n<p data-start=\"3592\" data-end=\"3638\"><strong data-start=\"3592\" data-end=\"3616\">Nombre del producto:<\/strong> Resorte BT \u2013 261916<\/p>\n<\/li>\n<li data-start=\"3639\" data-end=\"3670\">\n<p data-start=\"3641\" data-end=\"3670\"><strong data-start=\"3641\" data-end=\"3661\">C\u00f3digo de pieza:<\/strong> 261916<\/p>\n<\/li>\n<li data-start=\"3671\" data-end=\"3729\">\n<p data-start=\"3673\" data-end=\"3729\"><strong data-start=\"3673\" data-end=\"3686\">Material:<\/strong> Acero para resortes tratado t\u00e9rmicamente<\/p>\n<\/li>\n<li data-start=\"3730\" data-end=\"3793\">\n<p data-start=\"3732\" data-end=\"3793\"><strong data-start=\"3732\" data-end=\"3747\">Aplicaci\u00f3n:<\/strong> Sistemas de direcci\u00f3n, pedales y equilibrio<\/p>\n<\/li>\n<li data-start=\"3794\" data-end=\"3857\">\n<p data-start=\"3796\" data-end=\"3857\"><strong data-start=\"3796\" data-end=\"3808\">Ventaja:<\/strong> Alta resistencia, durabilidad, ajuste original<\/p>\n<\/li>\n<\/ul>\n","protected":false},"featured_media":18726,"template":"","meta":[],"product_brand":[],"product_cat":[470,518,251],"product_tag":[],"class_list":{"0":"post-18724","1":"product","2":"type-product","3":"status-publish","4":"has-post-thumbnail","6":"product_cat-diger-yedek-parcalar","7":"product_cat-yedek-parca-bt","8":"product_cat-bt","10":"first","11":"instock","12":"taxable","13":"shipping-taxable","14":"purchasable","15":"product-type-simple"},"_links":{"self":[{"href":"https:\/\/ceoparts.com\/es\/wp-json\/wp\/v2\/product\/18724","targetHints":{"allow":["GET"]}}],"collection":[{"href":"https:\/\/ceoparts.com\/es\/wp-json\/wp\/v2\/product"}],"about":[{"href":"https:\/\/ceoparts.com\/es\/wp-json\/wp\/v2\/types\/product"}],"wp:featuredmedia":[{"embeddable":true,"href":"https:\/\/ceoparts.com\/es\/wp-json\/wp\/v2\/media\/18726"}],"wp:attachment":[{"href":"https:\/\/ceoparts.com\/es\/wp-json\/wp\/v2\/media?parent=18724"}],"wp:term":[{"taxonomy":"product_brand","embeddable":true,"href":"https:\/\/ceoparts.com\/es\/wp-json\/wp\/v2\/product_brand?post=18724"},{"taxonomy":"product_cat","embeddable":true,"href":"https:\/\/ceoparts.com\/es\/wp-json\/wp\/v2\/product_cat?post=18724"},{"taxonomy":"product_tag","embeddable":true,"href":"https:\/\/ceoparts.com\/es\/wp-json\/wp\/v2\/product_tag?post=18724"}],"curies":[{"name":"wp","href":"https:\/\/api.w.org\/{rel}","templated":true}]}}