{"id":18727,"date":"2025-10-16T14:34:34","date_gmt":"2025-10-16T11:34:34","guid":{"rendered":"https:\/\/ceoparts.com\/?post_type=product&#038;p=18727"},"modified":"2026-05-16T13:22:13","modified_gmt":"2026-05-16T10:22:13","slug":"jungheinrich-amortisor-51386550","status":"publish","type":"product","link":"https:\/\/ceoparts.com\/es\/urun\/jungheinrich-amortisor-51386550\/","title":{"rendered":"Amortiguador Jungheinrich \u2013 51386550"},"content":{"rendered":"<p>Amortiguador Jungheinrich \u2013 51386550<\/p>","protected":false},"excerpt":{"rendered":"<p data-start=\"3778\" data-end=\"3962\">El <strong data-start=\"3781\" data-end=\"3821\">Amortiguador Jungheinrich \u2013 51386550<\/strong> se utiliza en los sistemas de direcci\u00f3n y suspensi\u00f3n de las carretillas Jungheinrich. Ofrece una conducci\u00f3n m\u00e1s suave y menos vibraciones.<\/p>\n<p data-start=\"3964\" data-end=\"3987\"><strong data-start=\"3964\" data-end=\"3985\">Especificaciones:<\/strong><\/p>\n<ul data-start=\"3988\" data-end=\"4246\">\n<li data-start=\"3988\" data-end=\"4053\">\n<p data-start=\"3990\" data-end=\"4053\"><strong data-start=\"3990\" data-end=\"4014\">Nombre del producto:<\/strong> Amortiguador Jungheinrich \u2013 51386550<\/p>\n<\/li>\n<li data-start=\"4054\" data-end=\"4087\">\n<p data-start=\"4056\" data-end=\"4087\"><strong data-start=\"4056\" data-end=\"4076\">C\u00f3digo de pieza:<\/strong> 51386550<\/p>\n<\/li>\n<li data-start=\"4088\" data-end=\"4125\">\n<p data-start=\"4090\" data-end=\"4125\"><strong data-start=\"4090\" data-end=\"4099\">Tipo:<\/strong> Amortiguador hidr\u00e1ulico<\/p>\n<\/li>\n<li data-start=\"4126\" data-end=\"4179\">\n<p data-start=\"4128\" data-end=\"4179\"><strong data-start=\"4128\" data-end=\"4141\">Material:<\/strong> Cuerpo de acero con soporte de goma<\/p>\n<\/li>\n<li data-start=\"4180\" data-end=\"4246\">\n<p data-start=\"4182\" data-end=\"4246\"><strong data-start=\"4182\" data-end=\"4194\">Ventaja:<\/strong> Menos vibraci\u00f3n, larga vida \u00fatil, ajuste original<\/p>\n<\/li>\n<\/ul>\n","protected":false},"featured_media":18731,"template":"","meta":[],"product_brand":[],"product_cat":[497,236,522],"product_tag":[],"class_list":{"0":"post-18727","1":"product","2":"type-product","3":"status-publish","4":"has-post-thumbnail","6":"product_cat-amortisor-grubu","7":"product_cat-jungheinrich","8":"product_cat-yedek-parca-jungheinrich","10":"first","11":"instock","12":"taxable","13":"shipping-taxable","14":"purchasable","15":"product-type-simple"},"_links":{"self":[{"href":"https:\/\/ceoparts.com\/es\/wp-json\/wp\/v2\/product\/18727","targetHints":{"allow":["GET"]}}],"collection":[{"href":"https:\/\/ceoparts.com\/es\/wp-json\/wp\/v2\/product"}],"about":[{"href":"https:\/\/ceoparts.com\/es\/wp-json\/wp\/v2\/types\/product"}],"wp:featuredmedia":[{"embeddable":true,"href":"https:\/\/ceoparts.com\/es\/wp-json\/wp\/v2\/media\/18731"}],"wp:attachment":[{"href":"https:\/\/ceoparts.com\/es\/wp-json\/wp\/v2\/media?parent=18727"}],"wp:term":[{"taxonomy":"product_brand","embeddable":true,"href":"https:\/\/ceoparts.com\/es\/wp-json\/wp\/v2\/product_brand?post=18727"},{"taxonomy":"product_cat","embeddable":true,"href":"https:\/\/ceoparts.com\/es\/wp-json\/wp\/v2\/product_cat?post=18727"},{"taxonomy":"product_tag","embeddable":true,"href":"https:\/\/ceoparts.com\/es\/wp-json\/wp\/v2\/product_tag?post=18727"}],"curies":[{"name":"wp","href":"https:\/\/api.w.org\/{rel}","templated":true}]}}