{"id":19050,"date":"2025-10-24T15:54:28","date_gmt":"2025-10-24T12:54:28","guid":{"rendered":"https:\/\/ceoparts.com\/?post_type=product&#038;p=19050"},"modified":"2026-05-02T19:22:02","modified_gmt":"2026-05-02T16:22:02","slug":"jungheinrich-denge-mekanizmasi-50019785","status":"publish","type":"product","link":"https:\/\/ceoparts.com\/es\/urun\/jungheinrich-denge-mekanizmasi-50019785\/","title":{"rendered":"Mecanismo de equilibrio Jungheinrich \u2013 50019785"},"content":{"rendered":"<p>Mecanismo de equilibrio Jungheinrich \u2013 50019785<\/p>\n<p>Jungheinrich 51100613, 50019785<\/p>\n<p>&nbsp;<\/p>\n<table dir=\"ltr\" border=\"0\" width=\"268\" cellspacing=\"0\" cellpadding=\"2\">\n<tbody>\n<tr>\n<td width=\"62%\" height=\"19\">\n<p align=\"left\"><span style=\"font-family: Calibri; font-size: medium;\">EJD 20-3<\/span><\/p>\n<\/td>\n<td width=\"38%\" height=\"19\">\n<p align=\"left\"><span style=\"font-family: Calibri; font-size: medium;\">6.98 &#8211; 7.05<\/span><\/p>\n<\/td>\n<\/tr>\n<tr>\n<td width=\"62%\" height=\"19\">\n<p align=\"left\"><span style=\"font-family: Calibri; font-size: medium;\">EJD 20-3 XL<\/span><\/p>\n<\/td>\n<td width=\"38%\" height=\"19\">\n<p align=\"left\"><span style=\"font-family: Calibri; font-size: medium;\">5.05 &#8211;<\/span><\/p>\n<\/td>\n<\/tr>\n<tr>\n<td width=\"62%\" height=\"19\">\n<p align=\"left\"><span style=\"font-family: Calibri; font-size: medium;\">EJD 220<\/span><\/p>\n<\/td>\n<td width=\"38%\" height=\"19\">\n<p align=\"left\"><span style=\"font-family: Calibri; font-size: medium;\">6.05 &#8211; 3.10<\/span><\/p>\n<\/td>\n<\/tr>\n<tr>\n<td width=\"62%\" height=\"19\">\n<p align=\"left\"><span style=\"font-family: Calibri; font-size: medium;\">WP 20 D (MIC)<\/span><\/p>\n<\/td>\n<td width=\"38%\" height=\"19\">\n<p align=\"left\"><span style=\"font-family: Calibri; font-size: medium;\">8.02 &#8211; 4.08<\/span><\/p>\n<\/td>\n<\/tr>\n<tr>\n<td width=\"62%\" height=\"19\">\n<p align=\"left\"><span style=\"font-family: Calibri; font-size: medium;\">WP 20 D (MIC)<\/span><\/p>\n<\/td>\n<td width=\"38%\" height=\"19\">\n<p align=\"left\"><span style=\"font-family: Calibri; font-size: medium;\">11.00 &#8211; 7.0<\/span><\/p>\n<\/td>\n<\/tr>\n<\/tbody>\n<\/table>","protected":false},"excerpt":{"rendered":"<p data-start=\"3784\" data-end=\"4000\">El <strong data-start=\"3787\" data-end=\"3838\">Mecanismo de Equilibrio Jungheinrich \u2013 50019785<\/strong> se utiliza en los sistemas de elevaci\u00f3n y direcci\u00f3n de las carretillas Jungheinrich. Garantiza un funcionamiento suave y una distribuci\u00f3n uniforme de la carga.<\/p>\n<p data-start=\"4002\" data-end=\"4025\"><strong data-start=\"4002\" data-end=\"4023\">Especificaciones:<\/strong><\/p>\n<ul data-start=\"4026\" data-end=\"4245\">\n<li data-start=\"4026\" data-end=\"4091\">\n<p data-start=\"4028\" data-end=\"4091\"><strong data-start=\"4028\" data-end=\"4052\">Nombre del producto:<\/strong> Mecanismo de Equilibrio Jungheinrich<\/p>\n<\/li>\n<li data-start=\"4092\" data-end=\"4125\">\n<p data-start=\"4094\" data-end=\"4125\"><strong data-start=\"4094\" data-end=\"4114\">C\u00f3digo de pieza:<\/strong> 50019785<\/p>\n<\/li>\n<li data-start=\"4126\" data-end=\"4177\">\n<p data-start=\"4128\" data-end=\"4177\"><strong data-start=\"4128\" data-end=\"4141\">Material:<\/strong> Acero forjado de alta resistencia<\/p>\n<\/li>\n<li data-start=\"4178\" data-end=\"4245\">\n<p data-start=\"4180\" data-end=\"4245\"><strong data-start=\"4180\" data-end=\"4192\">Ventaja:<\/strong> Alta estabilidad, larga vida \u00fatil, ajuste original<\/p>\n<\/li>\n<\/ul>\n<p>&nbsp;<\/p>\n","protected":false},"featured_media":19059,"template":"","meta":[],"product_brand":[],"product_cat":[420,422],"product_tag":[],"class_list":{"0":"post-19050","1":"product","2":"type-product","3":"status-publish","4":"has-post-thumbnail","6":"product_cat-denge-mekanizmalar","7":"product_cat-jungheinrich-denge-mekanizma","9":"first","10":"instock","11":"taxable","12":"shipping-taxable","13":"purchasable","14":"product-type-simple"},"_links":{"self":[{"href":"https:\/\/ceoparts.com\/es\/wp-json\/wp\/v2\/product\/19050","targetHints":{"allow":["GET"]}}],"collection":[{"href":"https:\/\/ceoparts.com\/es\/wp-json\/wp\/v2\/product"}],"about":[{"href":"https:\/\/ceoparts.com\/es\/wp-json\/wp\/v2\/types\/product"}],"wp:featuredmedia":[{"embeddable":true,"href":"https:\/\/ceoparts.com\/es\/wp-json\/wp\/v2\/media\/19059"}],"wp:attachment":[{"href":"https:\/\/ceoparts.com\/es\/wp-json\/wp\/v2\/media?parent=19050"}],"wp:term":[{"taxonomy":"product_brand","embeddable":true,"href":"https:\/\/ceoparts.com\/es\/wp-json\/wp\/v2\/product_brand?post=19050"},{"taxonomy":"product_cat","embeddable":true,"href":"https:\/\/ceoparts.com\/es\/wp-json\/wp\/v2\/product_cat?post=19050"},{"taxonomy":"product_tag","embeddable":true,"href":"https:\/\/ceoparts.com\/es\/wp-json\/wp\/v2\/product_tag?post=19050"}],"curies":[{"name":"wp","href":"https:\/\/api.w.org\/{rel}","templated":true}]}}