{"id":19277,"date":"2025-10-30T08:56:44","date_gmt":"2025-10-30T05:56:44","guid":{"rendered":"https:\/\/ceoparts.com\/?post_type=product&#038;p=19277"},"modified":"2026-05-16T12:10:26","modified_gmt":"2026-05-16T09:10:26","slug":"jungheinrich-kontrol-kafasi-51730050","status":"publish","type":"product","link":"https:\/\/ceoparts.com\/es\/urun\/jungheinrich-kontrol-kafasi-51730050\/","title":{"rendered":"Conector de bater\u00eda Rema SRE 320 Negro"},"content":{"rendered":"<p>Conector de bater\u00eda Rema SRE 320 Negro<\/p>\n<p><span dir=\"auto\">Jungheinrich 51730050<\/span><\/p>\n<p><span dir=\"auto\">ERE 225 KP 7.08 &#8211;<\/span><br \/>\n<span dir=\"auto\">ERE 120n 9.09 &#8211; 1.18<\/span><br \/>\n<span dir=\"auto\">ECE 118 4.10 &#8211; 2.13<\/span><br \/>\n<span dir=\"auto\">ERE 120 5.12 &#8211;<\/span><br \/>\n<span dir=\"auto\">ERE 120n (NICHIYU) 1.11 &#8211; 2.20<\/span><br \/>\n<span dir=\"auto\">ECE 118 4.13 &#8211;<\/span><br \/>\n<span dir=\"auto\">ERE 120 \/ 125 \/ 225 10.16 &#8211;<\/span><br \/>\n<span dir=\"auto\">ERE 120 \/ 125 \/ 225 (ABD) 10.16 &#8211;<\/span><br \/>\n<span dir=\"auto\">ERE 120n 1.18 &#8211; 4.23<\/span><br \/>\n<span dir=\"auto\">EZS MB 230 7.20 &#8211; 4.23<\/span><br \/>\n<span dir=\"auto\">ERE MB 220\/225 2.23 &#8211;<\/span><br \/>\n<span dir=\"auto\">EZS MB 230 2.23 &#8211;<\/span><\/p>","protected":false},"excerpt":{"rendered":"<p data-start=\"4228\" data-end=\"4467\">El <strong data-start=\"4231\" data-end=\"4277\">Cabezal de Control Jungheinrich \u2013 51730050<\/strong> es el m\u00f3dulo de control original para las carretillas el\u00e9ctricas y transpaletas Jungheinrich. Gestiona todas las funciones de conducci\u00f3n, elevaci\u00f3n y seguridad con precisi\u00f3n y fiabilidad.<\/p>\n<p data-start=\"4469\" data-end=\"4492\"><strong data-start=\"4469\" data-end=\"4490\">Especificaciones:<\/strong><\/p>\n<ul data-start=\"4493\" data-end=\"4812\">\n<li data-start=\"4493\" data-end=\"4564\">\n<p data-start=\"4495\" data-end=\"4564\"><strong data-start=\"4495\" data-end=\"4519\">Nombre del producto:<\/strong> Cabezal de Control Jungheinrich \u2013 51730050<\/p>\n<\/li>\n<li data-start=\"4565\" data-end=\"4598\">\n<p data-start=\"4567\" data-end=\"4598\"><strong data-start=\"4567\" data-end=\"4587\">C\u00f3digo de pieza:<\/strong> 51730050<\/p>\n<\/li>\n<li data-start=\"4599\" data-end=\"4671\">\n<p data-start=\"4601\" data-end=\"4671\"><strong data-start=\"4601\" data-end=\"4614\">Material:<\/strong> Electr\u00f3nica industrial con carcasa pl\u00e1stica resistente<\/p>\n<\/li>\n<li data-start=\"4672\" data-end=\"4750\">\n<p data-start=\"4674\" data-end=\"4750\"><strong data-start=\"4674\" data-end=\"4689\">Aplicaci\u00f3n:<\/strong> Sistema de direcci\u00f3n y control de carretillas Jungheinrich<\/p>\n<\/li>\n<li data-start=\"4751\" data-end=\"4812\">\n<p data-start=\"4753\" data-end=\"4812\"><strong data-start=\"4753\" data-end=\"4765\">Ventaja:<\/strong> Alta precisi\u00f3n, durabilidad, ajuste original<\/p>\n<\/li>\n<\/ul>\n","protected":false},"featured_media":19441,"template":"","meta":[],"product_brand":[],"product_cat":[450,236,522],"product_tag":[],"class_list":{"0":"post-19277","1":"product","2":"type-product","3":"status-publish","4":"has-post-thumbnail","6":"product_cat-direksiyon-sistemleri","7":"product_cat-jungheinrich","8":"product_cat-yedek-parca-jungheinrich","10":"first","11":"instock","12":"taxable","13":"shipping-taxable","14":"purchasable","15":"product-type-simple"},"_links":{"self":[{"href":"https:\/\/ceoparts.com\/es\/wp-json\/wp\/v2\/product\/19277","targetHints":{"allow":["GET"]}}],"collection":[{"href":"https:\/\/ceoparts.com\/es\/wp-json\/wp\/v2\/product"}],"about":[{"href":"https:\/\/ceoparts.com\/es\/wp-json\/wp\/v2\/types\/product"}],"wp:featuredmedia":[{"embeddable":true,"href":"https:\/\/ceoparts.com\/es\/wp-json\/wp\/v2\/media\/19441"}],"wp:attachment":[{"href":"https:\/\/ceoparts.com\/es\/wp-json\/wp\/v2\/media?parent=19277"}],"wp:term":[{"taxonomy":"product_brand","embeddable":true,"href":"https:\/\/ceoparts.com\/es\/wp-json\/wp\/v2\/product_brand?post=19277"},{"taxonomy":"product_cat","embeddable":true,"href":"https:\/\/ceoparts.com\/es\/wp-json\/wp\/v2\/product_cat?post=19277"},{"taxonomy":"product_tag","embeddable":true,"href":"https:\/\/ceoparts.com\/es\/wp-json\/wp\/v2\/product_tag?post=19277"}],"curies":[{"name":"wp","href":"https:\/\/api.w.org\/{rel}","templated":true}]}}