{"id":19291,"date":"2025-10-30T15:04:33","date_gmt":"2025-10-30T12:04:33","guid":{"rendered":"https:\/\/ceoparts.com\/?post_type=product&#038;p=19291"},"modified":"2026-05-16T14:27:59","modified_gmt":"2026-05-16T11:27:59","slug":"jungheinrich-kelepce","status":"publish","type":"product","link":"https:\/\/ceoparts.com\/es\/urun\/jungheinrich-kelepce\/","title":{"rendered":"Abrazadera Jungheinrich"},"content":{"rendered":"<p>Abrazadera Jungheinrich<\/p>","protected":false},"excerpt":{"rendered":"<p data-start=\"1874\" data-end=\"2214\">La abrazadera Jungheinrich est\u00e1 dise\u00f1ada para sujetar de forma segura mangueras hidr\u00e1ulicas, cables o conexiones mec\u00e1nicas en equipos y montacargas. Evita aflojamientos por vibraci\u00f3n y garantiza un funcionamiento estable del sistema.<br data-start=\"2177\" data-end=\"2180\" \/><strong data-start=\"2180\" data-end=\"2212\">Caracter\u00edsticas principales:<\/strong><\/p>\n<ul data-start=\"2215\" data-end=\"2359\">\n<li data-start=\"2215\" data-end=\"2254\">\n<p data-start=\"2217\" data-end=\"2254\">Compatible con equipos Jungheinrich<\/p>\n<\/li>\n<li data-start=\"2255\" data-end=\"2284\">\n<p data-start=\"2257\" data-end=\"2284\">Sujeci\u00f3n fuerte y estable<\/p>\n<\/li>\n<li data-start=\"2285\" data-end=\"2313\">\n<p data-start=\"2287\" data-end=\"2313\">Resistente a vibraciones<\/p>\n<\/li>\n<li data-start=\"2314\" data-end=\"2359\">\n<p data-start=\"2316\" data-end=\"2359\">Apta para sistemas hidr\u00e1ulicos y el\u00e9ctricos<\/p>\n<\/li>\n<\/ul>\n","protected":false},"featured_media":19294,"template":"","meta":[],"product_brand":[],"product_cat":[470,236,522],"product_tag":[],"class_list":{"0":"post-19291","1":"product","2":"type-product","3":"status-publish","4":"has-post-thumbnail","6":"product_cat-diger-yedek-parcalar","7":"product_cat-jungheinrich","8":"product_cat-yedek-parca-jungheinrich","10":"first","11":"instock","12":"taxable","13":"shipping-taxable","14":"purchasable","15":"product-type-simple"},"_links":{"self":[{"href":"https:\/\/ceoparts.com\/es\/wp-json\/wp\/v2\/product\/19291","targetHints":{"allow":["GET"]}}],"collection":[{"href":"https:\/\/ceoparts.com\/es\/wp-json\/wp\/v2\/product"}],"about":[{"href":"https:\/\/ceoparts.com\/es\/wp-json\/wp\/v2\/types\/product"}],"wp:featuredmedia":[{"embeddable":true,"href":"https:\/\/ceoparts.com\/es\/wp-json\/wp\/v2\/media\/19294"}],"wp:attachment":[{"href":"https:\/\/ceoparts.com\/es\/wp-json\/wp\/v2\/media?parent=19291"}],"wp:term":[{"taxonomy":"product_brand","embeddable":true,"href":"https:\/\/ceoparts.com\/es\/wp-json\/wp\/v2\/product_brand?post=19291"},{"taxonomy":"product_cat","embeddable":true,"href":"https:\/\/ceoparts.com\/es\/wp-json\/wp\/v2\/product_cat?post=19291"},{"taxonomy":"product_tag","embeddable":true,"href":"https:\/\/ceoparts.com\/es\/wp-json\/wp\/v2\/product_tag?post=19291"}],"curies":[{"name":"wp","href":"https:\/\/api.w.org\/{rel}","templated":true}]}}