{"id":19306,"date":"2025-10-31T10:54:22","date_gmt":"2025-10-31T07:54:22","guid":{"rendered":"https:\/\/ceoparts.com\/?post_type=product&#038;p=19306"},"modified":"2026-05-16T20:14:29","modified_gmt":"2026-05-16T17:14:29","slug":"linde-t16-tesisat-kablosu-3093810431","status":"publish","type":"product","link":"https:\/\/ceoparts.com\/es\/urun\/linde-t16-tesisat-kablosu-3093810431\/","title":{"rendered":"Arn\u00e9s de cables Linde T16 \u2013 3093810431"},"content":{"rendered":"<p>Arn\u00e9s de cables Linde T16 \u2013 3093810431<\/p>","protected":false},"excerpt":{"rendered":"<p data-start=\"1801\" data-end=\"2174\">El arn\u00e9s de cableado 3093810431 para los transpalets Linde T16 garantiza una transmisi\u00f3n el\u00e9ctrica segura entre los sistemas de control, conducci\u00f3n y sensores. Fabricado seg\u00fan las especificaciones originales de conectores para un rendimiento fiable.<br data-start=\"2137\" data-end=\"2140\" \/><strong data-start=\"2140\" data-end=\"2172\">Caracter\u00edsticas principales:<\/strong><\/p>\n<ul data-start=\"2175\" data-end=\"2316\">\n<li data-start=\"2175\" data-end=\"2197\">\n<p data-start=\"2177\" data-end=\"2197\">C\u00f3digo: 3093810431<\/p>\n<\/li>\n<li data-start=\"2198\" data-end=\"2226\">\n<p data-start=\"2200\" data-end=\"2226\">Compatible con Linde T16<\/p>\n<\/li>\n<li data-start=\"2227\" data-end=\"2260\">\n<p data-start=\"2229\" data-end=\"2260\">Transmisi\u00f3n el\u00e9ctrica estable<\/p>\n<\/li>\n<li data-start=\"2261\" data-end=\"2297\">\n<p data-start=\"2263\" data-end=\"2297\">Conectores seg\u00fan dise\u00f1o original<\/p>\n<\/li>\n<li data-start=\"2298\" data-end=\"2316\">\n<p data-start=\"2300\" data-end=\"2316\">Alta durabilidad<\/p>\n<\/li>\n<\/ul>\n","protected":false},"featured_media":19309,"template":"","meta":[],"product_brand":[],"product_cat":[469,246,523],"product_tag":[],"class_list":{"0":"post-19306","1":"product","2":"type-product","3":"status-publish","4":"has-post-thumbnail","6":"product_cat-elektrik-ve-sistem-parcalari","7":"product_cat-linde","8":"product_cat-yedek-parca-linde","10":"first","11":"instock","12":"taxable","13":"shipping-taxable","14":"purchasable","15":"product-type-simple"},"_links":{"self":[{"href":"https:\/\/ceoparts.com\/es\/wp-json\/wp\/v2\/product\/19306","targetHints":{"allow":["GET"]}}],"collection":[{"href":"https:\/\/ceoparts.com\/es\/wp-json\/wp\/v2\/product"}],"about":[{"href":"https:\/\/ceoparts.com\/es\/wp-json\/wp\/v2\/types\/product"}],"wp:featuredmedia":[{"embeddable":true,"href":"https:\/\/ceoparts.com\/es\/wp-json\/wp\/v2\/media\/19309"}],"wp:attachment":[{"href":"https:\/\/ceoparts.com\/es\/wp-json\/wp\/v2\/media?parent=19306"}],"wp:term":[{"taxonomy":"product_brand","embeddable":true,"href":"https:\/\/ceoparts.com\/es\/wp-json\/wp\/v2\/product_brand?post=19306"},{"taxonomy":"product_cat","embeddable":true,"href":"https:\/\/ceoparts.com\/es\/wp-json\/wp\/v2\/product_cat?post=19306"},{"taxonomy":"product_tag","embeddable":true,"href":"https:\/\/ceoparts.com\/es\/wp-json\/wp\/v2\/product_tag?post=19306"}],"curies":[{"name":"wp","href":"https:\/\/api.w.org\/{rel}","templated":true}]}}