{"id":19310,"date":"2025-10-31T11:09:57","date_gmt":"2025-10-31T08:09:57","guid":{"rendered":"https:\/\/ceoparts.com\/?post_type=product&#038;p=19310"},"modified":"2026-05-03T03:02:09","modified_gmt":"2026-05-03T00:02:09","slug":"jungheinrich-camurluk-50040374","status":"publish","type":"product","link":"https:\/\/ceoparts.com\/es\/urun\/jungheinrich-camurluk-50040374\/","title":{"rendered":"Guardabarros Jungheinrich \u2013 50040374"},"content":{"rendered":"<p>Guardabarros Jungheinrich \u2013 50040374<\/p>","protected":false},"excerpt":{"rendered":"<p data-start=\"1824\" data-end=\"2223\">El contactor Albright SW280 \u2013 54VCO est\u00e1 dise\u00f1ado para aplicaciones DC de alta carga como montacargas el\u00e9ctricos y sistemas de control. Su bobina de 54V ofrece funcionamiento estable y capacidad de conmutaci\u00f3n segura bajo alta corriente. Construcci\u00f3n resistente para uso intensivo.<br data-start=\"2186\" data-end=\"2189\" \/><strong data-start=\"2189\" data-end=\"2221\">Caracter\u00edsticas principales:<\/strong><\/p>\n<ul data-start=\"2224\" data-end=\"2372\">\n<li data-start=\"2224\" data-end=\"2249\">\n<p data-start=\"2226\" data-end=\"2249\">Modelo: SW280 \u2013 54VCO<\/p>\n<\/li>\n<li data-start=\"2250\" data-end=\"2267\">\n<p data-start=\"2252\" data-end=\"2267\">Bobina de 54V<\/p>\n<\/li>\n<li data-start=\"2268\" data-end=\"2299\">\n<p data-start=\"2270\" data-end=\"2299\">Alta capacidad de corriente<\/p>\n<\/li>\n<li data-start=\"2300\" data-end=\"2344\">\n<p data-start=\"2302\" data-end=\"2344\">Ideal para sistemas DC de trabajo pesado<\/p>\n<\/li>\n<li data-start=\"2345\" data-end=\"2372\">\n<p data-start=\"2347\" data-end=\"2372\">Dise\u00f1o duradero y robusto<\/p>\n<\/li>\n<\/ul>\n","protected":false},"featured_media":19313,"template":"","meta":[],"product_brand":[],"product_cat":[472,236,522],"product_tag":[],"class_list":{"0":"post-19310","1":"product","2":"type-product","3":"status-publish","4":"has-post-thumbnail","6":"product_cat-kaporta-aksami","7":"product_cat-jungheinrich","8":"product_cat-yedek-parca-jungheinrich","10":"first","11":"instock","12":"taxable","13":"shipping-taxable","14":"purchasable","15":"product-type-simple"},"_links":{"self":[{"href":"https:\/\/ceoparts.com\/es\/wp-json\/wp\/v2\/product\/19310","targetHints":{"allow":["GET"]}}],"collection":[{"href":"https:\/\/ceoparts.com\/es\/wp-json\/wp\/v2\/product"}],"about":[{"href":"https:\/\/ceoparts.com\/es\/wp-json\/wp\/v2\/types\/product"}],"wp:featuredmedia":[{"embeddable":true,"href":"https:\/\/ceoparts.com\/es\/wp-json\/wp\/v2\/media\/19313"}],"wp:attachment":[{"href":"https:\/\/ceoparts.com\/es\/wp-json\/wp\/v2\/media?parent=19310"}],"wp:term":[{"taxonomy":"product_brand","embeddable":true,"href":"https:\/\/ceoparts.com\/es\/wp-json\/wp\/v2\/product_brand?post=19310"},{"taxonomy":"product_cat","embeddable":true,"href":"https:\/\/ceoparts.com\/es\/wp-json\/wp\/v2\/product_cat?post=19310"},{"taxonomy":"product_tag","embeddable":true,"href":"https:\/\/ceoparts.com\/es\/wp-json\/wp\/v2\/product_tag?post=19310"}],"curies":[{"name":"wp","href":"https:\/\/api.w.org\/{rel}","templated":true}]}}