{"id":19315,"date":"2025-10-31T11:36:40","date_gmt":"2025-10-31T08:36:40","guid":{"rendered":"https:\/\/ceoparts.com\/?post_type=product&#038;p=19315"},"modified":"2026-05-03T03:32:32","modified_gmt":"2026-05-03T00:32:32","slug":"albright-kontaktor-sw280-54vco","status":"publish","type":"product","link":"https:\/\/ceoparts.com\/es\/urun\/albright-kontaktor-sw280-54vco\/","title":{"rendered":"Contactor Albright SW280 &#8211; 54VCO"},"content":{"rendered":"<p>Contactor Albright SW280 &#8211; 54VCO<\/p>","protected":false},"excerpt":{"rendered":"<p data-start=\"1794\" data-end=\"2128\">El contactor Albright SW280 \u2013 54VCO est\u00e1 dise\u00f1ado para aplicaciones de corriente continua de alta carga, como montacargas el\u00e9ctricos y sistemas de control de motores. Su bobina de 54V garantiza una operaci\u00f3n estable y confiable.<br data-start=\"2103\" data-end=\"2106\" \/><strong data-start=\"2106\" data-end=\"2126\">Caracter\u00edsticas:<\/strong><\/p>\n<ul data-start=\"2129\" data-end=\"2272\">\n<li data-start=\"2129\" data-end=\"2154\">\n<p data-start=\"2131\" data-end=\"2154\">Modelo: SW280 \u2013 54VCO<\/p>\n<\/li>\n<li data-start=\"2155\" data-end=\"2172\">\n<p data-start=\"2157\" data-end=\"2172\">Bobina de 54V<\/p>\n<\/li>\n<li data-start=\"2173\" data-end=\"2204\">\n<p data-start=\"2175\" data-end=\"2204\">Alta capacidad de corriente<\/p>\n<\/li>\n<li data-start=\"2205\" data-end=\"2246\">\n<p data-start=\"2207\" data-end=\"2246\">Ideal para aplicaciones DC intensivas<\/p>\n<\/li>\n<li data-start=\"2247\" data-end=\"2272\">\n<p data-start=\"2249\" data-end=\"2272\">Construcci\u00f3n resistente<\/p>\n<\/li>\n<\/ul>\n","protected":false},"featured_media":19320,"template":"","meta":[],"product_brand":[],"product_cat":[462],"product_tag":[],"class_list":{"0":"post-19315","1":"product","2":"type-product","3":"status-publish","4":"has-post-thumbnail","6":"product_cat-kontaktorler","8":"first","9":"instock","10":"taxable","11":"shipping-taxable","12":"purchasable","13":"product-type-simple"},"_links":{"self":[{"href":"https:\/\/ceoparts.com\/es\/wp-json\/wp\/v2\/product\/19315","targetHints":{"allow":["GET"]}}],"collection":[{"href":"https:\/\/ceoparts.com\/es\/wp-json\/wp\/v2\/product"}],"about":[{"href":"https:\/\/ceoparts.com\/es\/wp-json\/wp\/v2\/types\/product"}],"wp:featuredmedia":[{"embeddable":true,"href":"https:\/\/ceoparts.com\/es\/wp-json\/wp\/v2\/media\/19320"}],"wp:attachment":[{"href":"https:\/\/ceoparts.com\/es\/wp-json\/wp\/v2\/media?parent=19315"}],"wp:term":[{"taxonomy":"product_brand","embeddable":true,"href":"https:\/\/ceoparts.com\/es\/wp-json\/wp\/v2\/product_brand?post=19315"},{"taxonomy":"product_cat","embeddable":true,"href":"https:\/\/ceoparts.com\/es\/wp-json\/wp\/v2\/product_cat?post=19315"},{"taxonomy":"product_tag","embeddable":true,"href":"https:\/\/ceoparts.com\/es\/wp-json\/wp\/v2\/product_tag?post=19315"}],"curies":[{"name":"wp","href":"https:\/\/api.w.org\/{rel}","templated":true}]}}