{"id":19321,"date":"2025-10-31T13:55:27","date_gmt":"2025-10-31T10:55:27","guid":{"rendered":"https:\/\/ceoparts.com\/?post_type=product&#038;p=19321"},"modified":"2026-05-03T03:09:37","modified_gmt":"2026-05-03T00:09:37","slug":"still-fmx-fren-manyetigi-11205000500","status":"publish","type":"product","link":"https:\/\/ceoparts.com\/es\/urun\/still-fmx-fren-manyetigi-11205000500\/","title":{"rendered":"Im\u00e1n de freno Still FMX \u2013 11205000500"},"content":{"rendered":"<p>Im\u00e1n de freno Still FMX \u2013 11205000500<\/p>","protected":false},"excerpt":{"rendered":"<p data-start=\"1767\" data-end=\"2130\">El im\u00e1n de freno 11205000500 para montacargas Still FMX activa el sistema de frenado mediante se\u00f1al el\u00e9ctrica, garantizando un rendimiento seguro y constante. Dise\u00f1ado para uso intensivo y totalmente compatible con las dimensiones originales.<br data-start=\"2093\" data-end=\"2096\" \/><strong data-start=\"2096\" data-end=\"2128\">Caracter\u00edsticas principales:<\/strong><\/p>\n<ul data-start=\"2131\" data-end=\"2252\">\n<li data-start=\"2131\" data-end=\"2154\">\n<p data-start=\"2133\" data-end=\"2154\">C\u00f3digo: 11205000500<\/p>\n<\/li>\n<li data-start=\"2155\" data-end=\"2191\">\n<p data-start=\"2157\" data-end=\"2191\">Compatible con modelos Still FMX<\/p>\n<\/li>\n<li data-start=\"2192\" data-end=\"2233\">\n<p data-start=\"2194\" data-end=\"2233\">Activaci\u00f3n electromagn\u00e9tica del freno<\/p>\n<\/li>\n<li data-start=\"2234\" data-end=\"2252\">\n<p data-start=\"2236\" data-end=\"2252\">Alta durabilidad<\/p>\n<\/li>\n<\/ul>\n","protected":false},"featured_media":19326,"template":"","meta":[],"product_brand":[],"product_cat":[449,241,524],"product_tag":[],"class_list":{"0":"post-19321","1":"product","2":"type-product","3":"status-publish","4":"has-post-thumbnail","6":"product_cat-fren-sistem-parcalari","7":"product_cat-still","8":"product_cat-yedek-parca-still","10":"first","11":"instock","12":"taxable","13":"shipping-taxable","14":"purchasable","15":"product-type-simple"},"_links":{"self":[{"href":"https:\/\/ceoparts.com\/es\/wp-json\/wp\/v2\/product\/19321","targetHints":{"allow":["GET"]}}],"collection":[{"href":"https:\/\/ceoparts.com\/es\/wp-json\/wp\/v2\/product"}],"about":[{"href":"https:\/\/ceoparts.com\/es\/wp-json\/wp\/v2\/types\/product"}],"wp:featuredmedia":[{"embeddable":true,"href":"https:\/\/ceoparts.com\/es\/wp-json\/wp\/v2\/media\/19326"}],"wp:attachment":[{"href":"https:\/\/ceoparts.com\/es\/wp-json\/wp\/v2\/media?parent=19321"}],"wp:term":[{"taxonomy":"product_brand","embeddable":true,"href":"https:\/\/ceoparts.com\/es\/wp-json\/wp\/v2\/product_brand?post=19321"},{"taxonomy":"product_cat","embeddable":true,"href":"https:\/\/ceoparts.com\/es\/wp-json\/wp\/v2\/product_cat?post=19321"},{"taxonomy":"product_tag","embeddable":true,"href":"https:\/\/ceoparts.com\/es\/wp-json\/wp\/v2\/product_tag?post=19321"}],"curies":[{"name":"wp","href":"https:\/\/api.w.org\/{rel}","templated":true}]}}