{"id":19670,"date":"2025-11-21T11:13:45","date_gmt":"2025-11-21T08:13:45","guid":{"rendered":"https:\/\/ceoparts.com\/?post_type=product&#038;p=19670"},"modified":"2026-04-11T12:27:12","modified_gmt":"2026-04-11T09:27:12","slug":"continental-segmanli-iz-birakmayan-dolgu-lastik-18x7-8","status":"publish","type":"product","link":"https:\/\/ceoparts.com\/es\/urun\/continental-segmanli-iz-birakmayan-dolgu-lastik-18x7-8\/","title":{"rendered":"Continental Neum\u00e1tico Macizo Antimarca Para Montacargas 18&#215;7-8 (180\/70-8)"},"content":{"rendered":"<p>Continental Neum\u00e1tico Macizo Antimarca Para Montacargas 18&#215;7-8 (180\/70-8)<\/p>","protected":false},"excerpt":{"rendered":"<p data-start=\"5015\" data-end=\"5442\"><strong data-start=\"5015\" data-end=\"5048\">Neum\u00e1ticos macizos no-marking<\/strong><br data-start=\"5048\" data-end=\"5051\" \/>Los neum\u00e1ticos macizos no-marking para montacargas se utilizan especialmente en entornos interiores como la industria alimentaria, farmac\u00e9utica y centros log\u00edsticos donde la limpieza del suelo es fundamental. Su compuesto especial sin carbono negro evita dejar marcas en el suelo y mantiene las superficies limpias. Ofrecen conducci\u00f3n estable, baja vibraci\u00f3n y manipulaci\u00f3n segura de cargas.<\/p>\n<p data-start=\"5444\" data-end=\"5827\"><strong data-start=\"5444\" data-end=\"5473\">Neum\u00e1ticos macizos negros<\/strong><br data-start=\"5473\" data-end=\"5476\" \/>Los neum\u00e1ticos macizos negros contienen carbono negro, lo que proporciona alta resistencia al desgaste, larga vida \u00fatil y un rendimiento s\u00f3lido bajo cargas pesadas. Sin embargo, debido a este componente pueden dejar marcas negras en el suelo. Gracias a su durabilidad y eficiencia de costo se utilizan ampliamente en almacenes y entornos industriales.<\/p>\n<p data-start=\"5829\" data-end=\"5853\" data-is-last-node=\"\" data-is-only-node=\"\"><strong data-start=\"5829\" data-end=\"5853\" data-is-last-node=\"\">\u2193 Seleccione color \u2193<\/strong><\/p>\n","protected":false},"featured_media":19696,"template":"","meta":[],"product_brand":[],"product_cat":[516,535],"product_tag":[],"class_list":{"0":"post-19670","1":"product","2":"type-product","3":"status-publish","4":"has-post-thumbnail","6":"product_cat-dolgu-lastikler","7":"product_cat-iz-birakmayan-dolgu-lastik","9":"first","10":"instock","11":"taxable","12":"shipping-taxable","13":"purchasable","14":"product-type-variable"},"_links":{"self":[{"href":"https:\/\/ceoparts.com\/es\/wp-json\/wp\/v2\/product\/19670","targetHints":{"allow":["GET"]}}],"collection":[{"href":"https:\/\/ceoparts.com\/es\/wp-json\/wp\/v2\/product"}],"about":[{"href":"https:\/\/ceoparts.com\/es\/wp-json\/wp\/v2\/types\/product"}],"wp:featuredmedia":[{"embeddable":true,"href":"https:\/\/ceoparts.com\/es\/wp-json\/wp\/v2\/media\/19696"}],"wp:attachment":[{"href":"https:\/\/ceoparts.com\/es\/wp-json\/wp\/v2\/media?parent=19670"}],"wp:term":[{"taxonomy":"product_brand","embeddable":true,"href":"https:\/\/ceoparts.com\/es\/wp-json\/wp\/v2\/product_brand?post=19670"},{"taxonomy":"product_cat","embeddable":true,"href":"https:\/\/ceoparts.com\/es\/wp-json\/wp\/v2\/product_cat?post=19670"},{"taxonomy":"product_tag","embeddable":true,"href":"https:\/\/ceoparts.com\/es\/wp-json\/wp\/v2\/product_tag?post=19670"}],"curies":[{"name":"wp","href":"https:\/\/api.w.org\/{rel}","templated":true}]}}