{"id":19692,"date":"2025-11-21T13:09:53","date_gmt":"2025-11-21T10:09:53","guid":{"rendered":"https:\/\/ceoparts.com\/?post_type=product&#038;p=19692"},"modified":"2026-04-11T22:38:44","modified_gmt":"2026-04-11T19:38:44","slug":"18x7-8-nutorque-segmanli-iz-birakmayan-dolgu-lastik","status":"publish","type":"product","link":"https:\/\/ceoparts.com\/es\/urun\/18x7-8-nutorque-segmanli-iz-birakmayan-dolgu-lastik\/","title":{"rendered":"18\u00d77-8 (180\/70-8) Neum\u00e1tico macizo Nutorque con anillo de seguridad, no deja huella"},"content":{"rendered":"<p>18\u00d77-8 (180\/70-8) Neum\u00e1tico macizo Nutorque con anillo de seguridad, no deja huella<\/p>","protected":false},"excerpt":{"rendered":"<p data-start=\"3774\" data-end=\"4416\">Los <strong data-start=\"3778\" data-end=\"3809\">neum\u00e1ticos macizos Nutorque<\/strong> est\u00e1n dise\u00f1ados con una tecnolog\u00eda de banda de rodadura de 3 capas para ofrecer el m\u00e1ximo rendimiento en condiciones industriales exigentes. El compuesto de caucho premium y la estructura reforzada del cuerpo aumentan la resistencia al desgaste y garantizan la continuidad operativa.<br data-start=\"4093\" data-end=\"4096\" \/>Especialmente optimizados para jornadas laborales intensas de m\u00e1s de 12 horas al d\u00eda, Nutorque proporciona una vida \u00fatil prolongada gracias a su profundo dibujo de la banda de rodadura. Estas caracter\u00edsticas ayudan a minimizar los costos de neum\u00e1ticos y contribuyen estrat\u00e9gicamente a un flujo de trabajo ininterrumpido.<\/p>\n","protected":false},"featured_media":19693,"template":"","meta":[],"product_brand":[],"product_cat":[516],"product_tag":[],"class_list":{"0":"post-19692","1":"product","2":"type-product","3":"status-publish","4":"has-post-thumbnail","6":"product_cat-dolgu-lastikler","8":"first","9":"instock","10":"taxable","11":"shipping-taxable","12":"purchasable","13":"product-type-simple"},"_links":{"self":[{"href":"https:\/\/ceoparts.com\/es\/wp-json\/wp\/v2\/product\/19692","targetHints":{"allow":["GET"]}}],"collection":[{"href":"https:\/\/ceoparts.com\/es\/wp-json\/wp\/v2\/product"}],"about":[{"href":"https:\/\/ceoparts.com\/es\/wp-json\/wp\/v2\/types\/product"}],"wp:featuredmedia":[{"embeddable":true,"href":"https:\/\/ceoparts.com\/es\/wp-json\/wp\/v2\/media\/19693"}],"wp:attachment":[{"href":"https:\/\/ceoparts.com\/es\/wp-json\/wp\/v2\/media?parent=19692"}],"wp:term":[{"taxonomy":"product_brand","embeddable":true,"href":"https:\/\/ceoparts.com\/es\/wp-json\/wp\/v2\/product_brand?post=19692"},{"taxonomy":"product_cat","embeddable":true,"href":"https:\/\/ceoparts.com\/es\/wp-json\/wp\/v2\/product_cat?post=19692"},{"taxonomy":"product_tag","embeddable":true,"href":"https:\/\/ceoparts.com\/es\/wp-json\/wp\/v2\/product_tag?post=19692"}],"curies":[{"name":"wp","href":"https:\/\/api.w.org\/{rel}","templated":true}]}}