{"id":19697,"date":"2025-11-21T14:44:31","date_gmt":"2025-11-21T11:44:31","guid":{"rendered":"https:\/\/ceoparts.com\/?post_type=product&#038;p=19697"},"modified":"2026-04-11T21:09:35","modified_gmt":"2026-04-11T18:09:35","slug":"linde-still-t16-denge-mekanizmasi-11524505505","status":"publish","type":"product","link":"https:\/\/ceoparts.com\/es\/urun\/linde-still-t16-denge-mekanizmasi-11524505505\/","title":{"rendered":"Mecanismo de estabilizaci\u00f3n Linde\/Still \u2013 11524505505"},"content":{"rendered":"<p>Mecanismo de estabilizaci\u00f3n Linde\/Still \u2013 11524505505<\/p>","protected":false},"excerpt":{"rendered":"<p>El <strong data-start=\"3330\" data-end=\"3379\">mecanismo de estabilizaci\u00f3n Linde \/ Still T16<\/strong> es un componente con ruedas utilizado en carretillas elevadoras. Ayuda a mantener el equilibrio de la carga y mejora la estabilidad general del veh\u00edculo. Fabricado con aleaci\u00f3n met\u00e1lica duradera para una larga vida \u00fatil.<br data-start=\"3600\" data-end=\"3603\" \/><strong data-start=\"3603\" data-end=\"3624\">Especificaciones:<\/strong><br data-start=\"3624\" data-end=\"3627\" \/>\u2022 Nombre del producto: Mecanismo de estabilizaci\u00f3n Linde \/ Still T16<br data-start=\"3695\" data-end=\"3698\" \/>\u2022 C\u00f3digo de pieza: 11524505505<br data-start=\"3728\" data-end=\"3731\" \/>\u2022 Material: Aleaci\u00f3n met\u00e1lica resistente<br data-start=\"3771\" data-end=\"3774\" \/>\u2022 Aplicaci\u00f3n: Mecanismo de estabilizaci\u00f3n con ruedas para carretillas elevadoras<br data-start=\"3854\" data-end=\"3857\" \/>\u2022 Ventajas: Estabilidad de carga, durabilidad, larga vida \u00fatil<\/p>\n","protected":false},"featured_media":19706,"template":"","meta":[],"product_brand":[],"product_cat":[420,523,246,423,425],"product_tag":[],"class_list":{"0":"post-19697","1":"product","2":"type-product","3":"status-publish","4":"has-post-thumbnail","6":"product_cat-denge-mekanizmalar","7":"product_cat-yedek-parca-linde","8":"product_cat-linde","9":"product_cat-still-denge-mekanizma","10":"product_cat-linde-denge-mekanizma","12":"first","13":"instock","14":"taxable","15":"shipping-taxable","16":"purchasable","17":"product-type-simple"},"_links":{"self":[{"href":"https:\/\/ceoparts.com\/es\/wp-json\/wp\/v2\/product\/19697","targetHints":{"allow":["GET"]}}],"collection":[{"href":"https:\/\/ceoparts.com\/es\/wp-json\/wp\/v2\/product"}],"about":[{"href":"https:\/\/ceoparts.com\/es\/wp-json\/wp\/v2\/types\/product"}],"wp:featuredmedia":[{"embeddable":true,"href":"https:\/\/ceoparts.com\/es\/wp-json\/wp\/v2\/media\/19706"}],"wp:attachment":[{"href":"https:\/\/ceoparts.com\/es\/wp-json\/wp\/v2\/media?parent=19697"}],"wp:term":[{"taxonomy":"product_brand","embeddable":true,"href":"https:\/\/ceoparts.com\/es\/wp-json\/wp\/v2\/product_brand?post=19697"},{"taxonomy":"product_cat","embeddable":true,"href":"https:\/\/ceoparts.com\/es\/wp-json\/wp\/v2\/product_cat?post=19697"},{"taxonomy":"product_tag","embeddable":true,"href":"https:\/\/ceoparts.com\/es\/wp-json\/wp\/v2\/product_tag?post=19697"}],"curies":[{"name":"wp","href":"https:\/\/api.w.org\/{rel}","templated":true}]}}