{"id":20069,"date":"2025-12-03T13:13:55","date_gmt":"2025-12-03T10:13:55","guid":{"rendered":"https:\/\/ceoparts.com\/?post_type=product&#038;p=20069"},"modified":"2026-05-03T18:59:39","modified_gmt":"2026-05-03T15:59:39","slug":"bfs-29-mm-otomatik-dolum-busonu","status":"publish","type":"product","link":"https:\/\/ceoparts.com\/es\/urun\/bfs-29-mm-otomatik-dolum-busonu\/","title":{"rendered":"Tap\u00f3n de llenado autom\u00e1tico BFS 29mm"},"content":{"rendered":"<p>Tap\u00f3n de llenado autom\u00e1tico BFS 29mm<\/p>","protected":false},"excerpt":{"rendered":"<p>Tap\u00f3n de llenado autom\u00e1tico BFS 29mm<\/p>\n","protected":false},"featured_media":20072,"template":"","meta":[],"product_brand":[],"product_cat":[443],"product_tag":[],"class_list":{"0":"post-20069","1":"product","2":"type-product","3":"status-publish","4":"has-post-thumbnail","6":"product_cat-aku-parcalari","8":"first","9":"instock","10":"taxable","11":"shipping-taxable","12":"purchasable","13":"product-type-simple"},"_links":{"self":[{"href":"https:\/\/ceoparts.com\/es\/wp-json\/wp\/v2\/product\/20069","targetHints":{"allow":["GET"]}}],"collection":[{"href":"https:\/\/ceoparts.com\/es\/wp-json\/wp\/v2\/product"}],"about":[{"href":"https:\/\/ceoparts.com\/es\/wp-json\/wp\/v2\/types\/product"}],"wp:featuredmedia":[{"embeddable":true,"href":"https:\/\/ceoparts.com\/es\/wp-json\/wp\/v2\/media\/20072"}],"wp:attachment":[{"href":"https:\/\/ceoparts.com\/es\/wp-json\/wp\/v2\/media?parent=20069"}],"wp:term":[{"taxonomy":"product_brand","embeddable":true,"href":"https:\/\/ceoparts.com\/es\/wp-json\/wp\/v2\/product_brand?post=20069"},{"taxonomy":"product_cat","embeddable":true,"href":"https:\/\/ceoparts.com\/es\/wp-json\/wp\/v2\/product_cat?post=20069"},{"taxonomy":"product_tag","embeddable":true,"href":"https:\/\/ceoparts.com\/es\/wp-json\/wp\/v2\/product_tag?post=20069"}],"curies":[{"name":"wp","href":"https:\/\/api.w.org\/{rel}","templated":true}]}}