{"id":20073,"date":"2025-12-03T15:08:33","date_gmt":"2025-12-03T12:08:33","guid":{"rendered":"https:\/\/ceoparts.com\/?post_type=product&#038;p=20073"},"modified":"2026-05-03T18:25:17","modified_gmt":"2026-05-03T15:25:17","slug":"bfs-39-mm-otomatik-dolum-busonu","status":"publish","type":"product","link":"https:\/\/ceoparts.com\/es\/urun\/bfs-39-mm-otomatik-dolum-busonu\/","title":{"rendered":"Tap\u00f3n de llenado autom\u00e1tico BFS 39mm"},"content":{"rendered":"<p>Tap\u00f3n de llenado autom\u00e1tico BFS 39mm <\/p>","protected":false},"excerpt":{"rendered":"<p>Tap\u00f3n de llenado autom\u00e1tico BFS 39mm<\/p>\n","protected":false},"featured_media":20076,"template":"","meta":[],"product_brand":[],"product_cat":[443],"product_tag":[],"class_list":{"0":"post-20073","1":"product","2":"type-product","3":"status-publish","4":"has-post-thumbnail","6":"product_cat-aku-parcalari","8":"first","9":"instock","10":"taxable","11":"shipping-taxable","12":"purchasable","13":"product-type-simple"},"_links":{"self":[{"href":"https:\/\/ceoparts.com\/es\/wp-json\/wp\/v2\/product\/20073","targetHints":{"allow":["GET"]}}],"collection":[{"href":"https:\/\/ceoparts.com\/es\/wp-json\/wp\/v2\/product"}],"about":[{"href":"https:\/\/ceoparts.com\/es\/wp-json\/wp\/v2\/types\/product"}],"wp:featuredmedia":[{"embeddable":true,"href":"https:\/\/ceoparts.com\/es\/wp-json\/wp\/v2\/media\/20076"}],"wp:attachment":[{"href":"https:\/\/ceoparts.com\/es\/wp-json\/wp\/v2\/media?parent=20073"}],"wp:term":[{"taxonomy":"product_brand","embeddable":true,"href":"https:\/\/ceoparts.com\/es\/wp-json\/wp\/v2\/product_brand?post=20073"},{"taxonomy":"product_cat","embeddable":true,"href":"https:\/\/ceoparts.com\/es\/wp-json\/wp\/v2\/product_cat?post=20073"},{"taxonomy":"product_tag","embeddable":true,"href":"https:\/\/ceoparts.com\/es\/wp-json\/wp\/v2\/product_tag?post=20073"}],"curies":[{"name":"wp","href":"https:\/\/api.w.org\/{rel}","templated":true}]}}