{"id":20077,"date":"2025-12-03T15:21:29","date_gmt":"2025-12-03T12:21:29","guid":{"rendered":"https:\/\/ceoparts.com\/?post_type=product&#038;p=20077"},"modified":"2026-05-03T17:50:27","modified_gmt":"2026-05-03T14:50:27","slug":"bfs-49-mm-otomatik-dolum-busonu","status":"publish","type":"product","link":"https:\/\/ceoparts.com\/es\/urun\/bfs-49-mm-otomatik-dolum-busonu\/","title":{"rendered":"Tap\u00f3n de llenado autom\u00e1tico BFS 49mm"},"content":{"rendered":"<p>Tap\u00f3n de llenado autom\u00e1tico BFS 49mm<\/p>","protected":false},"excerpt":{"rendered":"<p data-start=\"3966\" data-end=\"4267\">El <strong data-start=\"3969\" data-end=\"4015\">tap\u00f3n\/buje de llenado autom\u00e1tico BFS 49 mm<\/strong> se utiliza en los sistemas de fluidos de carretillas elevadoras y equipos industriales para mantener autom\u00e1ticamente el nivel de l\u00edquidos y equilibrar la presi\u00f3n. Su tama\u00f1o de 49 mm y construcci\u00f3n robusta proporcionan un rendimiento fiable y duradero.<\/p>\n<p data-start=\"4269\" data-end=\"4291\"><strong data-start=\"4269\" data-end=\"4289\">Caracter\u00edsticas:<\/strong><\/p>\n<ul data-start=\"4292\" data-end=\"4607\">\n<li data-start=\"4292\" data-end=\"4359\">\n<p data-start=\"4294\" data-end=\"4359\">Nombre del producto: Tap\u00f3n\/buje de llenado autom\u00e1tico BFS 49 mm<\/p>\n<\/li>\n<li data-start=\"4360\" data-end=\"4377\">\n<p data-start=\"4362\" data-end=\"4377\">Tama\u00f1o: 49 mm<\/p>\n<\/li>\n<li data-start=\"4378\" data-end=\"4420\">\n<p data-start=\"4380\" data-end=\"4420\">Tipo: Tap\u00f3n\/buje de llenado autom\u00e1tico<\/p>\n<\/li>\n<li data-start=\"4421\" data-end=\"4458\">\n<p data-start=\"4423\" data-end=\"4458\">Material: Metal\/pl\u00e1stico duradero<\/p>\n<\/li>\n<li data-start=\"4459\" data-end=\"4531\">\n<p data-start=\"4461\" data-end=\"4531\">\u00c1rea de uso: Dep\u00f3sitos de fluidos (bater\u00eda, hidr\u00e1ulico, combustible)<\/p>\n<\/li>\n<li data-start=\"4532\" data-end=\"4607\">\n<p data-start=\"4534\" data-end=\"4607\">Ventajas: Control autom\u00e1tico del nivel, sellado eficaz, larga vida \u00fatil<\/p>\n<\/li>\n<\/ul>\n","protected":false},"featured_media":20080,"template":"","meta":[],"product_brand":[],"product_cat":[443],"product_tag":[],"class_list":{"0":"post-20077","1":"product","2":"type-product","3":"status-publish","4":"has-post-thumbnail","6":"product_cat-aku-parcalari","8":"first","9":"instock","10":"taxable","11":"shipping-taxable","12":"purchasable","13":"product-type-simple"},"_links":{"self":[{"href":"https:\/\/ceoparts.com\/es\/wp-json\/wp\/v2\/product\/20077","targetHints":{"allow":["GET"]}}],"collection":[{"href":"https:\/\/ceoparts.com\/es\/wp-json\/wp\/v2\/product"}],"about":[{"href":"https:\/\/ceoparts.com\/es\/wp-json\/wp\/v2\/types\/product"}],"wp:featuredmedia":[{"embeddable":true,"href":"https:\/\/ceoparts.com\/es\/wp-json\/wp\/v2\/media\/20080"}],"wp:attachment":[{"href":"https:\/\/ceoparts.com\/es\/wp-json\/wp\/v2\/media?parent=20077"}],"wp:term":[{"taxonomy":"product_brand","embeddable":true,"href":"https:\/\/ceoparts.com\/es\/wp-json\/wp\/v2\/product_brand?post=20077"},{"taxonomy":"product_cat","embeddable":true,"href":"https:\/\/ceoparts.com\/es\/wp-json\/wp\/v2\/product_cat?post=20077"},{"taxonomy":"product_tag","embeddable":true,"href":"https:\/\/ceoparts.com\/es\/wp-json\/wp\/v2\/product_tag?post=20077"}],"curies":[{"name":"wp","href":"https:\/\/api.w.org\/{rel}","templated":true}]}}