{"id":20092,"date":"2025-12-04T11:19:44","date_gmt":"2025-12-04T08:19:44","guid":{"rendered":"https:\/\/ceoparts.com\/?post_type=product&#038;p=20092"},"modified":"2026-05-03T18:15:55","modified_gmt":"2026-05-03T15:15:55","slug":"linde-sensor-0039730001","status":"publish","type":"product","link":"https:\/\/ceoparts.com\/es\/urun\/linde-sensor-0039730001\/","title":{"rendered":"Sensor Linde &#8211; 0039730001"},"content":{"rendered":"<p>Sensor Linde &#8211; 0039730001<\/p>","protected":false},"excerpt":{"rendered":"<p data-start=\"3889\" data-end=\"4183\">El <strong data-start=\"3892\" data-end=\"3921\">sensor Linde \u2013 0039730001<\/strong> es un sensor industrial de alta precisi\u00f3n utilizado en carretillas elevadoras y veh\u00edculos industriales para detectar par\u00e1metros cr\u00edticos del sistema y enviar datos precisos a la unidad de control. Su construcci\u00f3n robusta garantiza rendimiento fiable y duradero.<\/p>\n<p data-start=\"4185\" data-end=\"4208\"><strong data-start=\"4185\" data-end=\"4206\">Caracter\u00edsticas :<\/strong><\/p>\n<ul data-start=\"4209\" data-end=\"4502\">\n<li data-start=\"4209\" data-end=\"4259\">\n<p data-start=\"4211\" data-end=\"4259\">Nombre del producto: Sensor Linde \u2013 0039730001<\/p>\n<\/li>\n<li data-start=\"4260\" data-end=\"4291\">\n<p data-start=\"4262\" data-end=\"4291\">C\u00f3digo de pieza: 0039730001<\/p>\n<\/li>\n<li data-start=\"4292\" data-end=\"4330\">\n<p data-start=\"4294\" data-end=\"4330\">Tipo: Sensor industrial \/ detector<\/p>\n<\/li>\n<li data-start=\"4331\" data-end=\"4382\">\n<p data-start=\"4333\" data-end=\"4382\">Material: Componentes electr\u00f3nicos industriales<\/p>\n<\/li>\n<li data-start=\"4383\" data-end=\"4436\">\n<p data-start=\"4385\" data-end=\"4436\">\u00c1rea de uso: Sistemas de control y medici\u00f3n Linde<\/p>\n<\/li>\n<li data-start=\"4437\" data-end=\"4502\">\n<p data-start=\"4439\" data-end=\"4502\">Ventajas: Alta precisi\u00f3n, se\u00f1al fiable, construcci\u00f3n duradera<\/p>\n<\/li>\n<\/ul>\n","protected":false},"featured_media":20095,"template":"","meta":[],"product_brand":[],"product_cat":[469,246,523],"product_tag":[],"class_list":{"0":"post-20092","1":"product","2":"type-product","3":"status-publish","4":"has-post-thumbnail","6":"product_cat-elektrik-ve-sistem-parcalari","7":"product_cat-linde","8":"product_cat-yedek-parca-linde","10":"first","11":"instock","12":"taxable","13":"shipping-taxable","14":"purchasable","15":"product-type-simple"},"_links":{"self":[{"href":"https:\/\/ceoparts.com\/es\/wp-json\/wp\/v2\/product\/20092","targetHints":{"allow":["GET"]}}],"collection":[{"href":"https:\/\/ceoparts.com\/es\/wp-json\/wp\/v2\/product"}],"about":[{"href":"https:\/\/ceoparts.com\/es\/wp-json\/wp\/v2\/types\/product"}],"wp:featuredmedia":[{"embeddable":true,"href":"https:\/\/ceoparts.com\/es\/wp-json\/wp\/v2\/media\/20095"}],"wp:attachment":[{"href":"https:\/\/ceoparts.com\/es\/wp-json\/wp\/v2\/media?parent=20092"}],"wp:term":[{"taxonomy":"product_brand","embeddable":true,"href":"https:\/\/ceoparts.com\/es\/wp-json\/wp\/v2\/product_brand?post=20092"},{"taxonomy":"product_cat","embeddable":true,"href":"https:\/\/ceoparts.com\/es\/wp-json\/wp\/v2\/product_cat?post=20092"},{"taxonomy":"product_tag","embeddable":true,"href":"https:\/\/ceoparts.com\/es\/wp-json\/wp\/v2\/product_tag?post=20092"}],"curies":[{"name":"wp","href":"https:\/\/api.w.org\/{rel}","templated":true}]}}