{"id":20096,"date":"2025-12-04T11:34:30","date_gmt":"2025-12-04T08:34:30","guid":{"rendered":"https:\/\/ceoparts.com\/?post_type=product&#038;p=20096"},"modified":"2026-05-03T17:41:09","modified_gmt":"2026-05-03T14:41:09","slug":"bt-lpe200-destek-baglanti-parcasi-7534306","status":"publish","type":"product","link":"https:\/\/ceoparts.com\/es\/urun\/bt-lpe200-destek-baglanti-parcasi-7534306\/","title":{"rendered":"Conector de soporte BT LPE200 &#8211; 7534306"},"content":{"rendered":"<p>Conector de soporte BT LPE200 &#8211; 7534306<\/p>","protected":false},"excerpt":{"rendered":"<p data-start=\"3889\" data-end=\"4168\">El <strong data-start=\"3892\" data-end=\"3947\">componente de enlace de soporte BT LPE200 \u2013 7534306<\/strong> es una pieza de repuesto resistente dise\u00f1ada para reforzar la conexi\u00f3n entre el chasis y el mecanismo delantero en veh\u00edculos de la serie BT LPE200. Proporciona soporte estable durante las operaciones de carga y maniobra.<\/p>\n<p data-start=\"4170\" data-end=\"4192\"><strong data-start=\"4170\" data-end=\"4190\">Caracter\u00edsticas:<\/strong><\/p>\n<ul data-start=\"4193\" data-end=\"4522\">\n<li data-start=\"4193\" data-end=\"4269\">\n<p data-start=\"4195\" data-end=\"4269\">Nombre del producto: Componente de enlace de soporte BT LPE200 \u2013 7534306<\/p>\n<\/li>\n<li data-start=\"4270\" data-end=\"4298\">\n<p data-start=\"4272\" data-end=\"4298\">C\u00f3digo de pieza: 7534306<\/p>\n<\/li>\n<li data-start=\"4299\" data-end=\"4330\">\n<p data-start=\"4301\" data-end=\"4330\">Serie compatible: BT LPE200<\/p>\n<\/li>\n<li data-start=\"4331\" data-end=\"4382\">\n<p data-start=\"4333\" data-end=\"4382\">Material: Aleaci\u00f3n met\u00e1lica de alta resistencia<\/p>\n<\/li>\n<li data-start=\"4383\" data-end=\"4453\">\n<p data-start=\"4385\" data-end=\"4453\">\u00c1rea de uso: Conexi\u00f3n entre chasis y mecanismo delantero BT LPE200<\/p>\n<\/li>\n<li data-start=\"4454\" data-end=\"4522\">\n<p data-start=\"4456\" data-end=\"4522\">Ventajas: Construcci\u00f3n robusta, soporte estable, larga vida \u00fatil<\/p>\n<\/li>\n<\/ul>\n","protected":false},"featured_media":20097,"template":"","meta":[],"product_brand":[],"product_cat":[470,251,518],"product_tag":[],"class_list":{"0":"post-20096","1":"product","2":"type-product","3":"status-publish","4":"has-post-thumbnail","6":"product_cat-diger-yedek-parcalar","7":"product_cat-bt","8":"product_cat-yedek-parca-bt","10":"first","11":"instock","12":"taxable","13":"shipping-taxable","14":"purchasable","15":"product-type-simple"},"_links":{"self":[{"href":"https:\/\/ceoparts.com\/es\/wp-json\/wp\/v2\/product\/20096","targetHints":{"allow":["GET"]}}],"collection":[{"href":"https:\/\/ceoparts.com\/es\/wp-json\/wp\/v2\/product"}],"about":[{"href":"https:\/\/ceoparts.com\/es\/wp-json\/wp\/v2\/types\/product"}],"wp:featuredmedia":[{"embeddable":true,"href":"https:\/\/ceoparts.com\/es\/wp-json\/wp\/v2\/media\/20097"}],"wp:attachment":[{"href":"https:\/\/ceoparts.com\/es\/wp-json\/wp\/v2\/media?parent=20096"}],"wp:term":[{"taxonomy":"product_brand","embeddable":true,"href":"https:\/\/ceoparts.com\/es\/wp-json\/wp\/v2\/product_brand?post=20096"},{"taxonomy":"product_cat","embeddable":true,"href":"https:\/\/ceoparts.com\/es\/wp-json\/wp\/v2\/product_cat?post=20096"},{"taxonomy":"product_tag","embeddable":true,"href":"https:\/\/ceoparts.com\/es\/wp-json\/wp\/v2\/product_tag?post=20096"}],"curies":[{"name":"wp","href":"https:\/\/api.w.org\/{rel}","templated":true}]}}