{"id":20106,"date":"2025-12-04T13:57:40","date_gmt":"2025-12-04T10:57:40","guid":{"rendered":"https:\/\/ceoparts.com\/?post_type=product&#038;p=20106"},"modified":"2026-05-03T16:20:30","modified_gmt":"2026-05-03T13:20:30","slug":"bt-lpe-rre-baco-acil-buton-alt-swtich-264121","status":"publish","type":"product","link":"https:\/\/ceoparts.com\/es\/urun\/bt-lpe-rre-baco-acil-buton-alt-swtich-264121\/","title":{"rendered":"Interruptor inferior del bot\u00f3n de emergencia BT &#8211; LPE\/RRE"},"content":{"rendered":"<p>Interruptor inferior del bot\u00f3n de emergencia BT &#8211; LPE\/RRE<\/p>\n<p><span dir=\"auto\">BT 264121<\/span><\/p>\n<p><span dir=\"auto\">LPE200\/220\/250<\/span><\/p>","protected":false},"excerpt":{"rendered":"<p data-start=\"4414\" data-end=\"4750\">El <strong data-start=\"4417\" data-end=\"4481\">interruptor inferior del bot\u00f3n de emergencia BT-LPE\/RRE BACO<\/strong> es un conmutador de contacto utilizado en el sistema de parada de emergencia de veh\u00edculos de las series BT-LPE y RRE con BACO. Rompe el circuito el\u00e9ctrico cuando se presiona el bot\u00f3n de emergencia, asegurando una parada segura. Construcci\u00f3n robusta para uso intensivo.<\/p>\n<p data-start=\"4752\" data-end=\"4775\"><strong data-start=\"4752\" data-end=\"4773\">Especificaciones:<\/strong><\/p>\n<ul data-start=\"4776\" data-end=\"5173\">\n<li data-start=\"4776\" data-end=\"4861\">\n<p data-start=\"4778\" data-end=\"4861\">Nombre del producto: Interruptor inferior del bot\u00f3n de emergencia BT-LPE\/RRE BACO<\/p>\n<\/li>\n<li data-start=\"4862\" data-end=\"4929\">\n<p data-start=\"4864\" data-end=\"4929\">Tipo: Microinterruptor inferior parada de emergencia \/ contacto<\/p>\n<\/li>\n<li data-start=\"4930\" data-end=\"4976\">\n<p data-start=\"4932\" data-end=\"4976\">Compatibilidad: Series BT-LPE y RRE (BACO)<\/p>\n<\/li>\n<li data-start=\"4977\" data-end=\"5034\">\n<p data-start=\"4979\" data-end=\"5034\">Material: Carcasa de pl\u00e1stico con contactos met\u00e1licos<\/p>\n<\/li>\n<li data-start=\"5035\" data-end=\"5106\">\n<p data-start=\"5037\" data-end=\"5106\">\u00c1rea de uso: Sistemas de emergencia y seguridad, paneles de control<\/p>\n<\/li>\n<li data-start=\"5107\" data-end=\"5173\">\n<p data-start=\"5109\" data-end=\"5173\">Ventajas: Activaci\u00f3n fiable, dise\u00f1o robusto, f\u00e1cil instalaci\u00f3n<\/p>\n<\/li>\n<\/ul>\n","protected":false},"featured_media":20111,"template":"","meta":[],"product_brand":[],"product_cat":[469,251,518],"product_tag":[],"class_list":{"0":"post-20106","1":"product","2":"type-product","3":"status-publish","4":"has-post-thumbnail","6":"product_cat-elektrik-ve-sistem-parcalari","7":"product_cat-bt","8":"product_cat-yedek-parca-bt","10":"first","11":"instock","12":"taxable","13":"shipping-taxable","14":"purchasable","15":"product-type-simple"},"_links":{"self":[{"href":"https:\/\/ceoparts.com\/es\/wp-json\/wp\/v2\/product\/20106","targetHints":{"allow":["GET"]}}],"collection":[{"href":"https:\/\/ceoparts.com\/es\/wp-json\/wp\/v2\/product"}],"about":[{"href":"https:\/\/ceoparts.com\/es\/wp-json\/wp\/v2\/types\/product"}],"wp:featuredmedia":[{"embeddable":true,"href":"https:\/\/ceoparts.com\/es\/wp-json\/wp\/v2\/media\/20111"}],"wp:attachment":[{"href":"https:\/\/ceoparts.com\/es\/wp-json\/wp\/v2\/media?parent=20106"}],"wp:term":[{"taxonomy":"product_brand","embeddable":true,"href":"https:\/\/ceoparts.com\/es\/wp-json\/wp\/v2\/product_brand?post=20106"},{"taxonomy":"product_cat","embeddable":true,"href":"https:\/\/ceoparts.com\/es\/wp-json\/wp\/v2\/product_cat?post=20106"},{"taxonomy":"product_tag","embeddable":true,"href":"https:\/\/ceoparts.com\/es\/wp-json\/wp\/v2\/product_tag?post=20106"}],"curies":[{"name":"wp","href":"https:\/\/api.w.org\/{rel}","templated":true}]}}