{"id":20116,"date":"2025-12-04T15:28:38","date_gmt":"2025-12-04T12:28:38","guid":{"rendered":"https:\/\/ceoparts.com\/?post_type=product&#038;p=20116"},"modified":"2026-05-03T16:17:39","modified_gmt":"2026-05-03T13:17:39","slug":"bt-lpe-acil-stop-buton-kilidi-238957","status":"publish","type":"product","link":"https:\/\/ceoparts.com\/es\/urun\/bt-lpe-acil-stop-buton-kilidi-238957\/","title":{"rendered":"BT-LPE Bloqueo del bot\u00f3n de parada de emergencia &#8211; 238957"},"content":{"rendered":"<p>BT-LPE Bloqueo del bot\u00f3n de parada de emergencia &#8211; 238957<\/p>","protected":false},"excerpt":{"rendered":"<p data-start=\"4184\" data-end=\"4446\">El <strong data-start=\"4187\" data-end=\"4238\">bloqueo del bot\u00f3n de emergencia BT-LPE \u2013 238957<\/strong> es un accesorio de seguridad dise\u00f1ado para evitar la activaci\u00f3n accidental o no autorizada del bot\u00f3n de emergencia en veh\u00edculos de la serie BT-LPE. Su construcci\u00f3n resistente garantiza un rendimiento fiable.<\/p>\n<p data-start=\"4448\" data-end=\"4470\"><strong data-start=\"4448\" data-end=\"4468\">Caracter\u00edsticas:<\/strong><\/p>\n<ul data-start=\"4471\" data-end=\"4867\">\n<li data-start=\"4471\" data-end=\"4543\">\n<p data-start=\"4473\" data-end=\"4543\">Nombre del producto: Bloqueo del bot\u00f3n de emergencia BT-LPE \u2013 238957<\/p>\n<\/li>\n<li data-start=\"4544\" data-end=\"4571\">\n<p data-start=\"4546\" data-end=\"4571\">C\u00f3digo de pieza: 238957<\/p>\n<\/li>\n<li data-start=\"4572\" data-end=\"4634\">\n<p data-start=\"4574\" data-end=\"4634\">Tipo: Bloqueo bot\u00f3n de emergencia \/ accesorio de seguridad<\/p>\n<\/li>\n<li data-start=\"4635\" data-end=\"4667\">\n<p data-start=\"4637\" data-end=\"4667\">Compatibilidad: Serie BT-LPE<\/p>\n<\/li>\n<li data-start=\"4668\" data-end=\"4707\">\n<p data-start=\"4670\" data-end=\"4707\">Material: Pl\u00e1stico y metal duradero<\/p>\n<\/li>\n<li data-start=\"4708\" data-end=\"4777\">\n<p data-start=\"4710\" data-end=\"4777\">\u00c1rea de uso: Sistemas de parada de emergencia, paneles de control<\/p>\n<\/li>\n<li data-start=\"4778\" data-end=\"4867\">\n<p data-start=\"4780\" data-end=\"4867\">Ventajas: Previene activaciones accidentales, construcci\u00f3n robusta, f\u00e1cil instalaci\u00f3n<\/p>\n<\/li>\n<\/ul>\n","protected":false},"featured_media":20119,"template":"","meta":[],"product_brand":[],"product_cat":[469,518,251],"product_tag":[],"class_list":{"0":"post-20116","1":"product","2":"type-product","3":"status-publish","4":"has-post-thumbnail","6":"product_cat-elektrik-ve-sistem-parcalari","7":"product_cat-yedek-parca-bt","8":"product_cat-bt","10":"first","11":"instock","12":"taxable","13":"shipping-taxable","14":"purchasable","15":"product-type-simple"},"_links":{"self":[{"href":"https:\/\/ceoparts.com\/es\/wp-json\/wp\/v2\/product\/20116","targetHints":{"allow":["GET"]}}],"collection":[{"href":"https:\/\/ceoparts.com\/es\/wp-json\/wp\/v2\/product"}],"about":[{"href":"https:\/\/ceoparts.com\/es\/wp-json\/wp\/v2\/types\/product"}],"wp:featuredmedia":[{"embeddable":true,"href":"https:\/\/ceoparts.com\/es\/wp-json\/wp\/v2\/media\/20119"}],"wp:attachment":[{"href":"https:\/\/ceoparts.com\/es\/wp-json\/wp\/v2\/media?parent=20116"}],"wp:term":[{"taxonomy":"product_brand","embeddable":true,"href":"https:\/\/ceoparts.com\/es\/wp-json\/wp\/v2\/product_brand?post=20116"},{"taxonomy":"product_cat","embeddable":true,"href":"https:\/\/ceoparts.com\/es\/wp-json\/wp\/v2\/product_cat?post=20116"},{"taxonomy":"product_tag","embeddable":true,"href":"https:\/\/ceoparts.com\/es\/wp-json\/wp\/v2\/product_tag?post=20116"}],"curies":[{"name":"wp","href":"https:\/\/api.w.org\/{rel}","templated":true}]}}