{"id":20150,"date":"2025-12-06T10:12:24","date_gmt":"2025-12-06T07:12:24","guid":{"rendered":"https:\/\/ceoparts.com\/?post_type=product&#038;p=20150"},"modified":"2026-05-03T18:12:46","modified_gmt":"2026-05-03T15:12:46","slug":"bt-lpe200-aku-kapagi-7585214","status":"publish","type":"product","link":"https:\/\/ceoparts.com\/es\/urun\/bt-lpe200-aku-kapagi-7585214\/","title":{"rendered":"Tapa de bater\u00eda BT LPE200 &#8211; 7585214"},"content":{"rendered":"<p>Tapa de bater\u00eda BT LPE200 &#8211; 7585214<\/p>","protected":false},"excerpt":{"rendered":"<p data-start=\"3454\" data-end=\"3694\">La <strong data-start=\"3457\" data-end=\"3500\">cubierta de bater\u00eda BT LPE200 \u2013 7585214<\/strong> es una pieza resistente que cubre el compartimento de la bater\u00eda de manera segura y est\u00e9tica. Su construcci\u00f3n resistente a impactos asegura un uso prolongado y mejora la seguridad del operador.<\/p>\n<p data-start=\"3696\" data-end=\"3718\"><strong data-start=\"3696\" data-end=\"3716\">Caracter\u00edsticas:<\/strong><\/p>\n<ul data-start=\"3719\" data-end=\"4031\">\n<li data-start=\"3719\" data-end=\"3783\">\n<p data-start=\"3721\" data-end=\"3783\">Nombre del producto: Cubierta de bater\u00eda BT LPE200 \u2013 7585214<\/p>\n<\/li>\n<li data-start=\"3784\" data-end=\"3812\">\n<p data-start=\"3786\" data-end=\"3812\">C\u00f3digo de pieza: 7585214<\/p>\n<\/li>\n<li data-start=\"3813\" data-end=\"3848\">\n<p data-start=\"3815\" data-end=\"3848\">Compatibilidad: Serie BT LPE200<\/p>\n<\/li>\n<li data-start=\"3849\" data-end=\"3894\">\n<p data-start=\"3851\" data-end=\"3894\">Material: Pl\u00e1stico \/ composite resistente<\/p>\n<\/li>\n<li data-start=\"3895\" data-end=\"3960\">\n<p data-start=\"3897\" data-end=\"3960\">\u00c1rea de uso: Compartimento de bater\u00eda, seguridad del operador<\/p>\n<\/li>\n<li data-start=\"3961\" data-end=\"4031\">\n<p data-start=\"3963\" data-end=\"4031\">Ventajas: Resistente a impactos, larga duraci\u00f3n, f\u00e1cil instalaci\u00f3n<\/p>\n<\/li>\n<\/ul>\n","protected":false},"featured_media":20155,"template":"","meta":[],"product_brand":[],"product_cat":[472,251,518],"product_tag":[],"class_list":{"0":"post-20150","1":"product","2":"type-product","3":"status-publish","4":"has-post-thumbnail","6":"product_cat-kaporta-aksami","7":"product_cat-bt","8":"product_cat-yedek-parca-bt","10":"first","11":"instock","12":"taxable","13":"shipping-taxable","14":"purchasable","15":"product-type-simple"},"_links":{"self":[{"href":"https:\/\/ceoparts.com\/es\/wp-json\/wp\/v2\/product\/20150","targetHints":{"allow":["GET"]}}],"collection":[{"href":"https:\/\/ceoparts.com\/es\/wp-json\/wp\/v2\/product"}],"about":[{"href":"https:\/\/ceoparts.com\/es\/wp-json\/wp\/v2\/types\/product"}],"wp:featuredmedia":[{"embeddable":true,"href":"https:\/\/ceoparts.com\/es\/wp-json\/wp\/v2\/media\/20155"}],"wp:attachment":[{"href":"https:\/\/ceoparts.com\/es\/wp-json\/wp\/v2\/media?parent=20150"}],"wp:term":[{"taxonomy":"product_brand","embeddable":true,"href":"https:\/\/ceoparts.com\/es\/wp-json\/wp\/v2\/product_brand?post=20150"},{"taxonomy":"product_cat","embeddable":true,"href":"https:\/\/ceoparts.com\/es\/wp-json\/wp\/v2\/product_cat?post=20150"},{"taxonomy":"product_tag","embeddable":true,"href":"https:\/\/ceoparts.com\/es\/wp-json\/wp\/v2\/product_tag?post=20150"}],"curies":[{"name":"wp","href":"https:\/\/api.w.org\/{rel}","templated":true}]}}