{"id":20156,"date":"2025-12-06T10:36:28","date_gmt":"2025-12-06T07:36:28","guid":{"rendered":"https:\/\/ceoparts.com\/?post_type=product&#038;p=20156"},"modified":"2026-05-03T17:37:15","modified_gmt":"2026-05-03T14:37:15","slug":"bt-tesisat-kablosu-7573840","status":"publish","type":"product","link":"https:\/\/ceoparts.com\/es\/urun\/bt-tesisat-kablosu-7573840\/","title":{"rendered":"Cableado BT \u2013 7573840"},"content":{"rendered":"<p>Cableado BT \u2013 7573840<\/p>","protected":false},"excerpt":{"rendered":"<p data-start=\"4073\" data-end=\"4369\">El <strong data-start=\"4076\" data-end=\"4113\">cable de instalaci\u00f3n BT \u2013 7573840<\/strong> es una pieza resistente utilizada en montacargas y veh\u00edculos el\u00e9ctricos BT para asegurar un flujo el\u00e9ctrico seguro e ininterrumpido. Su alta conductividad y aislamiento garantizan larga vida \u00fatil y mejoran la eficiencia del sistema el\u00e9ctrico del veh\u00edculo.<\/p>\n<p data-start=\"4371\" data-end=\"4393\"><strong data-start=\"4371\" data-end=\"4391\">Caracter\u00edsticas:<\/strong><\/p>\n<ul data-start=\"4394\" data-end=\"4739\">\n<li data-start=\"4394\" data-end=\"4452\">\n<p data-start=\"4396\" data-end=\"4452\">Nombre del producto: Cable de instalaci\u00f3n BT \u2013 7573840<\/p>\n<\/li>\n<li data-start=\"4453\" data-end=\"4481\">\n<p data-start=\"4455\" data-end=\"4481\">C\u00f3digo de pieza: 7573840<\/p>\n<\/li>\n<li data-start=\"4482\" data-end=\"4507\">\n<p data-start=\"4484\" data-end=\"4507\">Tipo: Cable el\u00e9ctrico<\/p>\n<\/li>\n<li data-start=\"4508\" data-end=\"4589\">\n<p data-start=\"4510\" data-end=\"4589\">Material: Conductor de cobre de alta conductividad con recubrimiento aislante<\/p>\n<\/li>\n<li data-start=\"4590\" data-end=\"4667\">\n<p data-start=\"4592\" data-end=\"4667\">\u00c1rea de uso: Sistemas el\u00e9ctricos de montacargas y veh\u00edculos el\u00e9ctricos BT<\/p>\n<\/li>\n<li data-start=\"4668\" data-end=\"4739\">\n<p data-start=\"4670\" data-end=\"4739\">Ventajas: Transmisi\u00f3n segura de energ\u00eda, resistente, larga duraci\u00f3n<\/p>\n<\/li>\n<\/ul>\n","protected":false},"featured_media":20160,"template":"","meta":[],"product_brand":[],"product_cat":[469,518,251],"product_tag":[],"class_list":{"0":"post-20156","1":"product","2":"type-product","3":"status-publish","4":"has-post-thumbnail","6":"product_cat-elektrik-ve-sistem-parcalari","7":"product_cat-yedek-parca-bt","8":"product_cat-bt","10":"first","11":"instock","12":"taxable","13":"shipping-taxable","14":"purchasable","15":"product-type-simple"},"_links":{"self":[{"href":"https:\/\/ceoparts.com\/es\/wp-json\/wp\/v2\/product\/20156","targetHints":{"allow":["GET"]}}],"collection":[{"href":"https:\/\/ceoparts.com\/es\/wp-json\/wp\/v2\/product"}],"about":[{"href":"https:\/\/ceoparts.com\/es\/wp-json\/wp\/v2\/types\/product"}],"wp:featuredmedia":[{"embeddable":true,"href":"https:\/\/ceoparts.com\/es\/wp-json\/wp\/v2\/media\/20160"}],"wp:attachment":[{"href":"https:\/\/ceoparts.com\/es\/wp-json\/wp\/v2\/media?parent=20156"}],"wp:term":[{"taxonomy":"product_brand","embeddable":true,"href":"https:\/\/ceoparts.com\/es\/wp-json\/wp\/v2\/product_brand?post=20156"},{"taxonomy":"product_cat","embeddable":true,"href":"https:\/\/ceoparts.com\/es\/wp-json\/wp\/v2\/product_cat?post=20156"},{"taxonomy":"product_tag","embeddable":true,"href":"https:\/\/ceoparts.com\/es\/wp-json\/wp\/v2\/product_tag?post=20156"}],"curies":[{"name":"wp","href":"https:\/\/api.w.org\/{rel}","templated":true}]}}