{"id":20161,"date":"2025-12-06T11:13:59","date_gmt":"2025-12-06T08:13:59","guid":{"rendered":"https:\/\/ceoparts.com\/?post_type=product&#038;p=20161"},"modified":"2026-05-03T17:02:54","modified_gmt":"2026-05-03T14:02:54","slug":"albright-kontaktor-sd-200a-92-24v-7915492113","status":"publish","type":"product","link":"https:\/\/ceoparts.com\/es\/urun\/albright-kontaktor-sd-200a-92-24v-7915492113\/","title":{"rendered":"Contactor Albright SD 200A-92 24V \u2013 7915492113"},"content":{"rendered":"<p>Contactor Albright SD 200A-92 24V \u2013 7915492113<\/p>","protected":false},"excerpt":{"rendered":"<p data-start=\"4106\" data-end=\"4381\">El <strong data-start=\"4109\" data-end=\"4161\">contactador Albright SD 200A-92 24V \u2013 7915492113<\/strong> es un contactor el\u00e9ctrico potente utilizado en montacargas y veh\u00edculos el\u00e9ctricos para controlar de forma segura circuitos de alta corriente. Con capacidad de 200A y tensi\u00f3n de 24V, ofrece rendimiento fiable y duradero.<\/p>\n<p data-start=\"4383\" data-end=\"4405\"><strong data-start=\"4383\" data-end=\"4403\">Caracter\u00edsticas:<\/strong><\/p>\n<ul data-start=\"4406\" data-end=\"4789\">\n<li data-start=\"4406\" data-end=\"4479\">\n<p data-start=\"4408\" data-end=\"4479\">Nombre del producto: Contactador Albright SD 200A-92 24V \u2013 7915492113<\/p>\n<\/li>\n<li data-start=\"4480\" data-end=\"4511\">\n<p data-start=\"4482\" data-end=\"4511\">C\u00f3digo de pieza: 7915492113<\/p>\n<\/li>\n<li data-start=\"4512\" data-end=\"4572\">\n<p data-start=\"4514\" data-end=\"4572\">Tipo: Contactador el\u00e9ctrico \/ circuito de alta corriente<\/p>\n<\/li>\n<li data-start=\"4573\" data-end=\"4602\">\n<p data-start=\"4575\" data-end=\"4602\">Voltaje de operaci\u00f3n: 24V<\/p>\n<\/li>\n<li data-start=\"4603\" data-end=\"4635\">\n<p data-start=\"4605\" data-end=\"4635\">Capacidad de corriente: 200A<\/p>\n<\/li>\n<li data-start=\"4636\" data-end=\"4714\">\n<p data-start=\"4638\" data-end=\"4714\">Aplicaci\u00f3n: Montacargas, veh\u00edculos el\u00e9ctricos, circuitos de alta corriente<\/p>\n<\/li>\n<li data-start=\"4715\" data-end=\"4789\">\n<p data-start=\"4717\" data-end=\"4789\">Ventajas: Alta capacidad de corriente, control seguro, larga vida \u00fatil<\/p>\n<\/li>\n<\/ul>\n","protected":false},"featured_media":20165,"template":"","meta":[],"product_brand":[],"product_cat":[462],"product_tag":[],"class_list":{"0":"post-20161","1":"product","2":"type-product","3":"status-publish","4":"has-post-thumbnail","6":"product_cat-kontaktorler","8":"first","9":"instock","10":"taxable","11":"shipping-taxable","12":"purchasable","13":"product-type-simple"},"_links":{"self":[{"href":"https:\/\/ceoparts.com\/es\/wp-json\/wp\/v2\/product\/20161","targetHints":{"allow":["GET"]}}],"collection":[{"href":"https:\/\/ceoparts.com\/es\/wp-json\/wp\/v2\/product"}],"about":[{"href":"https:\/\/ceoparts.com\/es\/wp-json\/wp\/v2\/types\/product"}],"wp:featuredmedia":[{"embeddable":true,"href":"https:\/\/ceoparts.com\/es\/wp-json\/wp\/v2\/media\/20165"}],"wp:attachment":[{"href":"https:\/\/ceoparts.com\/es\/wp-json\/wp\/v2\/media?parent=20161"}],"wp:term":[{"taxonomy":"product_brand","embeddable":true,"href":"https:\/\/ceoparts.com\/es\/wp-json\/wp\/v2\/product_brand?post=20161"},{"taxonomy":"product_cat","embeddable":true,"href":"https:\/\/ceoparts.com\/es\/wp-json\/wp\/v2\/product_cat?post=20161"},{"taxonomy":"product_tag","embeddable":true,"href":"https:\/\/ceoparts.com\/es\/wp-json\/wp\/v2\/product_tag?post=20161"}],"curies":[{"name":"wp","href":"https:\/\/api.w.org\/{rel}","templated":true}]}}