{"id":20171,"date":"2025-12-06T11:50:08","date_gmt":"2025-12-06T08:50:08","guid":{"rendered":"https:\/\/ceoparts.com\/?post_type=product&#038;p=20171"},"modified":"2026-05-03T18:15:51","modified_gmt":"2026-05-03T15:15:51","slug":"hyster-kol-kablosu-2109451","status":"publish","type":"product","link":"https:\/\/ceoparts.com\/es\/urun\/hyster-kol-kablosu-2109451\/","title":{"rendered":"Cable de manija Hyster &#8211; 2109451"},"content":{"rendered":"<p>Cable de manija Hyster &#8211; 2109451<\/p>","protected":false},"excerpt":{"rendered":"<p data-start=\"3637\" data-end=\"3885\">El <strong data-start=\"3640\" data-end=\"3675\">cable de brazo Hyster \u2013 2109451<\/strong> es una pieza resistente que garantiza comunicaci\u00f3n segura y precisa entre el brazo del operador y el mecanismo de control en montacargas Hyster. Dise\u00f1o flexible y conductor de alta calidad para larga duraci\u00f3n.<\/p>\n<p data-start=\"3887\" data-end=\"3909\"><strong data-start=\"3887\" data-end=\"3907\">Caracter\u00edsticas:<\/strong><\/p>\n<ul data-start=\"3910\" data-end=\"4205\">\n<li data-start=\"3910\" data-end=\"3966\">\n<p data-start=\"3912\" data-end=\"3966\">Nombre del producto: Cable de brazo Hyster \u2013 2109451<\/p>\n<\/li>\n<li data-start=\"3967\" data-end=\"3995\">\n<p data-start=\"3969\" data-end=\"3995\">C\u00f3digo de pieza: 2109451<\/p>\n<\/li>\n<li data-start=\"3996\" data-end=\"4026\">\n<p data-start=\"3998\" data-end=\"4026\">Tipo: Cable brazo operador<\/p>\n<\/li>\n<li data-start=\"4027\" data-end=\"4083\">\n<p data-start=\"4029\" data-end=\"4083\">Material: Conductor flexible con cubierta resistente<\/p>\n<\/li>\n<li data-start=\"4084\" data-end=\"4142\">\n<p data-start=\"4086\" data-end=\"4142\">\u00c1rea de uso: Brazo del operador \u2013 mecanismo de control<\/p>\n<\/li>\n<li data-start=\"4143\" data-end=\"4205\">\n<p data-start=\"4145\" data-end=\"4205\">Ventajas: Control preciso, larga duraci\u00f3n, conexi\u00f3n segura<\/p>\n<\/li>\n<\/ul>\n","protected":false},"featured_media":20172,"template":"","meta":[],"product_brand":[],"product_cat":[469,256,520],"product_tag":[],"class_list":{"0":"post-20171","1":"product","2":"type-product","3":"status-publish","4":"has-post-thumbnail","6":"product_cat-elektrik-ve-sistem-parcalari","7":"product_cat-hyster","8":"product_cat-yedek-parca-hyster","10":"first","11":"instock","12":"taxable","13":"shipping-taxable","14":"purchasable","15":"product-type-simple"},"_links":{"self":[{"href":"https:\/\/ceoparts.com\/es\/wp-json\/wp\/v2\/product\/20171","targetHints":{"allow":["GET"]}}],"collection":[{"href":"https:\/\/ceoparts.com\/es\/wp-json\/wp\/v2\/product"}],"about":[{"href":"https:\/\/ceoparts.com\/es\/wp-json\/wp\/v2\/types\/product"}],"wp:featuredmedia":[{"embeddable":true,"href":"https:\/\/ceoparts.com\/es\/wp-json\/wp\/v2\/media\/20172"}],"wp:attachment":[{"href":"https:\/\/ceoparts.com\/es\/wp-json\/wp\/v2\/media?parent=20171"}],"wp:term":[{"taxonomy":"product_brand","embeddable":true,"href":"https:\/\/ceoparts.com\/es\/wp-json\/wp\/v2\/product_brand?post=20171"},{"taxonomy":"product_cat","embeddable":true,"href":"https:\/\/ceoparts.com\/es\/wp-json\/wp\/v2\/product_cat?post=20171"},{"taxonomy":"product_tag","embeddable":true,"href":"https:\/\/ceoparts.com\/es\/wp-json\/wp\/v2\/product_tag?post=20171"}],"curies":[{"name":"wp","href":"https:\/\/api.w.org\/{rel}","templated":true}]}}